{"id":975,"date":"2024-02-13T17:56:07","date_gmt":"2024-02-13T17:56:07","guid":{"rendered":"https:\/\/www.centerforkeypopulations.com\/?page_id=975"},"modified":"2026-01-30T13:14:00","modified_gmt":"2026-01-30T18:14:00","slug":"healthcare-for-the-homeless-2","status":"publish","type":"page","link":"https:\/\/www.centerforkeypopulations.com\/pl\/healthcare-for-the-homeless-2\/","title":{"rendered":"Opieka zdrowotna dla bezdomnych"},"content":{"rendered":"<h2 class=\"wp-block-heading\"><\/h2>\n\n\n\n<p>\ud83d\udcc6 <strong>Kalendarz<\/strong><br><iframe loading=\"lazy\" src=\"https:\/\/calendar.google.com\/calendar\/embed?src=c_7c8e94ce962c907d2f60054e9463ec888dd67e5986f071b299689916d5b3a44f%40group.calendar.google.com&amp;ctz=America%2FNew_York\" style=\"border: 0\" width=\"800\" height=\"600\" frameborder=\"0\" scrolling=\"no\"><\/iframe> <\/p>\n\n\n\n<div class=\"wp-block-columns is-layout-flex wp-container-core-columns-is-layout-9d6595d7 wp-block-columns-is-layout-flex\">\n<div class=\"wp-block-column is-layout-flow wp-block-column-is-layout-flow\"><\/div>\n\n\n\n<div class=\"wp-block-column is-layout-flow wp-block-column-is-layout-flow\"><\/div>\n<\/div>\n\n\n\n<div class=\"wp-block-spacer\" style=\"height: 30px;\" aria-hidden=\"true\">&nbsp;<\/div>\n\n\n\n<h3 class=\"wp-block-heading\"><strong>Program Mobilnej Jednostki Zdrowia<\/strong><\/h3>\n\n\n\n<div class=\"wp-block-columns is-layout-flex wp-container-core-columns-is-layout-9d6595d7 wp-block-columns-is-layout-flex\">\n<div class=\"wp-block-column is-layout-flow wp-block-column-is-layout-flow\">\n<p><strong>Przegl\u0105d<\/strong><br>Nasz program Mobile Health Unit (MHU) zapewnia opiek\u0119 zdrowotn\u0105 bezpo\u015brednio osobom w potrzebie, dzia\u0142aj\u0105c w r\u00f3\u017cnych \u015brodowiskach spo\u0142eczno\u015bciowych. Jeste\u015bmy dumni, \u017ce mo\u017cemy s\u0142u\u017cy\u0107 osobom bezdomnym i tym w niedostatecznie obs\u0142ugiwanych obszarach z godno\u015bci\u0105 i elastyczno\u015bci\u0105.<\/p>\n<\/div>\n\n\n\n<div class=\"wp-block-column is-layout-flow wp-block-column-is-layout-flow\"><div class=\"wp-block-image\">\n<figure class=\"alignright size-medium\"><img loading=\"lazy\" decoding=\"async\" width=\"300\" height=\"200\" src=\"https:\/\/www.centerforkeypopulations.com\/wp-content\/uploads\/2025\/06\/MHU-CHC-McKinney_20241120_53-300x200.jpg\" alt=\"\" class=\"wp-image-1318\" srcset=\"https:\/\/www.centerforkeypopulations.com\/wp-content\/uploads\/2025\/06\/MHU-CHC-McKinney_20241120_53-300x200.jpg 300w, https:\/\/www.centerforkeypopulations.com\/wp-content\/uploads\/2025\/06\/MHU-CHC-McKinney_20241120_53-768x512.jpg 768w, https:\/\/www.centerforkeypopulations.com\/wp-content\/uploads\/2025\/06\/MHU-CHC-McKinney_20241120_53-18x12.jpg 18w, https:\/\/www.centerforkeypopulations.com\/wp-content\/uploads\/2025\/06\/MHU-CHC-McKinney_20241120_53.jpg 1024w\" sizes=\"auto, (max-width: 300px) 100vw, 300px\" \/><\/figure>\n<\/div><\/div>\n<\/div>\n\n\n\n<p>\ud83d\uddbc\ufe0f <strong>Galeria<\/strong><br>Przekonaj si\u0119, jaki wp\u0142yw ma Program Mobilnej Opieki Zdrowotnej:<br><a href=\"https:\/\/chc1.photoshelter.com\/galleries\/C000035bfwcGa4q0\/G0000dRZ8IlraU6g\/MHU-Story-McKinney\">Zobacz galeri\u0119 zdj\u0119\u0107 MHU<\/a> i kilka cytat\u00f3w pacjent\u00f3w<\/p>\n\n\n\n<p>\ud83d\udce9 <strong>Skontaktuj si\u0119 z nami<\/strong><br>Aby dowiedzie\u0107 si\u0119 wi\u0119cej lub um\u00f3wi\u0107 si\u0119 na spotkanie, skontaktuj si\u0119 z:<br>Dzwoni\u0107 <strong>(475) 306-1418<\/strong><\/p>\n\n\n\n<h3 class=\"wp-block-heading\"><strong>Program Gdziekolwiek Jeste\u015b (WYA)<\/strong><\/h3>\n\n\n\n<p><strong>Przegl\u0105d<\/strong><br>The <em>Gdziekolwiek jeste\u015b (WYA)<\/em> program zapewnia opiek\u0119 medyczn\u0105 osobom do\u015bwiadczaj\u0105cym bezdomno\u015bci lub niestabilno\u015bci mieszkaniowej w niedostatecznie obs\u0142ugiwanych spo\u0142eczno\u015bciach w ca\u0142ym stanie Connecticut. Wsp\u00f3\u0142pracujemy z pacjentami, aby pom\u00f3c im osi\u0105gn\u0105\u0107 optymalne zdrowie, gdziekolwiek si\u0119 znajduj\u0105, praktykuj\u0105c filozofi\u0119 opieki polegaj\u0105c\u0105 na redukcji szk\u00f3d<\/p>\n\n\n\n<p>Licencjonowane przez <strong>Departament Zdrowia Publicznego Connecticut (DPH)<\/strong>, WYA dzia\u0142a w <strong>10 witryn spo\u0142eczno\u015bciowych<\/strong>, w tym:<\/p>\n\n\n\n<ul class=\"wp-block-list\">\n<li>Schroniska<\/li>\n\n\n\n<li>Banki \u017cywno\u015bci<\/li>\n\n\n\n<li>Schroniska dla ofiar przemocy domowej<\/li>\n<\/ul>\n\n\n\n<p>\ud83d\udccd <strong>Zaplanuj wizyt\u0119<\/strong><br>Dzwoni\u0107 <strong>(860) 622-1517<\/strong> aby um\u00f3wi\u0107 si\u0119 na wizyt\u0119 u lekarza \u2014 gdziekolwiek jeste\u015b.<\/p>\n\n\n\n<p>\ud83d\udce9 <strong>Skontaktuj si\u0119 z nami<\/strong><br>Aby uzyska\u0107 wi\u0119cej informacji na temat programu Wherever You Are, skontaktuj si\u0119 z:<\/p>\n\n\n\n<ul class=\"wp-block-list\">\n<li><strong>Joshua Beltre<\/strong>, Koordynator programu \u2013 beltrej@chc1.com<\/li>\n\n\n\n<li><strong>Marisol Velez<\/strong>Rzecznik zdrowia \u2013 velezma@chc1.com<\/li>\n<\/ul>\n\n\n\n<p><\/p>","protected":false},"excerpt":{"rendered":"<p>\ud83d\udcc6 Kalendarz Program Mobilnej Jednostki Zdrowia \u2013 Przegl\u0105d Nasz program Mobilnej Jednostki Zdrowia (MHU) zapewnia opiek\u0119 zdrowotn\u0105 bezpo\u015brednio osobom potrzebuj\u0105cym, dzia\u0142aj\u0105c w r\u00f3\u017cnych spo\u0142eczno\u015bciach. Z dum\u0105 s\u0142u\u017cymy osobom bezdomnym i mieszka\u0144com obszar\u00f3w o niedostatecznym dost\u0119pie, zapewniaj\u0105c im godno\u015b\u0107 i elastyczno\u015b\u0107. \ud83d\uddbc\ufe0f GaleriaPoczuj wp\u0142yw Mobilnego Programu Zdrowia:Zobacz galeri\u0119 zdj\u0119\u0107 MHU\u2026 <br \/> <a class=\"button small blue\" href=\"https:\/\/www.centerforkeypopulations.com\/pl\/pride\/\">Dowiedz si\u0119 wi\u0119cej<\/a><\/p>","protected":false},"author":15,"featured_media":0,"parent":0,"menu_order":0,"comment_status":"closed","ping_status":"closed","template":"","meta":{"footnotes":""},"class_list":["post-975","page","type-page","status-publish","hentry"],"_links":{"self":[{"href":"https:\/\/www.centerforkeypopulations.com\/pl\/wp-json\/wp\/v2\/pages\/975","targetHints":{"allow":["GET"]}}],"collection":[{"href":"https:\/\/www.centerforkeypopulations.com\/pl\/wp-json\/wp\/v2\/pages"}],"about":[{"href":"https:\/\/www.centerforkeypopulations.com\/pl\/wp-json\/wp\/v2\/types\/page"}],"author":[{"embeddable":true,"href":"https:\/\/www.centerforkeypopulations.com\/pl\/wp-json\/wp\/v2\/users\/15"}],"replies":[{"embeddable":true,"href":"https:\/\/www.centerforkeypopulations.com\/pl\/wp-json\/wp\/v2\/comments?post=975"}],"version-history":[{"count":28,"href":"https:\/\/www.centerforkeypopulations.com\/pl\/wp-json\/wp\/v2\/pages\/975\/revisions"}],"predecessor-version":[{"id":1417,"href":"https:\/\/www.centerforkeypopulations.com\/pl\/wp-json\/wp\/v2\/pages\/975\/revisions\/1417"}],"wp:attachment":[{"href":"https:\/\/www.centerforkeypopulations.com\/pl\/wp-json\/wp\/v2\/media?parent=975"}],"curies":[{"name":"wp","href":"https:\/\/api.w.org\/{rel}","templated":true}]}}