{"id":731,"date":"2023-03-06T01:58:29","date_gmt":"2023-03-06T01:58:29","guid":{"rendered":"https:\/\/www.centerforkeypopulations.com\/?page_id=731"},"modified":"2024-08-13T18:22:22","modified_gmt":"2024-08-13T22:22:22","slug":"new-horizons","status":"publish","type":"page","link":"https:\/\/www.centerforkeypopulations.com\/pl\/new-horizons\/","title":{"rendered":"Nowe Horyzonty"},"content":{"rendered":"<div class=\"wp-block-image\">\n<figure class=\"aligncenter size-full\"><img loading=\"lazy\" decoding=\"async\" width=\"972\" height=\"386\" src=\"https:\/\/www.centerforkeypopulations.com\/wp-content\/uploads\/2023\/03\/newhorizonsmerge.png\" alt=\"\" class=\"wp-image-733\" srcset=\"https:\/\/www.centerforkeypopulations.com\/wp-content\/uploads\/2023\/03\/newhorizonsmerge.png 972w, https:\/\/www.centerforkeypopulations.com\/wp-content\/uploads\/2023\/03\/newhorizonsmerge-300x119.png 300w, https:\/\/www.centerforkeypopulations.com\/wp-content\/uploads\/2023\/03\/newhorizonsmerge-768x305.png 768w\" sizes=\"auto, (max-width: 972px) 100vw, 972px\" \/><\/figure><\/div>\n\n\n<h4 class=\"wp-block-heading\">Nowe Horyzonty <strong>to ca\u0142odobowa organizacja non-profit, kt\u00f3ra od ponad 40 lat \u015bwiadczy us\u0142ugi osobom dotkni\u0119tym przemoc\u0105 domow\u0105 lub ze strony partnera. Od ca\u0142odobowej infolinii i schroniska po poradnictwo s\u0105dowe oraz grupy i programy dla spo\u0142eczno\u015bci \u2013 naszym celem jest pomaganie w znalezieniu rozwi\u0105za\u0144 dla os\u00f3b, kt\u00f3re do\u015bwiadczaj\u0105 przemocy domowej. <a href=\"https:\/\/www.newhorizonsdv.com\/domestic-violence\/\" data-type=\"URL\" data-id=\"https:\/\/www.newhorizonsdv.com\/domestic-violence\/\">Dowiedz si\u0119 wi\u0119cej o przemocy domowej (DV) lub przemocy ze strony partnera intymnego (IPV)<\/a>. <\/strong><\/h4>\n\n\n\n<h4 class=\"wp-block-heading\"><strong>Wi\u0119cej informacji na temat programu Nowe Horyzonty mo\u017cna uzyska\u0107 u Mened\u017cera Programu <a href=\"mailto:Sergeont@chc1.com?subject=Re: New Horizons\">Tajae <\/a><a href=\"mailtomailto:Sergeont@chc1.com\">Siergiej<\/a><\/strong><\/h4>\n\n\n\n<p class=\"has-text-align-center\" style=\"font-size:24px;font-style:normal;font-weight:800\">Infolinia us\u0142ug New Horizons dost\u0119pna 24 godziny na dob\u0119, 7 dni w tygodniu: 860-344-9599<\/p>\n\n\n\n<p class=\"has-text-align-center\">Tajae Sergeon, mened\u017cer programu (<a href=\"mailto:Sergeont@chc1.com\">Sergeont@chc1.com<\/a>)<\/p>\n\n\n\n<p class=\"has-text-align-center\">Tara Zimmerman, adwokat dla doros\u0142ych (<a href=\"mailto:zimmert@chc1.com\">zimmert@chc1.com<\/a>)<\/p>\n\n\n\n<p class=\"has-text-align-center\">Valarie Smith, adwokat ds. szybkiego przesiedlenia (<a href=\"mailto:smithv@chc1.com\">smithv@chc1.com<\/a>)<\/p>\n\n\n\n<p class=\"has-text-align-center\">Ana Aderca Rzecznik Praw Ofiar (<a href=\"mailto:adercaa@chc1.com\">adercaa@chc1.com<\/a>)<\/p>\n\n\n\n<p class=\"has-text-align-center\">Belmarys Barreto, rzecznik praw os\u00f3b doros\u0142ych (<a href=\"mailto:barretb@chc1.com\">barretb@chc1.com<\/a>)<\/p>\n\n\n\n<p class=\"has-text-align-center\">Joanna Cruz, rzecznik praw os\u00f3b doros\u0142ych (<a href=\"mailto:cruzjoa@chc1.com\">cruzjoa@chc1.com<\/a>)<\/p>\n\n\n\n<p class=\"has-text-align-center\">Lashanda Dove, adwokat doros\u0142ych (<a href=\"mailto:dovel@chc1.com\">dovel@chc1.com<\/a>)<\/p>\n\n\n\n<p class=\"has-text-align-center\">Donika Freeman, adwokat rodziny (<a href=\"mailto:freemad@chc1.com\">freemad@chc1.com<\/a>)<\/p>\n\n\n\n<p class=\"has-text-align-center\">Brandi Kennedy, rzecznik praw os\u00f3b doros\u0142ych (<a href=\"mailto:kennedb@chc1.com\">kennedb@chc1.com<\/a>)<\/p>\n\n\n\n<p class=\"has-text-align-center\">Brooke Maxfield, rzeczniczka pomocy spo\u0142ecznej i edukatorka (<a href=\"mailto:maxfieb@chc1.com\" target=\"_blank\" rel=\"noreferrer noopener\">maxfieb@chc1.com<\/a>)<\/p>\n\n\n\n<p class=\"has-text-align-center has-text-color\" style=\"color:#663399;font-size:22px;font-style:normal;font-weight:700\">Dodatkowe zasoby<\/p>\n\n\n\n<p class=\"has-text-align-center\"><strong>2-1-1<\/strong>  Lub <a href=\"http:\/\/www.211ct.org\" data-type=\"link\" data-id=\"www.211ct.org\">www.211ct.org<\/a><\/p>\n\n\n\n<p class=\"has-text-align-center\"><strong>Krajowa infolinia dotycz\u0105ca przemocy domowej: 800-799-7233<\/strong><\/p>\n\n\n\n<p class=\"has-text-align-center\"><strong>Centrum Kobiet i Rodziny<\/strong> pomaga s\u0142u\u017cbom kryzysowym dotycz\u0105cym przemocy na tle seksualnym w Meriden, Middletown i New Haven. <strong>203-235-4444<\/strong><\/p>\n\n\n\n<p class=\"has-text-align-center\"><strong>1-888-568-8332 (angielski)<\/strong><\/p>\n\n\n\n<p class=\"has-text-align-center\"><strong>1-888-568-8332 (po hiszpa\u0144sku)<\/strong><\/p>","protected":false},"excerpt":{"rendered":"<p>New Horizons to ca\u0142odobowa organizacja non-profit, kt\u00f3ra od ponad 40 lat \u015bwiadczy us\u0142ugi osobom dotkni\u0119tym przemoc\u0105 domow\u0105 lub ze strony partnera. Od ca\u0142odobowej infolinii i schronisk w nag\u0142ych wypadkach, po rzecznictwo s\u0105dowe oraz grupy i programy dla spo\u0142eczno\u015bci \u2013 naszym celem jest pomaganie w znalezieniu rozwi\u0105za\u0144 dla os\u00f3b, kt\u00f3re do\u015bwiadczaj\u0105\u2026 <br \/> <a class=\"button small blue\" href=\"https:\/\/www.centerforkeypopulations.com\/pl\/new-horizons\/\">Dowiedz si\u0119 wi\u0119cej<\/a><\/p>","protected":false},"author":15,"featured_media":0,"parent":0,"menu_order":0,"comment_status":"closed","ping_status":"closed","template":"","meta":{"footnotes":""},"class_list":["post-731","page","type-page","status-publish","hentry"],"_links":{"self":[{"href":"https:\/\/www.centerforkeypopulations.com\/pl\/wp-json\/wp\/v2\/pages\/731","targetHints":{"allow":["GET"]}}],"collection":[{"href":"https:\/\/www.centerforkeypopulations.com\/pl\/wp-json\/wp\/v2\/pages"}],"about":[{"href":"https:\/\/www.centerforkeypopulations.com\/pl\/wp-json\/wp\/v2\/types\/page"}],"author":[{"embeddable":true,"href":"https:\/\/www.centerforkeypopulations.com\/pl\/wp-json\/wp\/v2\/users\/15"}],"replies":[{"embeddable":true,"href":"https:\/\/www.centerforkeypopulations.com\/pl\/wp-json\/wp\/v2\/comments?post=731"}],"version-history":[{"count":7,"href":"https:\/\/www.centerforkeypopulations.com\/pl\/wp-json\/wp\/v2\/pages\/731\/revisions"}],"predecessor-version":[{"id":1072,"href":"https:\/\/www.centerforkeypopulations.com\/pl\/wp-json\/wp\/v2\/pages\/731\/revisions\/1072"}],"wp:attachment":[{"href":"https:\/\/www.centerforkeypopulations.com\/pl\/wp-json\/wp\/v2\/media?parent=731"}],"curies":[{"name":"wp","href":"https:\/\/api.w.org\/{rel}","templated":true}]}}