{"id":708,"date":"2023-02-28T22:02:03","date_gmt":"2023-02-28T22:02:03","guid":{"rendered":"https:\/\/www.centerforkeypopulations.com\/?page_id=708"},"modified":"2023-03-06T03:06:36","modified_gmt":"2023-03-06T03:06:36","slug":"path-program","status":"publish","type":"page","link":"https:\/\/www.centerforkeypopulations.com\/pl\/path-program\/","title":{"rendered":"Program PATH"},"content":{"rendered":"<div class=\"wp-block-group\"><div class=\"wp-block-group__inner-container is-layout-constrained wp-block-group-is-layout-constrained\">\n<p><strong>Program PATH adresowany jest do os\u00f3b przewlekle bezdomnych cierpi\u0105cych na choroby psychiczne. Us\u0142ugi \u015bwiadczone w ramach programu PATH obejmuj\u0105:<\/strong><\/p>\n\n\n\n<ul class=\"wp-block-list\">\n<li><strong>Kompleksowa opieka zdrowotna<\/strong><\/li>\n\n\n\n<li><strong>Leczenie zdrowia psychicznego<\/strong><\/li>\n\n\n\n<li><strong>Zarzadzanie spraw\u0105<\/strong><\/li>\n\n\n\n<li><strong>Leczenie uzale\u017cnienia od substancji<\/strong><\/li>\n\n\n\n<li><strong>Skierowania do schronienia i tanich mieszka\u0144<\/strong><\/li>\n\n\n\n<li><strong>Trening rehabilitacyjny w zakresie umiej\u0119tno\u015bci spo\u0142ecznych i zatrudnienia<\/strong><\/li>\n\n\n\n<li><strong>Us\u0142ugi prawne<\/strong><\/li>\n<\/ul>\n<\/div><\/div>\n\n\n\n<hr class=\"wp-block-separator has-alpha-channel-opacity\"\/>\n\n\n\n<h4 class=\"has-text-color wp-block-heading\" style=\"color:#ff6600\">Aby uzyska\u0107 wi\u0119cej informacji na temat programu PATH, skontaktuj si\u0119 z Sherrie Frechette, CBS Case Manager, (860) 347-6971 x3903, (<a href=\"mailto:frechs@chc1.com\" target=\"_blank\" rel=\"noreferrer noopener\">frechs@chc1.com<\/a>)<\/h4>","protected":false},"excerpt":{"rendered":"<p>Program PATH adresowany jest do os\u00f3b przewlekle bezdomnych cierpi\u0105cych na choroby psychiczne. Us\u0142ugi \u015bwiadczone w ramach programu PATH obejmuj\u0105: Aby uzyska\u0107 wi\u0119cej informacji na temat programu PATH, skontaktuj si\u0119 z Sherrie Frechette, mened\u017cerk\u0105 ds. przypadk\u00f3w CBS, (860) 347-6971 x3903, (frechs@chc1.com)<\/p>","protected":false},"author":15,"featured_media":0,"parent":0,"menu_order":0,"comment_status":"closed","ping_status":"closed","template":"","meta":{"footnotes":""},"class_list":["post-708","page","type-page","status-publish","hentry"],"_links":{"self":[{"href":"https:\/\/www.centerforkeypopulations.com\/pl\/wp-json\/wp\/v2\/pages\/708","targetHints":{"allow":["GET"]}}],"collection":[{"href":"https:\/\/www.centerforkeypopulations.com\/pl\/wp-json\/wp\/v2\/pages"}],"about":[{"href":"https:\/\/www.centerforkeypopulations.com\/pl\/wp-json\/wp\/v2\/types\/page"}],"author":[{"embeddable":true,"href":"https:\/\/www.centerforkeypopulations.com\/pl\/wp-json\/wp\/v2\/users\/15"}],"replies":[{"embeddable":true,"href":"https:\/\/www.centerforkeypopulations.com\/pl\/wp-json\/wp\/v2\/comments?post=708"}],"version-history":[{"count":1,"href":"https:\/\/www.centerforkeypopulations.com\/pl\/wp-json\/wp\/v2\/pages\/708\/revisions"}],"predecessor-version":[{"id":709,"href":"https:\/\/www.centerforkeypopulations.com\/pl\/wp-json\/wp\/v2\/pages\/708\/revisions\/709"}],"wp:attachment":[{"href":"https:\/\/www.centerforkeypopulations.com\/pl\/wp-json\/wp\/v2\/media?parent=708"}],"curies":[{"name":"wp","href":"https:\/\/api.w.org\/{rel}","templated":true}]}}