{"id":63,"date":"2018-01-25T18:38:16","date_gmt":"2018-01-25T18:38:16","guid":{"rendered":"https:\/\/www.centerforkeypopulations.com\/?page_id=63"},"modified":"2026-02-16T11:57:10","modified_gmt":"2026-02-16T16:57:10","slug":"the-center","status":"publish","type":"page","link":"https:\/\/www.centerforkeypopulations.com\/pl\/the-center\/","title":{"rendered":"O Centrum"},"content":{"rendered":"<div class=\"wp-block-image\">\n<figure class=\"aligncenter size-full\"><img loading=\"lazy\" decoding=\"async\" width=\"540\" height=\"146\" src=\"https:\/\/www.centerforkeypopulations.com\/wp-content\/uploads\/2024\/08\/CHC.jpg\" alt=\"\" class=\"wp-image-1068\" style=\"object-fit:cover\" srcset=\"https:\/\/www.centerforkeypopulations.com\/wp-content\/uploads\/2024\/08\/CHC.jpg 540w, https:\/\/www.centerforkeypopulations.com\/wp-content\/uploads\/2024\/08\/CHC-300x81.jpg 300w, https:\/\/www.centerforkeypopulations.com\/wp-content\/uploads\/2024\/08\/CHC-18x5.jpg 18w\" sizes=\"auto, (max-width: 540px) 100vw, 540px\" \/><\/figure><\/div>\n\n\n<div style=\"height:15px\" aria-hidden=\"true\" class=\"wp-block-spacer\"><\/div>\n\n\n\n<p>Centrum Kluczowych Populacji (CKP) to program&nbsp;<a href=\"http:\/\/chc1.com\/\" target=\"_blank\" rel=\"noreferrer noopener\">Spo\u0142eczne Centrum Zdrowia, Inc.<\/a>&nbsp;(CHC), najwi\u0119kszy o\u015brodek zdrowia w Connecticut, kt\u00f3ry uzyska\u0142 uprawnienia federalne, gdzie \u201eopieka zdrowotna jest prawem, a nie przywilejem\u201d.<\/p>\n\n\n\n<p>Poprzez dost\u0119p do wysokiej jako\u015bci podstawowej i specjalistycznej opieki zdrowotnej CKP d\u0105\u017cy do usuni\u0119cia barier dla kompleksowej, pe\u0142nej szacunku, opartej na dowodach opieki dla kluczowych populacji w naszych spo\u0142eczno\u015bciach. Wsp\u00f3\u0142pracujemy z CHC w ca\u0142ym spektrum opieki zdrowotnej, w tym w zakresie zdrowia mobilnego, poprawy jako\u015bci, szkole\u0144 i edukacji oraz bada\u0144, aby pom\u00f3c zmieni\u0107 \u017cycie pacjent\u00f3w, kt\u00f3rym s\u0142u\u017cymy.<\/p>\n\n\n\n<p>Je\u015bli potrzebujesz wi\u0119cej informacji na temat naszych us\u0142ug, zadzwo\u0144 do nas bezpo\u015brednio pod numer (860) 347-6971, x3900.<\/p>\n\n\n<div class=\"wp-block-image\">\n<figure class=\"aligncenter size-full is-resized\"><img loading=\"lazy\" decoding=\"async\" width=\"536\" height=\"495\" src=\"https:\/\/www.centerforkeypopulations.com\/wp-content\/uploads\/2023\/01\/Center-for-Key-Populations.jpg\" alt=\"\" class=\"wp-image-655\" style=\"width:366px;height:338px\" srcset=\"https:\/\/www.centerforkeypopulations.com\/wp-content\/uploads\/2023\/01\/Center-for-Key-Populations.jpg 536w, https:\/\/www.centerforkeypopulations.com\/wp-content\/uploads\/2023\/01\/Center-for-Key-Populations-300x277.jpg 300w\" sizes=\"auto, (max-width: 536px) 100vw, 536px\" \/><\/figure><\/div>\n\n\n<h3 class=\"wp-block-heading has-text-align-center\"><br><strong>Zesp\u00f3\u0142 kierowniczy<\/strong><\/h3>\n\n\n<div class=\"wp-block-image\">\n<figure class=\"aligncenter size-full is-resized\"><img loading=\"lazy\" decoding=\"async\" width=\"800\" height=\"800\" src=\"https:\/\/www.centerforkeypopulations.com\/wp-content\/uploads\/2020\/07\/cropped-CHC-Harding-K0012-scaled-1.jpg\" alt=\"\" class=\"wp-image-498\" style=\"width:204px;height:204px\" srcset=\"https:\/\/www.centerforkeypopulations.com\/wp-content\/uploads\/2020\/07\/cropped-CHC-Harding-K0012-scaled-1.jpg 800w, https:\/\/www.centerforkeypopulations.com\/wp-content\/uploads\/2020\/07\/cropped-CHC-Harding-K0012-scaled-1-300x300.jpg 300w, https:\/\/www.centerforkeypopulations.com\/wp-content\/uploads\/2020\/07\/cropped-CHC-Harding-K0012-scaled-1-150x150.jpg 150w, https:\/\/www.centerforkeypopulations.com\/wp-content\/uploads\/2020\/07\/cropped-CHC-Harding-K0012-scaled-1-768x768.jpg 768w\" sizes=\"auto, (max-width: 800px) 100vw, 800px\" \/><\/figure><\/div>\n\n\n<p class=\"has-text-align-center\"><strong>Kasey Harding, MPH<br>Dyrektor<\/strong><\/p>\n\n\n\n<p class=\"has-text-align-left\"><br>Kasey rozpocz\u0119\u0142a swoj\u0105 karier\u0119 w CHC jako Dyrektor Programu HIV Ryan White. Od tego czasu przej\u0119\u0142a administracyjn\u0105 i programow\u0105 odpowiedzialno\u015b\u0107 za programy takie jak Opieka Zdrowotna dla Bezdomnych (WYA), Wirusowe zapalenie w\u0105troby typu C i Migrant Farm Programs. By\u0142a odpowiedzialna za rozw\u00f3j i wdra\u017canie program\u00f3w profilaktyki HIV i PrEP w CHC, \u015bwiadcz\u0105c us\u0142ugi opieki zdrowotnej dla wra\u017cliwych populacji. Ostatnio Kasey obj\u0105\u0142 stanowisko dyrektora ds. przemocy domowej w CHC New Horizon, w tym nadz\u00f3r nad schroniskiem New Horizons. Kasey jest trenerem doskonalenia jako\u015bci wyszkolonym w Dartmouth, kt\u00f3ry wsp\u00f3\u0142pracuje z programami krajowymi i mi\u0119dzynarodowymi, aby szkoli\u0107 zespo\u0142y w celu poprawy opieki nad kluczowymi populacjami, kt\u00f3re do\u015bwiadczaj\u0105 dysproporcji zdrowotnych w ramach kontinuum opieki.<\/p>\n\n\n<div class=\"wp-block-image\">\n<figure class=\"aligncenter size-full is-resized\"><img loading=\"lazy\" decoding=\"async\" width=\"800\" height=\"800\" src=\"https:\/\/www.centerforkeypopulations.com\/wp-content\/uploads\/2018\/01\/cropped-180112-1866.jpg\" alt=\"\" class=\"wp-image-59\" style=\"width:211px;height:211px\" srcset=\"https:\/\/www.centerforkeypopulations.com\/wp-content\/uploads\/2018\/01\/cropped-180112-1866.jpg 800w, https:\/\/www.centerforkeypopulations.com\/wp-content\/uploads\/2018\/01\/cropped-180112-1866-150x150.jpg 150w, https:\/\/www.centerforkeypopulations.com\/wp-content\/uploads\/2018\/01\/cropped-180112-1866-300x300.jpg 300w, https:\/\/www.centerforkeypopulations.com\/wp-content\/uploads\/2018\/01\/cropped-180112-1866-768x768.jpg 768w\" sizes=\"auto, (max-width: 800px) 100vw, 800px\" \/><\/figure><\/div>\n\n\n<p class=\"has-text-align-center\"><strong>Marwan Haddad, MD, MPH<br>Dyrektor medyczny<\/strong><\/p>\n\n\n\n<p>Dr Haddad jest dyrektorem medycznym Centrum Kluczowych Populacji. Uzyska\u0142 tytu\u0142 licencjata (Bachelor of Arts) na Harvard College oraz tytu\u0142 lekarza na Uniwersytecie McGilla. Uko\u0144czy\u0142 rezydentur\u0119 z medycyny rodzinnej na Uniwersytecie w Toronto i uzyska\u0142 tytu\u0142 magistra zdrowia publicznego na Uniwersytecie Johnsa Hopkinsa. Posiada certyfikat specjalisty medycyny rodzinnej. Posiada certyfikat Ameryka\u0144skiej Akademii Medycyny HIV jako specjalista ds. HIV. Od stycznia 2012 roku dr Haddad kieruje programami Weitzman ECHO Key Populations i MOUD, kt\u00f3re rozszerzaj\u0105 integracj\u0119 tych program\u00f3w nie tylko w ramach CHC, ale w ca\u0142ym kraju.<\/p>\n\n\n\n<div style=\"height:20px\" aria-hidden=\"true\" class=\"wp-block-spacer\"><\/div>","protected":false},"excerpt":{"rendered":"<p>Center for Key Populations (CKP) to program Community Health Center, Inc. (CHC), najwi\u0119kszego federalnie kwalifikowanego o\u015brodka zdrowia w Connecticut, gdzie \u201eopieka zdrowotna jest prawem, a nie przywilejem\u201d. Poprzez dost\u0119p do wysokiej jako\u015bci podstawowej i specjalistycznej opieki zdrowotnej CKP d\u0105\u017cy do usuwania barier w dost\u0119pie do kompleksowej, pe\u0142nej szacunku, opartej na dowodach opieki dla kluczowych populacji w naszych spo\u0142eczno\u015bciach. Wsp\u00f3\u0142pracujemy z\u2026 <br \/> <a class=\"button small blue\" href=\"https:\/\/www.centerforkeypopulations.com\/pl\/the-center\/\">Dowiedz si\u0119 wi\u0119cej<\/a><\/p>","protected":false},"author":15,"featured_media":0,"parent":0,"menu_order":0,"comment_status":"closed","ping_status":"closed","template":"","meta":{"footnotes":""},"class_list":["post-63","page","type-page","status-publish","hentry"],"_links":{"self":[{"href":"https:\/\/www.centerforkeypopulations.com\/pl\/wp-json\/wp\/v2\/pages\/63","targetHints":{"allow":["GET"]}}],"collection":[{"href":"https:\/\/www.centerforkeypopulations.com\/pl\/wp-json\/wp\/v2\/pages"}],"about":[{"href":"https:\/\/www.centerforkeypopulations.com\/pl\/wp-json\/wp\/v2\/types\/page"}],"author":[{"embeddable":true,"href":"https:\/\/www.centerforkeypopulations.com\/pl\/wp-json\/wp\/v2\/users\/15"}],"replies":[{"embeddable":true,"href":"https:\/\/www.centerforkeypopulations.com\/pl\/wp-json\/wp\/v2\/comments?post=63"}],"version-history":[{"count":20,"href":"https:\/\/www.centerforkeypopulations.com\/pl\/wp-json\/wp\/v2\/pages\/63\/revisions"}],"predecessor-version":[{"id":1427,"href":"https:\/\/www.centerforkeypopulations.com\/pl\/wp-json\/wp\/v2\/pages\/63\/revisions\/1427"}],"wp:attachment":[{"href":"https:\/\/www.centerforkeypopulations.com\/pl\/wp-json\/wp\/v2\/media?parent=63"}],"curies":[{"name":"wp","href":"https:\/\/api.w.org\/{rel}","templated":true}]}}