{"id":5,"date":"2018-01-24T21:56:46","date_gmt":"2018-01-24T21:56:46","guid":{"rendered":"https:\/\/www.centerforkeypopulations.com\/one-page-express\/"},"modified":"2026-02-16T11:56:21","modified_gmt":"2026-02-16T16:56:21","slug":"one-page-express","status":"publish","type":"page","link":"https:\/\/www.centerforkeypopulations.com\/pl\/","title":{"rendered":"Dom"},"content":{"rendered":"<div id=\"about-1\" class=\"about-big-images-section\" style=\"background-color: #ffffff; background-image: none;\" data-id=\"about-big-images-section\" data-label=\"About\" data-category=\"about\" data-ovid=\"ovid-about-1-87\">\n<div>\n<div class=\"about-big-images-textrow\">\n<div class=\"about-big-images-textcol dynamic-color\" data-type=\"column\">\n<h3 class=\"\"><span style=\"color: #00ccff;\"><strong>DLACZEGO TU JESTE\u015aMY<\/strong><\/span><\/h3>\n<h3 class=\"\"><span style=\"color: #333333;\">Aby to zagwarantowa\u0107\u00a0<span style=\"color: #00ccff;\"><strong>kluczowe populacje<\/strong> <\/span>w spo\u0142eczno\u015bciach, kt\u00f3rym s\u0142u\u017cymy, maj\u0105 centralne i sp\u00f3jne skupienie w Community Health Center, Inc.<\/span><\/h3>\n<\/div>\n<\/div>\n<\/div>\n<div class=\"about-big-images-bottomrow\">\n<div class=\"about-big-images-leftimgcol\"><img decoding=\"async\" class=\"about-big-images-leftimg\" src=\"https:\/\/www.centerforkeypopulations.com\/wp-content\/uploads\/2018\/01\/140609_2872.jpg\" \/><\/div>\n<div class=\"about-big-images-centerimgcol\"><img decoding=\"async\" class=\"about-big-images-centerimg\" src=\"https:\/\/www.centerforkeypopulations.com\/wp-content\/uploads\/2018\/01\/100411-983-1.jpg\" \/><\/div>\n<div class=\"about-big-images-rightimgcol\"><img decoding=\"async\" class=\"about-big-images-rightimg\" src=\"https:\/\/www.centerforkeypopulations.com\/wp-content\/uploads\/2018\/01\/100411-2116.jpg\" \/><\/div>\n<\/div>\n<\/div>\n<div id=\"numbers\" class=\"numbers-section\" data-id=\"numbers-section\" data-label=\"Numbers\" data-category=\"numbers\" data-bg=\"transparent\" data-parallax-depth=\"20\">\n<div class=\"dynamic-color gridContainer\">\n<div class=\"numbers-itemcol\">\n<h2 class=\"numbers-numbertext\"><span style=\"color: #ffffff;\">11,8 mln<\/span><\/h2>\n<h3 class=\"numbers-titletext\"><span style=\"color: #ffffff;\">NADU\u017bYWANIE OPIOID\u00d3W<\/span><\/h3>\n<\/div>\n<div class=\"numbers-itemcol\">\n<h2 class=\"numbers-numbertext\"><span style=\"color: #ffffff;\">3,2 miliona<\/span><\/h2>\n<h3 class=\"numbers-titletext\"><span style=\"color: #ffffff;\">MA ZAPALENIE W\u0104TROBY C<\/span><\/h3>\n<\/div>\n<div class=\"numbers-itemcol-last\">\n<h2 class=\"numbers-numbertext\"><span style=\"color: #ffffff;\">1.2 miliona<\/span><\/h2>\n<h3 class=\"numbers-titletext\"><span style=\"color: #ffffff;\">\u017bY\u0106 Z HIV<\/span><\/h3>\n<\/div>\n<\/div>\n<\/div>\n<div id=\"programs\" class=\"portfolio-cards-section content-relative\" style=\"background-color: #ffffff; background-image: none; background-size: cover; background-position: center top;\" data-id=\"portfolio-cards-section\" data-label=\"Programs\" data-category=\"portfolio\" data-ovid=\"ovid-programs-117\">\n<div class=\"gridContainer\">\n<div class=\"portfolio-cards-textcol dynamic-color\" data-type=\"column\">\n<h2 class=\"\"><span style=\"color: #00ccff;\"><strong>Nasze programy<\/strong><\/span><\/h2>\n<h4 class=\"\"><span style=\"color: #800080;\"><strong>Opieka podstawowa, opieka specjalistyczna i rzecznictwo, wszystko pod jednym dachem!<\/strong><\/span><\/h4>\n<\/div>\n<div class=\"portfolio-cards-projectsro dark-text\" data-type=\"row\">\n<div class=\"portfolio-cards-projectcol cp6cols-tablet cp3cols\">\n<div class=\"portfolio-cards-projectcard\">\n<div id=\"ContentSwap104\" class=\"contentswap-effect ContentSwap104\">\n<div class=\"ContentSwap104_content initial-image\"><img decoding=\"async\" class=\"portfolio-cards-projectimg\" src=\"https:\/\/www.centerforkeypopulations.com\/wp-content\/uploads\/2023\/03\/ckp-aids-day.jpg\" data-size=\"1200x800\" \/><\/div>\n<div class=\"overlay\" style=\"display: block; opacity: 1;\"><\/div>\n<div class=\"swap-inner\" style=\"opacity: 1; display: block;\">\n<div class=\"ContentSwap104-center\"><\/div>\n<\/div>\n<\/div>\n<div class=\"portfolio-cards-projectinfo\">\n<div class=\"portfolio-cards-projnamecol\" data-type=\"column\">\n<h4 class=\"portfolio-cards-projtitle\"><a class=\"\" href=\"https:\/\/www.centerforkeypopulations.com\/pl\/community-based-services-program\/\" target=\"_self\" rel=\"noopener noreferrer\">Program us\u0142ug spo\u0142eczno\u015bciowych<\/a><\/h4>\n<\/div>\n<\/div>\n<\/div>\n<\/div>\n<div class=\"portfolio-cards-projectcol cp6cols-tablet cp3cols\">\n<div class=\"portfolio-cards-projectcard\">\n<div id=\"ContentSwap104\" class=\"contentswap-effect ContentSwap104\">\n<div class=\"ContentSwap104_content initial-image\"><img decoding=\"async\" class=\"portfolio-cards-projectimg\" src=\"https:\/\/www.centerforkeypopulations.com\/wp-content\/uploads\/2025\/07\/dignitygrows-icon-logo-1200x800-1.webp\" data-size=\"1200x800\" \/><\/div>\n<div class=\"overlay\" style=\"display: block; opacity: 1;\"><\/div>\n<div class=\"swap-inner\" style=\"opacity: 1; display: block;\">\n<div class=\"ContentSwap104-center\"><\/div>\n<\/div>\n<\/div>\n<div class=\"portfolio-cards-projectinfo\">\n<div class=\"portfolio-cards-projnamecol\" data-type=\"column\">\n<h4 class=\"portfolio-cards-projtitle\"><a class=\"\" href=\"https:\/\/www.centerforkeypopulations.com\/pl\/dignitygrows\/\" target=\"_self\" rel=\"noopener noreferrer\">Godno\u015b\u0107 ro\u015bnie<\/a><\/h4>\n<\/div>\n<\/div>\n<\/div>\n<\/div>\n<div class=\"portfolio-cards-projectcol cp6cols-tablet cp3cols\">\n<div class=\"portfolio-cards-projectcard\">\n<div id=\"ContentSwap104\" class=\"contentswap-effect ContentSwap104\">\n<div class=\"ContentSwap104_content initial-image\"><img decoding=\"async\" class=\"portfolio-cards-projectimg\" src=\"https:\/\/www.centerforkeypopulations.com\/wp-content\/uploads\/2018\/01\/140609_1929.jpg\" data-size=\"1200x800\" \/><\/div>\n<div class=\"overlay\" style=\"display: block; opacity: 1;\"><\/div>\n<div class=\"swap-inner\" style=\"opacity: 1; display: block;\">\n<div class=\"ContentSwap104-center\"><\/div>\n<\/div>\n<\/div>\n<div class=\"portfolio-cards-projectinfo\">\n<div class=\"portfolio-cards-projnamecol\" data-type=\"column\">\n<h4 class=\"portfolio-cards-projtitle\"><a class=\"\" href=\"https:\/\/www.centerforkeypopulations.com\/pl\/hiv-prep-pre-exposure-prophylaxis-or-pep-post-exposure-prophylactic\/\" target=\"_self\" rel=\"noopener noreferrer\">HIV PrEP (profilaktyka przedekspozycyjna) i PEP (profilaktyka poekspozycyjna)<\/a><\/h4>\n<\/div>\n<\/div>\n<\/div>\n<\/div>\n<div class=\"portfolio-cards-projectcol cp6cols-tablet cp3cols\">\n<div class=\"portfolio-cards-projectcard\">\n<div id=\"ContentSwap104\" class=\"contentswap-effect ContentSwap104\">\n<div class=\"ContentSwap104_content initial-image\"><img decoding=\"async\" class=\"portfolio-cards-projectimg\" src=\"https:\/\/www.centerforkeypopulations.com\/wp-content\/uploads\/2018\/01\/cropped-140609_720.jpg\" data-size=\"1200x800\" \/><\/div>\n<div class=\"overlay\" style=\"display: block; opacity: 1;\"><\/div>\n<div class=\"swap-inner\" style=\"opacity: 1; display: block;\">\n<div class=\"ContentSwap104-center\"><\/div>\n<\/div>\n<\/div>\n<div class=\"portfolio-cards-projectinfo\">\n<div class=\"portfolio-cards-projnamecol\" data-type=\"column\">\n<h4 class=\"portfolio-cards-projtitle\"><a class=\"\" href=\"https:\/\/www.centerforkeypopulations.com\/pl\/hiv-primary-care-testing\/\" target=\"_self\" rel=\"noopener noreferrer\">HIV\/AIDS Podstawowa opieka zdrowotna i us\u0142ugi Ryana White&#039;a w zakresie HIV\/AIDS<\/a><\/h4>\n<\/div>\n<\/div>\n<\/div>\n<\/div>\n<div class=\"portfolio-cards-projectcol cp6cols-tablet cp3cols\">\n<div class=\"portfolio-cards-projectcard\">\n<div id=\"ContentSwap104\" class=\"contentswap-effect ContentSwap104\">\n<div class=\"ContentSwap104_content initial-image\"><a href=\"https:\/\/www.centerforkeypopulations.com\/pl\/maternal-mobile-health\/\"><img decoding=\"async\" class=\"portfolio-cards-projectimg\" src=\"\/wp-content\/uploads\/2025\/06\/maternity-MHU-sign.jpg\" data-size=\"1200x800\" \/><\/a><\/div>\n<div class=\"overlay\" style=\"display: block; opacity: 1;\"><\/div>\n<div class=\"swap-inner\" style=\"opacity: 1; display: block;\">\n<div class=\"ContentSwap104-center\"><\/div>\n<\/div>\n<\/div>\n<div class=\"portfolio-cards-projectinfo\">\n<div class=\"portfolio-cards-projnamecol\" data-type=\"column\">\n<h4 class=\"portfolio-cards-projtitle\"><a class=\"\" href=\"https:\/\/www.centerforkeypopulations.com\/pl\/maternal-mobile-health\/\" target=\"_self\" rel=\"noopener noreferrer\">Mobilna opieka zdrowotna dla matek<\/a><\/h4>\n<\/div>\n<\/div>\n<\/div>\n<\/div>\n<div class=\"portfolio-cards-projectcol cp6cols-tablet cp3cols\">\n<div class=\"portfolio-cards-projectcard\">\n<div id=\"ContentSwap104\" class=\"contentswap-effect ContentSwap104\">\n<div class=\"ContentSwap104_content initial-image\"><img decoding=\"async\" class=\"portfolio-cards-projectimg\" src=\"https:\/\/www.centerforkeypopulations.com\/wp-content\/uploads\/2024\/02\/MHU-Calendar-Homepage-item_2000x1335.png\" data-size=\"1200x800\" \/><\/div>\n<div class=\"overlay\" style=\"display: block; opacity: 1;\"><\/div>\n<div class=\"swap-inner\" style=\"opacity: 1; display: block;\">\n<div class=\"ContentSwap104-center\"><\/div>\n<\/div>\n<\/div>\n<div class=\"portfolio-cards-projectinfo\">\n<div class=\"portfolio-cards-projnamecol\" data-type=\"column\">\n<h4 class=\"portfolio-cards-projtitle\"><a class=\"\" href=\"https:\/\/www.centerforkeypopulations.com\/pl\/healthcare-for-the-homeless-2\/#mhucalendar\" target=\"_self\" rel=\"noopener noreferrer\">Program i kalendarz Mobilnej Jednostki Zdrowia<\/a><\/h4>\n<\/div>\n<\/div>\n<\/div>\n<\/div>\n<div class=\"portfolio-cards-projectcol cp6cols-tablet cp3cols\">\n<div class=\"portfolio-cards-projectcard\">\n<div id=\"ContentSwap104\" class=\"contentswap-effect ContentSwap104\">\n<div class=\"ContentSwap104_content initial-image\"><img decoding=\"async\" class=\"portfolio-cards-projectimg\" src=\"https:\/\/www.centerforkeypopulations.com\/wp-content\/uploads\/2023\/03\/New-Horizons_CKP.png\" data-size=\"1200x800\" \/><\/div>\n<div class=\"overlay\" style=\"display: block; opacity: 1;\"><\/div>\n<div class=\"swap-inner\" style=\"opacity: 1; display: block;\">\n<div class=\"ContentSwap104-center\"><\/div>\n<\/div>\n<\/div>\n<div class=\"portfolio-cards-projectinfo\">\n<div class=\"portfolio-cards-projnamecol\" data-type=\"column\">\n<h4 class=\"portfolio-cards-projtitle\"><a class=\"\" href=\"https:\/\/www.centerforkeypopulations.com\/pl\/new-horizons\/\" target=\"_self\" rel=\"noopener noreferrer\">Nowe Horyzonty<\/a><\/h4>\n<\/div>\n<\/div>\n<\/div>\n<\/div>\n<div class=\"portfolio-cards-projectcol cp6cols-tablet cp3cols\">\n<div class=\"portfolio-cards-projectcard\">\n<div id=\"ContentSwap104\" class=\"contentswap-effect ContentSwap104\">\n<div class=\"ContentSwap104_content initial-image\"><img decoding=\"async\" class=\"portfolio-cards-projectimg\" src=\"https:\/\/www.centerforkeypopulations.com\/wp-content\/uploads\/2018\/03\/100411-1650.jpg\" data-size=\"1200x800\" \/><\/div>\n<div class=\"overlay\" style=\"display: block; opacity: 1;\"><\/div>\n<div class=\"swap-inner\" style=\"opacity: 1; display: block;\">\n<div class=\"ContentSwap104-center\"><\/div>\n<\/div>\n<\/div>\n<div class=\"portfolio-cards-projectinfo\">\n<div class=\"portfolio-cards-projnamecol\" data-type=\"column\">\n<h4 class=\"portfolio-cards-projtitle\"><a class=\"\" href=\"https:\/\/www.centerforkeypopulations.com\/pl\/oasis-drop-in-center\/\" target=\"_self\" rel=\"noopener noreferrer\">Oaza<\/a><\/h4>\n<\/div>\n<\/div>\n<\/div>\n<\/div>\n<div class=\"portfolio-cards-projectcol cp6cols-tablet cp3cols\">\n<div class=\"portfolio-cards-projectcard\">\n<div id=\"ContentSwap104\" class=\"contentswap-effect ContentSwap104\">\n<div class=\"ContentSwap104_content initial-image\"><img decoding=\"async\" class=\"portfolio-cards-projectimg\" src=\"https:\/\/www.centerforkeypopulations.com\/wp-content\/uploads\/2023\/03\/iStock-1359965342.jpg\" data-size=\"1200x800\" \/><\/div>\n<div class=\"overlay\" style=\"display: block; opacity: 1;\"><\/div>\n<div class=\"swap-inner\" style=\"opacity: 1; display: block;\">\n<div class=\"ContentSwap104-center\"><\/div>\n<\/div>\n<\/div>\n<div class=\"portfolio-cards-projectinfo\">\n<div class=\"portfolio-cards-projnamecol\" data-type=\"column\">\n<h4 class=\"portfolio-cards-projtitle\"><a class=\"\" href=\"https:\/\/www.centerforkeypopulations.com\/pl\/path-program\/\" target=\"_self\" rel=\"noopener noreferrer\">\u015aCIE\u017bKA<\/a><\/h4>\n<\/div>\n<\/div>\n<\/div>\n<\/div>\n<div class=\"portfolio-cards-projectcol cp6cols-tablet cp3cols color6\">\n<div class=\"portfolio-cards-projectcard\">\n<div id=\"ContentSwap104\" class=\"contentswap-effect ContentSwap104\">\n<div class=\"ContentSwap104_content initial-image\"><img decoding=\"async\" class=\"portfolio-cards-projectimg\" src=\"https:\/\/www.centerforkeypopulations.com\/wp-content\/uploads\/2018\/03\/cropped-100411-1171.jpg\" data-size=\"1200x800\" \/><\/div>\n<div class=\"overlay\" style=\"display: block; opacity: 1;\"><\/div>\n<div class=\"swap-inner\" style=\"opacity: 1; display: block;\">\n<div class=\"ContentSwap104-center\"><\/div>\n<\/div>\n<\/div>\n<div class=\"portfolio-cards-projectinfo\">\n<div class=\"portfolio-cards-projnamecol\" data-type=\"column\">\n<h4 class=\"portfolio-cards-projtitle\"><a class=\"\" href=\"https:\/\/www.centerforkeypopulations.com\/pl\/sexually-transmitted-infections\/\" target=\"_self\" rel=\"noopener noreferrer\">Testowanie i leczenie chor\u00f3b przenoszonych drog\u0105 p\u0142ciow\u0105<\/a><\/h4>\n<\/div>\n<\/div>\n<\/div>\n<\/div>\n<div class=\"portfolio-cards-projectcol cp6cols-tablet cp3cols\">\n<div class=\"portfolio-cards-projectcard\">\n<div id=\"ContentSwap104\" class=\"contentswap-effect ContentSwap104\">\n<div class=\"ContentSwap104_content initial-image\"><img decoding=\"async\" class=\"portfolio-cards-projectimg\" src=\"https:\/\/www.centerforkeypopulations.com\/wp-content\/uploads\/2018\/01\/cropped-100411-1252.jpg\" data-size=\"1200x800\" \/><\/div>\n<div class=\"overlay\" style=\"display: block; opacity: 1;\"><\/div>\n<div class=\"swap-inner\" style=\"opacity: 1; display: block;\">\n<div class=\"ContentSwap104-center\"><\/div>\n<\/div>\n<\/div>\n<div class=\"portfolio-cards-projectinfo\">\n<div class=\"portfolio-cards-projnamecol\" data-type=\"column\">\n<h4 class=\"portfolio-cards-projtitle\"><a class=\"\" href=\"https:\/\/www.centerforkeypopulations.com\/pl\/healthcare-for-the-homeless-2\/#page-content\" rel=\"noopener noreferrer\">Gdziekolwiek jeste\u015b<\/a><\/h4>\n<\/div>\n<\/div>\n<\/div>\n<\/div>\n<div class=\"portfolio-cards-projectcol cp6cols-tablet cp3cols\">\n<div class=\"portfolio-cards-projectcard\">\n<div id=\"ContentSwap104\" class=\"contentswap-effect ContentSwap104\">\n<div class=\"ContentSwap104_content initial-image\"><img decoding=\"async\" class=\"portfolio-cards-projectimg\" src=\"\/wp-content\/uploads\/2025\/06\/Women-in-Transition-WIT.jpg\" data-size=\"1200x800\" \/><\/div>\n<div class=\"overlay\" style=\"display: block; opacity: 1;\"><\/div>\n<div class=\"swap-inner\" style=\"opacity: 1; display: block;\">\n<div class=\"ContentSwap104-center\"><\/div>\n<\/div>\n<\/div>\n<div class=\"portfolio-cards-projectinfo\">\n<div class=\"portfolio-cards-projnamecol\" data-type=\"column\">\n<h4 class=\"portfolio-cards-projtitle\"><a class=\"\" href=\"https:\/\/www.centerforkeypopulations.com\/pl\/women-in-transition-wit\/\" target=\"_self\" rel=\"noopener noreferrer\">Kobiety w okresie transformacji (WIT)<\/a><\/h4>\n<\/div>\n<\/div>\n<\/div>\n<\/div>\n<\/div>\n<\/div>\n<\/div>\n<div id=\"cta-1\" class=\"cta-blue-section\" style=\"background-image: none; background-color: #2186c4;\" data-id=\"cta-blue-section\" data-label=\"Call to action\" data-category=\"cta\" data-ovid=\"ovid-cta-1-91\">\n<div class=\"gridContainer\">\n<div class=\"flexbox-list flexbox-list-align-center row\">\n<div class=\"cta-blue-textcol dynamic-color\">\n<h2 class=\"cta-blue-text\"><b class=\"element2\"> B\u0105d\u017a w kontakcie.\u00a0<\/b>\u00a0Jeste\u015bmy tu dla Ciebie.<\/h2>\n<\/div>\n<div class=\"cta-blue-btncol\"><a class=\"button big yellow dark-text\" href=\"https:\/\/www.centerforkeypopulations.com\/pl\/contact-us\/our-team\/\" rel=\"noopener noreferrer\">Skontaktuj si\u0119 z Zespo\u0142em<\/a><\/div>\n<\/div>\n<\/div>\n<\/div>\n<div id=\"content-4\" class=\"content-right-image-section\" style=\"background-color: #f6f6f6; background-image: none;\" data-id=\"content-image-right\" data-label=\"Content\" data-category=\"content\" data-ovid=\"ovid-content-4-100\">\n<div class=\"gridContainer\">\n<div class=\"content-right-image-gridcol\">\n<div class=\"content-right-image-textcol dynamic-color\" data-type=\"column\">\n<h2 class=\"\"><span style=\"color: #0000ff;\">O \u015arodowiskowym Centrum Zdrowia<\/span><\/h2>\n<a class=\"\" href=\"http:\/\/chc1.com\">Spo\u0142eczne Centrum Zdrowia, Inc.<\/a>\u00a0(CHC) jest najwi\u0119kszym federalnie kwalifikowanym o\u015brodkiem zdrowia w Connecticut, gdzie \u201eopieka zdrowotna jest prawem, a nie przywilejem\u201d. CHC zosta\u0142o za\u0142o\u017cone w 1972 roku i zapewnia opiek\u0119 medyczn\u0105, stomatologiczn\u0105 i behawioraln\u0105 pacjentom w ca\u0142ym stanie Connecticut.\n<p class=\"\"><a class=\"button blue\" href=\"https:\/\/www.chc1.com\" target=\"_blank\" rel=\"noopener noreferrer\"> Ucz si\u0119 wi\u0119cej <\/a><\/p>\n\n<div class=\"\" style=\"position: relative; left: 0px; top: 0px;\" data-editable=\"true\" data-name=\"ope-widgets-area\" data-content-shortcode=\"ope_display_widgets_area id=&quot;ope_pro_users_custom_widgets_area_0&quot; \"><div data-name=\"ope-widgets-area\"><div id=\"block-4\" class=\"widget widget_block\"><div id=\"float-link\"><a href=\"https:\/\/www.centerforkeypopulations.com\/pl\/healthcare-for-the-homeless-2\/#mhucalendar\"><div id=\"float-arrow\"><div ><i class=\"fa fa-caret-down\"><\/i><\/div><\/div><div id=\"float-text\">CKP KLINICZNE<br >HARMONOGRAMY<\/div><\/a><\/div><\/div><\/div><\/div>\n<\/div>\n<div class=\"content-right-image-imgcol\" data-type=\"column\"><img decoding=\"async\" class=\"\" src=\"https:\/\/www.centerforkeypopulations.com\/wp-content\/uploads\/2018\/01\/140609_435.jpg\" \/><\/div>\n<\/div>\n<\/div>\n<\/div>","protected":false},"excerpt":{"rendered":"<p>DLACZEGO TU JESTE\u015aMY Aby zagwarantowa\u0107, \u017ce kluczowe grupy w obs\u0142ugiwanych przez nas spo\u0142eczno\u015bciach b\u0119d\u0105 mia\u0142y centralne i sp\u00f3jne podej\u015bcie w ramach Community Health Center, Inc. 11,8 miliona NADU\u017bYWA OPIOID\u00d3W 3,2 miliona MA WZW typu C 1,2 miliona \u017bYJE Z HIV Nasze programy Podstawowa opieka zdrowotna, opieka specjalistyczna i rzecznictwo \u2013 wszystko pod jednym dachem! Program us\u0142ug spo\u0142ecznych Godno\u015b\u0107 przyczynia si\u0119 do wzrostu HIV\u2026 <br \/> <a class=\"button small blue\" href=\"https:\/\/www.centerforkeypopulations.com\/pl\/pride\/\">Dowiedz si\u0119 wi\u0119cej<\/a><\/p>","protected":false},"author":15,"featured_media":0,"parent":0,"menu_order":0,"comment_status":"closed","ping_status":"closed","template":"","meta":{"footnotes":""},"class_list":["post-5","page","type-page","status-publish","hentry"],"_links":{"self":[{"href":"https:\/\/www.centerforkeypopulations.com\/pl\/wp-json\/wp\/v2\/pages\/5","targetHints":{"allow":["GET"]}}],"collection":[{"href":"https:\/\/www.centerforkeypopulations.com\/pl\/wp-json\/wp\/v2\/pages"}],"about":[{"href":"https:\/\/www.centerforkeypopulations.com\/pl\/wp-json\/wp\/v2\/types\/page"}],"author":[{"embeddable":true,"href":"https:\/\/www.centerforkeypopulations.com\/pl\/wp-json\/wp\/v2\/users\/15"}],"replies":[{"embeddable":true,"href":"https:\/\/www.centerforkeypopulations.com\/pl\/wp-json\/wp\/v2\/comments?post=5"}],"version-history":[{"count":158,"href":"https:\/\/www.centerforkeypopulations.com\/pl\/wp-json\/wp\/v2\/pages\/5\/revisions"}],"predecessor-version":[{"id":1426,"href":"https:\/\/www.centerforkeypopulations.com\/pl\/wp-json\/wp\/v2\/pages\/5\/revisions\/1426"}],"wp:attachment":[{"href":"https:\/\/www.centerforkeypopulations.com\/pl\/wp-json\/wp\/v2\/media?parent=5"}],"curies":[{"name":"wp","href":"https:\/\/api.w.org\/{rel}","templated":true}]}}