{"id":418,"date":"2020-02-27T18:17:39","date_gmt":"2020-02-27T18:17:39","guid":{"rendered":"https:\/\/www.centerforkeypopulations.com\/?page_id=418"},"modified":"2025-02-06T10:39:20","modified_gmt":"2025-02-06T15:39:20","slug":"all-of-us","status":"publish","type":"page","link":"https:\/\/www.centerforkeypopulations.com\/pl\/all-of-us\/","title":{"rendered":"Wszyscy z nas"},"content":{"rendered":"<p>CHC wsp\u00f3\u0142pracuje z <em>Wszyscy z nas<\/em>, nowy program badawczy Narodowego Instytutu Zdrowia (NIH). Celem jest rozw\u00f3j medycyny precyzyjnej. Medycyna precyzyjna to opieka zdrowotna oparta na Tobie jako jednostce. Bierze pod uwag\u0119 takie czynniki, jak miejsce zamieszkania, co robisz i historia zdrowia Twojej rodziny. Celem medycyny precyzyjnej jest informowanie ludzi o najlepszych sposobach zachowania zdrowia. Je\u015bli kto\u015b zachoruje, medycyna precyzyjna mo\u017ce pom\u00f3c zespo\u0142om opieki zdrowotnej w znalezieniu najlepszego leczenia.<\/p>\n\n\n\n<div style=\"height:20px\" aria-hidden=\"true\" class=\"wp-block-spacer\"><\/div>\n\n\n\n<p>Sprawd\u017a <em>Wszyscy z nas <\/em>strona <a href=\"https:\/\/www.joinallofus.org\/chc\" target=\"_blank\" rel=\"noreferrer noopener\" aria-label=\" (otwiera si\u0119 w nowej karcie)\">Tutaj <\/a>aby dowiedzie\u0107 si\u0119 wi\u0119cej i skontaktowa\u0107 si\u0119 z zespo\u0142em CHC pod adresem <a href=\"mailto:allofus@chc1.com\">allofus@chc1.com<\/a>&nbsp;lub (860) 852-0890.<\/p>","protected":false},"excerpt":{"rendered":"<p>CHC wsp\u00f3\u0142pracuje z All of Us, nowym programem badawczym Narodowego Instytutu Zdrowia (NIH). Celem jest rozw\u00f3j medycyny precyzyjnej. Medycyna precyzyjna to opieka zdrowotna, kt\u00f3ra opiera si\u0119 na Tobie jako jednostce. Uwzgl\u0119dnia takie czynniki, jak miejsce zamieszkania, co robisz i historia zdrowia Twojej rodziny.\u2026 <br \/> <a class=\"button small blue\" href=\"https:\/\/www.centerforkeypopulations.com\/pl\/all-of-us\/\">Dowiedz si\u0119 wi\u0119cej<\/a><\/p>","protected":false},"author":15,"featured_media":0,"parent":0,"menu_order":0,"comment_status":"closed","ping_status":"closed","template":"","meta":{"footnotes":""},"class_list":["post-418","page","type-page","status-publish","hentry"],"_links":{"self":[{"href":"https:\/\/www.centerforkeypopulations.com\/pl\/wp-json\/wp\/v2\/pages\/418","targetHints":{"allow":["GET"]}}],"collection":[{"href":"https:\/\/www.centerforkeypopulations.com\/pl\/wp-json\/wp\/v2\/pages"}],"about":[{"href":"https:\/\/www.centerforkeypopulations.com\/pl\/wp-json\/wp\/v2\/types\/page"}],"author":[{"embeddable":true,"href":"https:\/\/www.centerforkeypopulations.com\/pl\/wp-json\/wp\/v2\/users\/15"}],"replies":[{"embeddable":true,"href":"https:\/\/www.centerforkeypopulations.com\/pl\/wp-json\/wp\/v2\/comments?post=418"}],"version-history":[{"count":14,"href":"https:\/\/www.centerforkeypopulations.com\/pl\/wp-json\/wp\/v2\/pages\/418\/revisions"}],"predecessor-version":[{"id":1246,"href":"https:\/\/www.centerforkeypopulations.com\/pl\/wp-json\/wp\/v2\/pages\/418\/revisions\/1246"}],"wp:attachment":[{"href":"https:\/\/www.centerforkeypopulations.com\/pl\/wp-json\/wp\/v2\/media?parent=418"}],"curies":[{"name":"wp","href":"https:\/\/api.w.org\/{rel}","templated":true}]}}