{"id":247,"date":"2018-06-27T15:50:52","date_gmt":"2018-06-27T15:50:52","guid":{"rendered":"https:\/\/www.centerforkeypopulations.com\/?page_id=247"},"modified":"2025-01-18T12:18:20","modified_gmt":"2025-01-18T17:18:20","slug":"hiv-prep-pre-exposure-prophylaxis-or-pep-post-exposure-prophylactic","status":"publish","type":"page","link":"https:\/\/www.centerforkeypopulations.com\/pl\/hiv-prep-pre-exposure-prophylaxis-or-pep-post-exposure-prophylactic\/","title":{"rendered":"HIV PrEP (profilaktyka przedekspozycyjna) i PEP (profilaktyka poekspozycyjna)"},"content":{"rendered":"<h2 class=\"wp-block-heading\"><strong>PrEP (profilaktyka przedekspozycyjna)<\/strong><\/h2>\n\n\n\n<p><strong>PrEP (profilaktyka przedekspozycyjna)<\/strong> jest leczeniem farmakologicznym, kt\u00f3re jest wysoce skuteczne w zmniejszaniu ryzyka zaka\u017cenia HIV. Przyjmowany zgodnie z zaleceniami, PrEP jest 99% skuteczny w zapobieganiu HIV z seksu. Truvada na PrEP jest r\u00f3wnie\u017c co najmniej 74% skuteczny w zapobieganiu HIV z dzielenia si\u0119 ig\u0142ami i innym sprz\u0119tem do wstrzykiwania narkotyk\u00f3w. PrEP mo\u017cna teraz podawa\u0107 w postaci zastrzyku co dwa miesi\u0105ce.<\/p>\n\n\n\n<p>Wszystkie dost\u0119pne leki PrEP s\u0105 dost\u0119pne w ka\u017cdej z naszych lokalizacji w ca\u0142ym stanie. Skontaktuj si\u0119 z Koordynatorem PrEP, kt\u00f3ry mo\u017ce pom\u00f3c w koordynacji i zarz\u0105dzaniu opiek\u0105 PrEP. <\/p>\n\n\n\n<h4 class=\"wp-block-heading has-text-align-center has-text-color\" style=\"color:#00ccff\"><strong><em>Skontaktuj si\u0119 z nami i dowiedz si\u0119, czy PrEP jest dla Ciebie odpowiedni!<\/em><\/strong><\/h4>\n\n\n\n<div class=\"wp-block-group\"><div class=\"wp-block-group__inner-container is-layout-constrained wp-block-group-is-layout-constrained\">\n<p class=\"has-text-align-center\"><strong>Paola Monge, nawigator ds. zdrowia w ramach profilaktyki CKP, (<a href=\"mailto:mongep@chc1.com\">mongep@chc1.com<\/a>)<\/strong><\/p>\n\n\n\n<p class=\"has-text-align-center\"><\/p>\n\n\n\n<h4 class=\"wp-block-heading has-text-align-center has-text-color has-link-color wp-elements-9978b9498863e026413776d7c076e040\" style=\"color:#00ccff\"><em><strong>Chcesz wesprze\u0107 nasze us\u0142ugi PrEP\/PEP? Przeka\u017c darowizn\u0119 ju\u017c dzi\u015b!<\/strong><\/em><\/h4>\n\n\n\n<center><a class=\"button blue\" href=\"https:\/\/mwhs1.co\/gift\" target=\"_blank\" rel=\"noopener\">Podarowa\u0107<\/a><\/center>\n<\/div><\/div>\n\n\n\n<p><strong>Dost\u0119pne leki PrEP obejmuj\u0105:<\/strong><\/p>\n\n\n\n<p><a href=\"https:\/\/www.truvada.com\/\"><strong>Truvada\u00ae<\/strong><\/a><br>emtrycytabina 200 mg\/fumaran dizoproksylu tenofowiru 300 mg<\/p>\n\n\n\n<p>Lek doustny raz dziennie dla os\u00f3b niezaka\u017conych wirusem HIV, nara\u017conych na zaka\u017cenie wirusem HIV poprzez seks lub u\u017cywanie narkotyk\u00f3w w iniekcjach. Og\u00f3lny <a href=\"https:\/\/www.truvada.com\/\">Truvada\u00ae<\/a><strong> <\/strong>jest r\u00f3wnie\u017c dost\u0119pny. <a rel=\"noreferrer noopener\" href=\"https:\/\/www.truvada.com\/\" target=\"_blank\"><strong>Ucz si\u0119 wi\u0119cej.<\/strong><\/a><\/p>\n\n\n\n<p><a href=\"https:\/\/www.descovy.com\/\"><strong>Descovy\u00ae<\/strong><\/a><br>emtrycytabina 200 mg\/ alafenamid tenofowiru 25 mg<\/p>\n\n\n\n<p>Lek doustny przyjmowany raz dziennie przez m\u0119\u017cczyzn niezaka\u017conych wirusem HIV, nara\u017conych na zaka\u017cenie wirusem HIV drog\u0105 p\u0142ciow\u0105. <a href=\"https:\/\/www.descovy.com\/\"><strong>Descovy\u00ae<\/strong><\/a><strong> nie jest przeznaczony dla os\u00f3b, kt\u00f3rym przy urodzeniu przypisano p\u0142e\u0107 \u017ce\u0144sk\u0105, kt\u00f3re s\u0105 nara\u017cone na ryzyko zaka\u017cenia wirusem HIV poprzez receptywny seks pochwowy.<\/strong> <a href=\"https:\/\/www.descovy.com\/\" target=\"_blank\" rel=\"noreferrer noopener\"><strong>Ucz si\u0119 wi\u0119cej.<\/strong><\/a><\/p>\n\n\n\n<p><strong>Apetyt<\/strong><br>Kabotegrawir 200 mg\/ml<\/p>\n\n\n\n<p>Wstrzykiwany PrEP otrzymywany co 2 miesi\u0105ce dla os\u00f3b niezaka\u017conych wirusem HIV, kt\u00f3re s\u0105 nara\u017cone na zaka\u017cenie wirusem HIV drog\u0105 p\u0142ciow\u0105. Wymaga wst\u0119pnego wstrzykni\u0119cia w pierwszym i drugim miesi\u0105cu, a nast\u0119pnie rutynowo co dwa miesi\u0105ce. <strong>Apretude nie jest zalecany w profilaktyce HIV u os\u00f3b przyjmuj\u0105cych narkotyki w iniekcjach.<\/strong> <a rel=\"noreferrer noopener\" href=\"https:\/\/apretudehcp.com\/\" target=\"_blank\"><strong>Ucz si\u0119 wi\u0119cej.<\/strong><\/a><\/p>\n\n\n\n<h4 class=\"wp-block-heading has-text-align-center\"><br>Dowiedz si\u0119 wi\u0119cej o PrEP w poni\u017cszym filmie z Centrum Kontroli i Zapobiegania Chorobom.<\/h4>\n\n\n\n<p class=\"has-text-align-center\"><iframe loading=\"lazy\" width=\"560\" height=\"315\" src=\"https:\/\/www.youtube.com\/embed\/1_eo17YahCo\" title=\"Odtwarzacz wideo YouTube\" frameborder=\"0\" allow=\"accelerometer; autoplay; clipboard-write; encrypted-media; gyroscope; picture-in-picture; web-share\"><\/iframe><\/p>\n\n\n\n<h3 class=\"wp-block-heading\"><strong>Profilaktyka poekspozycyjna<\/strong><\/h3>\n\n\n\n<p><strong>PEP (profilaktyka poekspozycyjna) <\/strong>jest kr\u00f3tkoterminowym schematem leczenia maj\u0105cym na celu zapobieganie zaka\u017ceniu wirusem HIV u osoby niezaka\u017conej wirusem HIV po potencjalnym nara\u017ceniu na kontakt z wirusem HIV. Leczenie PEP dotyczy sytuacji nag\u0142ych i musi zosta\u0107 rozpocz\u0119te w ci\u0105gu 72 godzin, aby by\u0142o skuteczne. <strong>Aby uzyska\u0107 dost\u0119p do PEP w nag\u0142ych wypadkach, skontaktuj si\u0119 z nami natychmiast!<\/strong><\/p>\n\n\n\n<h4 class=\"wp-block-heading has-text-align-center\"><br>Dowiedz si\u0119 wi\u0119cej o PEP w poni\u017cszym filmie z Centrum Kontroli i Zapobiegania Chorobom.<\/h4>\n\n\n\n<p class=\"has-text-align-center\"><iframe loading=\"lazy\" width=\"560\" height=\"315\" src=\"https:\/\/www.youtube.com\/embed\/hsgQNimo7o0\" title=\"Odtwarzacz wideo YouTube\" frameborder=\"0\" allow=\"accelerometer; autoplay; clipboard-write; encrypted-media; gyroscope; picture-in-picture; web-share\"><\/iframe><\/p>\n\n\n\n<div style=\"height:15px\" aria-hidden=\"true\" class=\"wp-block-spacer\"><\/div>\n\n\n\n<p><strong>Doxy PEP (profilaktyka poekspozycyjna doksycykliny)<\/strong><br>Przyj\u0119cie 200 mg doksycykliny w ci\u0105gu 72 godzin od stosunku mo\u017ce zmniejszy\u0107 ryzyko bakteryjnych chor\u00f3b przenoszonych drog\u0105 p\u0142ciow\u0105 o oko\u0142o 88% w przypadku ki\u0142y i chlamydii oraz o oko\u0142o 55-60% w przypadku rze\u017c\u0105czki. Skontaktuj si\u0119 ze swoim lekarzem lub koordynatorem PrEP, aby uzyska\u0107 dodatkowe informacje. Najskuteczniejsze, je\u015bli zostanie przyj\u0119te w ci\u0105gu 24 godzin od stosunku. Doxy PEP nie chroni przed HIV, Mpox i innymi infekcjami wirusowymi. <a href=\"https:\/\/www.cdc.gov\/sti\/php\/from-the-director\/doxy-pep-sti-prevention-strategy.html\" data-type=\"link\" data-id=\"https:\/\/www.cdc.gov\/sti\/php\/from-the-director\/doxy-pep-sti-prevention-strategy.html\">Dowiedz si\u0119 wi\u0119cej tutaj<\/a>.<\/p>\n\n\n\n<p><strong>Leczenie jako profilaktyka (TasP): <span style=\"font-size: medium; font-weight: 400; white-space-collapse: collapse;\"><\/span>Osoby \u017cyj\u0105ce z HIV, kt\u00f3re osi\u0105gaj\u0105 i utrzymuj\u0105 niewykrywalne miano wirusa poprzez codzienn\u0105 terapi\u0119 antyretrowirusow\u0105, nie mog\u0105 przenosi\u0107 HIV na inne osoby drog\u0105 p\u0142ciow\u0105.<\/strong><\/p>\n\n\n<div class=\"wp-block-image\">\n<figure class=\"aligncenter size-full is-resized\"><img loading=\"lazy\" decoding=\"async\" width=\"802\" height=\"470\" src=\"https:\/\/www.centerforkeypopulations.com\/wp-content\/uploads\/2023\/03\/uequalsu.jpg\" alt=\"\" class=\"wp-image-745\" style=\"width:483px;height:283px\" srcset=\"https:\/\/www.centerforkeypopulations.com\/wp-content\/uploads\/2023\/03\/uequalsu.jpg 802w, https:\/\/www.centerforkeypopulations.com\/wp-content\/uploads\/2023\/03\/uequalsu-300x176.jpg 300w, https:\/\/www.centerforkeypopulations.com\/wp-content\/uploads\/2023\/03\/uequalsu-768x450.jpg 768w\" sizes=\"auto, (max-width: 802px) 100vw, 802px\" \/><\/figure>\n<\/div>\n\n\n<p class=\"has-text-align-center\"><\/p>","protected":false},"excerpt":{"rendered":"<p>PrEP (profilaktyka przedekspozycyjna) PrEP (profilaktyka przedekspozycyjna) to leczenie farmakologiczne, kt\u00f3re jest wysoce skuteczne w zmniejszaniu ryzyka zaka\u017cenia HIV. Przyjmowany zgodnie z zaleceniami, PrEP jest skuteczny w zapobieganiu HIV z seksu. Truvada na PrEP jest r\u00f3wnie\u017c skuteczna w zapobieganiu HIV z u\u017cywania wsp\u00f3lnych igie\u0142 i innego sprz\u0119tu do wstrzykiwania narkotyk\u00f3w. PrEP mo\u017ce\u2026 <br \/> <a class=\"button small blue\" href=\"https:\/\/www.centerforkeypopulations.com\/pl\/hiv-prep-pre-exposure-prophylaxis-or-pep-post-exposure-prophylactic\/\">Dowiedz si\u0119 wi\u0119cej<\/a><\/p>","protected":false},"author":15,"featured_media":49,"parent":0,"menu_order":0,"comment_status":"closed","ping_status":"closed","template":"","meta":{"footnotes":""},"class_list":["post-247","page","type-page","status-publish","has-post-thumbnail","hentry"],"_links":{"self":[{"href":"https:\/\/www.centerforkeypopulations.com\/pl\/wp-json\/wp\/v2\/pages\/247","targetHints":{"allow":["GET"]}}],"collection":[{"href":"https:\/\/www.centerforkeypopulations.com\/pl\/wp-json\/wp\/v2\/pages"}],"about":[{"href":"https:\/\/www.centerforkeypopulations.com\/pl\/wp-json\/wp\/v2\/types\/page"}],"author":[{"embeddable":true,"href":"https:\/\/www.centerforkeypopulations.com\/pl\/wp-json\/wp\/v2\/users\/15"}],"replies":[{"embeddable":true,"href":"https:\/\/www.centerforkeypopulations.com\/pl\/wp-json\/wp\/v2\/comments?post=247"}],"version-history":[{"count":28,"href":"https:\/\/www.centerforkeypopulations.com\/pl\/wp-json\/wp\/v2\/pages\/247\/revisions"}],"predecessor-version":[{"id":1208,"href":"https:\/\/www.centerforkeypopulations.com\/pl\/wp-json\/wp\/v2\/pages\/247\/revisions\/1208"}],"wp:featuredmedia":[{"embeddable":true,"href":"https:\/\/www.centerforkeypopulations.com\/pl\/wp-json\/wp\/v2\/media\/49"}],"wp:attachment":[{"href":"https:\/\/www.centerforkeypopulations.com\/pl\/wp-json\/wp\/v2\/media?parent=247"}],"curies":[{"name":"wp","href":"https:\/\/api.w.org\/{rel}","templated":true}]}}