{"id":244,"date":"2018-06-27T15:48:21","date_gmt":"2018-06-27T15:48:21","guid":{"rendered":"https:\/\/www.centerforkeypopulations.com\/?page_id=244"},"modified":"2023-03-06T03:14:16","modified_gmt":"2023-03-06T03:14:16","slug":"oasis-drop-in-center","status":"publish","type":"page","link":"https:\/\/www.centerforkeypopulations.com\/pl\/oasis-drop-in-center\/","title":{"rendered":"Oaza"},"content":{"rendered":"<h4 class=\"wp-block-heading\">Program Oasis to grupa wsparcia dla os\u00f3b \u017cyj\u0105cych z HIV. Spotkania odbywaj\u0105 si\u0119 co tydzie\u0144 w \u015brody o 15:30 i czwartki o 16:00.<\/h4>\n \n<h4 class=\"wp-block-heading\">Aby uzyska\u0107 wi\u0119cej informacji na temat programu Oasis, skontaktuj si\u0119 ze Stephanie Moses, 860.347.6971 x3911 (<a href=\"mailto:mosess@chc1.com\">mosess@chc1.com<\/a>).<\/h4>","protected":false},"excerpt":{"rendered":"<p>Program Oasis to grupa wsparcia dla os\u00f3b \u017cyj\u0105cych z HIV. Spotkania odbywaj\u0105 si\u0119 co tydzie\u0144 w \u015brody o 15:30 i czwartki o 16:00. Aby uzyska\u0107 wi\u0119cej informacji na temat programu Oasis, skontaktuj si\u0119 ze Stephanie Moses, 860.347.6971 x3911 (mosess@chc1.com).<\/p>","protected":false},"author":15,"featured_media":138,"parent":0,"menu_order":0,"comment_status":"closed","ping_status":"closed","template":"","meta":{"footnotes":""},"class_list":["post-244","page","type-page","status-publish","has-post-thumbnail","hentry"],"_links":{"self":[{"href":"https:\/\/www.centerforkeypopulations.com\/pl\/wp-json\/wp\/v2\/pages\/244","targetHints":{"allow":["GET"]}}],"collection":[{"href":"https:\/\/www.centerforkeypopulations.com\/pl\/wp-json\/wp\/v2\/pages"}],"about":[{"href":"https:\/\/www.centerforkeypopulations.com\/pl\/wp-json\/wp\/v2\/types\/page"}],"author":[{"embeddable":true,"href":"https:\/\/www.centerforkeypopulations.com\/pl\/wp-json\/wp\/v2\/users\/15"}],"replies":[{"embeddable":true,"href":"https:\/\/www.centerforkeypopulations.com\/pl\/wp-json\/wp\/v2\/comments?post=244"}],"version-history":[{"count":9,"href":"https:\/\/www.centerforkeypopulations.com\/pl\/wp-json\/wp\/v2\/pages\/244\/revisions"}],"predecessor-version":[{"id":777,"href":"https:\/\/www.centerforkeypopulations.com\/pl\/wp-json\/wp\/v2\/pages\/244\/revisions\/777"}],"wp:featuredmedia":[{"embeddable":true,"href":"https:\/\/www.centerforkeypopulations.com\/pl\/wp-json\/wp\/v2\/media\/138"}],"wp:attachment":[{"href":"https:\/\/www.centerforkeypopulations.com\/pl\/wp-json\/wp\/v2\/media?parent=244"}],"curies":[{"name":"wp","href":"https:\/\/api.w.org\/{rel}","templated":true}]}}