{"id":232,"date":"2018-06-27T15:42:28","date_gmt":"2018-06-27T15:42:28","guid":{"rendered":"https:\/\/www.centerforkeypopulations.com\/?page_id=232"},"modified":"2022-02-08T15:28:38","modified_gmt":"2022-02-08T15:28:38","slug":"hepatitis-c-management-testing","status":"publish","type":"page","link":"https:\/\/www.centerforkeypopulations.com\/pl\/hepatitis-c-management-testing\/","title":{"rendered":"Badania przesiewowe i leczenie zapalenia w\u0105troby typu C"},"content":{"rendered":"<h4 style=\"text-align: center;\">Oferujemy badania przesiewowe przeciwko wirusowemu zapaleniu w\u0105troby typu C wszystkim zagro\u017conym, w tym osobom urodzonym w latach 1945-1965 (pokolenie wy\u017cu demograficznego). Je\u015bli \u017cyjesz z wirusowym zapaleniem w\u0105troby typu C, mo\u017cemy leczy\u0107 Ci\u0119 w CHC.<\/h4>\n<h3 style=\"text-align: center;\"><span style=\"color: #00ccff;\"><em><strong>Dost\u0119pne s\u0105 bezp\u0142atne testy!<\/strong><\/em><\/span><\/h3>\n<h3 style=\"text-align: center;\"><span style=\"color: #00ccff;\"><em><strong>Lekarstwo jest w zasi\u0119gu telefonu!<\/strong><\/em><\/span><\/h3>\n<hr \/>\n<h4 style=\"text-align: center;\"><span style=\"color: #ff6600;\">Leczenie wirusowego zapalenia w\u0105troby typu C:<\/span>\u00a0Kontakt <i>Lizbeth Vazquez <\/i>Na <span style=\"color: #0000ff;\">860.347.6971 wew.3900<\/span> (e-mail: <a href=\"mailto:vazquell@chc1.com\"><span style=\"color: #0000ff;\">Vazquell@chc1.com<\/span><\/a>)<\/h4>\n<hr \/>\n<h4 style=\"text-align: center;\"><span style=\"color: #701bd1;\"><strong>Szybkie testy na obecno\u015b\u0107 wirusa HIV\/WZW typu C:<\/strong><\/span>\u00a0kontakt <em><strong>Douga Janssena<\/strong><\/em> Na <span style=\"color: #0000ff;\">860.378.7503<\/span> (e-mail: <a href=\"mailto:Janssed@chc1.com\"><span style=\"color: #0000ff;\">Janssed@chc1.com<\/span><\/a>)<\/h4>\n<hr \/>","protected":false},"excerpt":{"rendered":"<p>Oferujemy badania przesiewowe na zapalenie w\u0105troby typu C wszystkim osobom nara\u017conym na ryzyko, w tym osobom urodzonym mi\u0119dzy 1945 a 1965 rokiem (pokolenie wy\u017cu demograficznego). Je\u015bli \u017cyjesz z zapaleniem w\u0105troby typu C, mo\u017cemy Ci\u0119 leczy\u0107 w CHC. Dost\u0119pne s\u0105 bezp\u0142atne testy! Wyleczenie jest na wyci\u0105gni\u0119cie r\u0119ki! Leczenie zapalenia w\u0105troby typu C: Skontaktuj si\u0119 z Lizbeth Vazquez pod numerem 860.347.6971 wew. 3900 (e-mail: Vazquell@chc1.com) Szybkie HIV\/zapalenie w\u0105troby typu C\u2026 <br \/> <a class=\"button small blue\" href=\"https:\/\/www.centerforkeypopulations.com\/pl\/hepatitis-c-management-testing\/\">Dowiedz si\u0119 wi\u0119cej<\/a><\/p>","protected":false},"author":15,"featured_media":22,"parent":0,"menu_order":0,"comment_status":"closed","ping_status":"closed","template":"","meta":{"footnotes":""},"class_list":["post-232","page","type-page","status-publish","has-post-thumbnail","hentry"],"_links":{"self":[{"href":"https:\/\/www.centerforkeypopulations.com\/pl\/wp-json\/wp\/v2\/pages\/232","targetHints":{"allow":["GET"]}}],"collection":[{"href":"https:\/\/www.centerforkeypopulations.com\/pl\/wp-json\/wp\/v2\/pages"}],"about":[{"href":"https:\/\/www.centerforkeypopulations.com\/pl\/wp-json\/wp\/v2\/types\/page"}],"author":[{"embeddable":true,"href":"https:\/\/www.centerforkeypopulations.com\/pl\/wp-json\/wp\/v2\/users\/15"}],"replies":[{"embeddable":true,"href":"https:\/\/www.centerforkeypopulations.com\/pl\/wp-json\/wp\/v2\/comments?post=232"}],"version-history":[{"count":11,"href":"https:\/\/www.centerforkeypopulations.com\/pl\/wp-json\/wp\/v2\/pages\/232\/revisions"}],"predecessor-version":[{"id":582,"href":"https:\/\/www.centerforkeypopulations.com\/pl\/wp-json\/wp\/v2\/pages\/232\/revisions\/582"}],"wp:featuredmedia":[{"embeddable":true,"href":"https:\/\/www.centerforkeypopulations.com\/pl\/wp-json\/wp\/v2\/media\/22"}],"wp:attachment":[{"href":"https:\/\/www.centerforkeypopulations.com\/pl\/wp-json\/wp\/v2\/media?parent=232"}],"curies":[{"name":"wp","href":"https:\/\/api.w.org\/{rel}","templated":true}]}}