{"id":229,"date":"2018-06-27T15:38:35","date_gmt":"2018-06-27T15:38:35","guid":{"rendered":"https:\/\/www.centerforkeypopulations.com\/?page_id=229"},"modified":"2025-01-18T12:06:12","modified_gmt":"2025-01-18T17:06:12","slug":"hiv-primary-care-testing","status":"publish","type":"page","link":"https:\/\/www.centerforkeypopulations.com\/pl\/hiv-primary-care-testing\/","title":{"rendered":"HIV\/AIDS Podstawowa opieka zdrowotna i us\u0142ugi Ryana White&#039;a w zakresie HIV\/AIDS"},"content":{"rendered":"<h4 style=\"text-align: center;\"><span style=\"color: #000000;\">Zapewniamy opiek\u0119 nad HIV we wszystkich naszych plac\u00f3wkach Podstawowej Opieki Zdrowotnej w ca\u0142ym stanie. Je\u015bli niedawno zdiagnozowano u Ciebie zaka\u017cenie wirusem HIV lub je\u015bli wymagasz sta\u0142ego leczenia i leczenia HIV,<\/span> nasi dostawcy CKP s\u0142u\u017c\u0105 pomoc\u0105. Opr\u00f3cz opieki nad HIV \u015bwiadczona jest podstawowa opieka zdrowotna, zdrowie behawioralne i us\u0142ugi dentystyczne.<\/h4>\n<h4 style=\"text-align: center;\"><u>Dostawcy CKP<\/u><\/h4>\n<h4 style=\"text-align: center;\">Dr Marwan Haddad, MD, MPH, AAHIVS, dyrektor medyczny<\/h4>\n<h4 style=\"text-align: center;\">Jeannie McIntosh, APRN<\/h4>\n<h4 style=\"text-align: center;\">Lucy Ehrenfeld, APRN<\/h4>\n<h4 style=\"text-align: center;\">Marlene Edelstein, APRN<\/h4>\n<h4 style=\"text-align: center;\"><u>Personel Kliniczny CKP<\/u><\/h4>\n<h4 style=\"text-align: center;\">Bernie Delgado, nadzorca RN<\/h4>\n<h4 style=\"text-align: center;\">Chloe Andree, piel\u0119gniarka<\/h4>\n<h4 style=\"text-align: center;\">David Papcin, RN<\/h4>\n<h4 style=\"text-align: center;\">Valerie Walton, piel\u0119gniarka<\/h4>\n<h4 style=\"text-align: center;\">Denise Tafeni, starszy MA II<\/h4>\n<h3 style=\"text-align: center;\"><span style=\"color: #00ccff;\"><em>W przypadku jakichkolwiek pyta\u0144 lub w\u0105tpliwo\u015bci prosimy o kontakt!<\/em><\/span><\/h3>\n<hr \/>\n<h4 style=\"text-align: center;\">Opieka nad osobami z HIV: skontaktuj si\u0119 z Aubree Buccino, koordynatorem programu CBS, 475-301-3693 (<a href=\"mailto:buccina@chc1.com\">buccina@chc1.com<\/a>)<\/h4>\n<hr \/>\n\n\n<h3 class=\"wp-block-heading has-text-align-center\"><strong>Program us\u0142ug Ryana White&#039;a w zakresie HIV\/AIDS<\/strong><\/h3>\n\n\n<div class=\"wp-block-image\">\n<figure class=\"aligncenter size-full is-resized\"><img loading=\"lazy\" decoding=\"async\" width=\"864\" height=\"486\" src=\"https:\/\/www.centerforkeypopulations.com\/wp-content\/uploads\/2023\/02\/Ryan-White-Program.png\" alt=\"\" class=\"wp-image-704\" style=\"width:432px;height:243px\" srcset=\"https:\/\/www.centerforkeypopulations.com\/wp-content\/uploads\/2023\/02\/Ryan-White-Program.png 864w, https:\/\/www.centerforkeypopulations.com\/wp-content\/uploads\/2023\/02\/Ryan-White-Program-300x169.png 300w, https:\/\/www.centerforkeypopulations.com\/wp-content\/uploads\/2023\/02\/Ryan-White-Program-768x432.png 768w\" sizes=\"auto, (max-width: 864px) 100vw, 864px\" \/><\/figure>\n<\/div>\n\n\n<p><\/p>\n\n\n\n<div class=\"wp-block-group\"><div class=\"wp-block-group__inner-container is-layout-constrained wp-block-group-is-layout-constrained\">\n<h4 class=\"wp-block-heading\"><strong>Program Ryan White HIV\/AIDS Services zapewnia kompleksowe podstawowe i specjalistyczne leczenie HIV\/AIDS oraz powi\u0105zane us\u0142ugi dla os\u00f3b \u017cyj\u0105cych z HIV\/AIDS, kt\u00f3re nie s\u0105 ubezpieczone lub maj\u0105 niewystarczaj\u0105ce ubezpieczenie. Ten program obejmuje nast\u0119puj\u0105ce us\u0142ugi:<\/strong><\/h4>\n\n\n\n<p class=\"has-text-align-center\"><strong>Leczenie i wsparcie HIV<\/strong><\/p>\n\n\n\n<p class=\"has-text-align-center\"><strong>Zarz\u0105dzanie przypadkami medycznymi<\/strong><\/p>\n\n\n\n<p class=\"has-text-align-center\"><strong>Koordynacja opieki<\/strong><\/p>\n\n\n\n<p class=\"has-text-align-center\"><strong>Doradztwo w zakresie przestrzegania zalece\u0144<\/strong><\/p>\n\n\n\n<p class=\"has-text-align-center\"><strong>Us\u0142ugi prewencyjne<\/strong><\/p>\n\n\n\n<p class=\"has-text-align-center\"><strong>Dzia\u0142ania spo\u0142eczne i edukacja<\/strong><\/p>\n<\/div><\/div>\n\n\n\n<h4 class=\"wp-block-heading\">Opiek\u0119 nad wirusem HIV zapewniamy we wszystkich plac\u00f3wkach Podstawowej Opieki Zdrowotnej w ca\u0142ym stanie. Je\u015bli niedawno zdiagnozowano u Ciebie zaka\u017cenie wirusem HIV lub potrzebujesz ci\u0105g\u0142ego leczenia i leczenia HIV, nasi dostawcy us\u0142ug CKP s\u0105 gotowi Ci pom\u00f3c. Opr\u00f3cz zarz\u0105dzania opiek\u0105 nad osobami zaka\u017conymi HIV zapewniana jest podstawowa opieka zdrowotna, opieka behawioralna i us\u0142ugi dentystyczne.<\/h4>\n\n\n\n<h4 class=\"wp-block-heading has-text-align-center\">Mened\u017cerowie spraw Ryana White&#039;a<\/h4>\n\n\n\n<div class=\"wp-block-group\"><div class=\"wp-block-group__inner-container is-layout-constrained wp-block-group-is-layout-constrained\">\n<div class=\"wp-block-group\"><div class=\"wp-block-group__inner-container is-layout-constrained wp-block-group-is-layout-constrained\">\n<p class=\"has-text-align-center\"><strong>Aubree Buccino, koordynatorka programu CBS, 475-301-3693 (<a href=\"mailto:buccina@chc1.com\">buccina@chc1.com<\/a>)<\/strong><\/p>\n\n\n\n<h4 class=\"wp-block-heading has-text-align-center\"><strong>Cairo Romageura, kierownik sprawy, 860.347.6971 x3368 (<a href=\"mailto:romaguc@chc1.com\" target=\"_blank\" rel=\"noreferrer noopener\">romaguc@chc1.com<\/a>)<\/strong><\/h4>\n\n\n\n<h4 class=\"wp-block-heading has-text-align-center\"><strong>Teaurean Nolan, New London Case Manager 203.985.9315 (<a href=\"mailto:nolant@chc1.com\" target=\"_blank\" rel=\"noreferrer noopener\">nolant@chc1.com<\/a>)<\/strong><\/h4>\n<\/div><\/div>\n<\/div><\/div>\n\n\n\n<h3 class=\"wp-block-heading\"><em>W przypadku jakichkolwiek pyta\u0144 lub w\u0105tpliwo\u015bci prosimy o kontakt!<\/em><\/h3>\n\n\n\n<hr class=\"wp-block-separator has-alpha-channel-opacity\"\/>\n\n\n\n<h4 class=\"wp-block-heading\">Opieka nad osobami z HIV: skontaktuj si\u0119 z Aubree Buccino, koordynatorem programu CBS, 475-301-3693 (<a href=\"mailto:buccina@chc1.com\">buccina@chc1.com<\/a>)<\/h4>\n\n\n\n<hr class=\"wp-block-separator has-alpha-channel-opacity\"\/>\n\n\n\n<p><\/p>\n\n\n\n<p class=\"has-text-align-center has-text-color\" style=\"color:#00ccff\"><\/p>\n\n\n\n<p><\/p>","protected":false},"excerpt":{"rendered":"<p>Opiek\u0119 nad wirusem HIV zapewniamy we wszystkich plac\u00f3wkach Podstawowej Opieki Zdrowotnej w ca\u0142ym stanie. Je\u015bli niedawno zdiagnozowano u Ciebie zaka\u017cenie wirusem HIV lub potrzebujesz ci\u0105g\u0142ego leczenia i leczenia HIV, nasi dostawcy us\u0142ug CKP s\u0105 gotowi Ci pom\u00f3c. Opr\u00f3cz zarz\u0105dzania opiek\u0105 nad osobami zaka\u017conymi HIV zapewniana jest podstawowa opieka zdrowotna, opieka behawioralna i us\u0142ugi dentystyczne. Dostawcy CKP Dr Marwan\u2026 <br \/> <a class=\"button small blue\" href=\"https:\/\/www.centerforkeypopulations.com\/pl\/hiv-primary-care-testing\/\">Dowiedz si\u0119 wi\u0119cej<\/a><\/p>","protected":false},"author":15,"featured_media":47,"parent":0,"menu_order":0,"comment_status":"closed","ping_status":"closed","template":"","meta":{"footnotes":""},"class_list":["post-229","page","type-page","status-publish","has-post-thumbnail","hentry"],"_links":{"self":[{"href":"https:\/\/www.centerforkeypopulations.com\/pl\/wp-json\/wp\/v2\/pages\/229","targetHints":{"allow":["GET"]}}],"collection":[{"href":"https:\/\/www.centerforkeypopulations.com\/pl\/wp-json\/wp\/v2\/pages"}],"about":[{"href":"https:\/\/www.centerforkeypopulations.com\/pl\/wp-json\/wp\/v2\/types\/page"}],"author":[{"embeddable":true,"href":"https:\/\/www.centerforkeypopulations.com\/pl\/wp-json\/wp\/v2\/users\/15"}],"replies":[{"embeddable":true,"href":"https:\/\/www.centerforkeypopulations.com\/pl\/wp-json\/wp\/v2\/comments?post=229"}],"version-history":[{"count":25,"href":"https:\/\/www.centerforkeypopulations.com\/pl\/wp-json\/wp\/v2\/pages\/229\/revisions"}],"predecessor-version":[{"id":1203,"href":"https:\/\/www.centerforkeypopulations.com\/pl\/wp-json\/wp\/v2\/pages\/229\/revisions\/1203"}],"wp:featuredmedia":[{"embeddable":true,"href":"https:\/\/www.centerforkeypopulations.com\/pl\/wp-json\/wp\/v2\/media\/47"}],"wp:attachment":[{"href":"https:\/\/www.centerforkeypopulations.com\/pl\/wp-json\/wp\/v2\/media?parent=229"}],"curies":[{"name":"wp","href":"https:\/\/api.w.org\/{rel}","templated":true}]}}