{"id":1329,"date":"2025-07-15T21:05:15","date_gmt":"2025-07-16T01:05:15","guid":{"rendered":"https:\/\/www.centerforkeypopulations.com\/?page_id=1329"},"modified":"2025-10-02T23:03:40","modified_gmt":"2025-10-03T03:03:40","slug":"empowering-equity-a-dignity-grows-chapter","status":"publish","type":"page","link":"https:\/\/www.centerforkeypopulations.com\/pl\/empowering-equity-a-dignity-grows-chapter\/","title":{"rendered":"Wzmacnianie r\u00f3wno\u015bci \u2013 rozdzia\u0142 o wzro\u015bcie godno\u015bci"},"content":{"rendered":"<div class=\"wp-block-group\"><div class=\"wp-block-group__inner-container is-layout-constrained wp-block-group-is-layout-constrained\">\n<div class=\"wp-block-columns is-layout-flex wp-container-core-columns-is-layout-9d6595d7 wp-block-columns-is-layout-flex\">\n<div class=\"wp-block-column is-layout-flow wp-block-column-is-layout-flow\" style=\"flex-basis:66.66%\">\n<p>\u201eBieda menstruacyjna to powszechny problem, kt\u00f3rego do\u015bwiadcza ponad jedna trzecia Amerykanek w pewnym momencie swojego \u017cycia\u201d<sup><a href=\"#footnote\">1<\/a><\/sup><\/p>\n\n\n\n<p>Dignity Grows to og\u00f3lnokrajowa organizacja dzia\u0142aj\u0105ca na rzecz rozwi\u0105zania tego problemu poprzez dostarczanie pacjentom produkt\u00f3w do higieny osobistej i menstruacyjnej. Ka\u017cda wielorazowa torba Dignity Grows zawiera miesi\u0119czny zapas produkt\u00f3w menstruacyjnych, szamponu, myd\u0142a, pasty do z\u0119b\u00f3w, dezodorantu, chusteczek do r\u0105k i szczoteczki do z\u0119b\u00f3w. Jako oddzia\u0142, zbieramy fundusze, pakujemy i rozdajemy torby naszym pacjentom oraz za po\u015brednictwem partner\u00f3w dystrybucyjnych w naszej spo\u0142eczno\u015bci.<\/p>\n\n\n\n<div class=\"wp-block-buttons is-layout-flex wp-block-buttons-is-layout-flex\">\n<div class=\"wp-block-button custom-donate-btn\"><a class=\"wp-block-button__link has-white-color has-text-color has-background has-link-color has-medium-font-size has-custom-font-size wp-element-button\" href=\"https:\/\/host.nxt.blackbaud.com\/donor-form?svcid=renxt&amp;formId=7b63aa04-12d5-45c3-a7bc-5b0b9002d38b&amp;envid=p-WR0AqOQHrEenhvA7HqI6qQ&amp;zone=usa\" style=\"background-color:#51a933\" target=\"_blank\" rel=\"noreferrer noopener\"><strong>Przeka\u017c darowizn\u0119<\/strong>o <strong>Godno\u015b\u0107 ro\u015bnie<\/strong><\/a><\/div>\n<\/div>\n\n\n\n<p>Istnieje wiele sposob\u00f3w, aby si\u0119 zaanga\u017cowa\u0107:<\/p>\n\n\n\n<ol class=\"wp-block-list\">\n<li>Sponsoruj torb\u0119<\/li>\n\n\n\n<li>Zosta\u0144 wolontariuszem z nami<\/li>\n\n\n\n<li>Zorganizuj imprez\u0119 pakowania<\/li>\n\n\n\n<li>I wiele wi\u0119cej!<\/li>\n<\/ol>\n\n\n\n<p><strong>Cz\u0142onkowie Komitetu:<\/strong><\/p>\n\n\n\n<p>Cassie Johnson, przewodnicz\u0105ca ds. zbierania funduszy,&nbsp;<a href=\"mailto:johnsoca@chc1.com\">johnsoca@chc1.com<\/a><\/p>\n\n\n\n<p>Tonee Corlette, Przewodnicz\u0105ca Dystrybucji,&nbsp;<a href=\"mailto:corlett@chc1.com\">corlett@chc1.com<\/a><\/p>\n\n\n\n<p>Anna Rogers<\/p>\n\n\n\n<p>Kasey Harding<\/p>\n\n\n\n<p>Kennedy Porter<\/p>\n\n\n\n<p>Lilla Powers<\/p>\n\n\n\n<p>Per\u0142a Morosky<\/p>\n\n\n\n<p>Je\u015bli jeste\u015b zainteresowany zaanga\u017cowaniem si\u0119, skontaktuj si\u0119 z Cassie Johnson pod adresem <a href=\"mailto:dignitygrows@chc1.com\">dignitygrows@chc1.com<\/a> lub 475-318-2781<\/p>\n\n\n\n<p><a name=\"footnote\"><sup>1 <\/sup><\/a>Dignity Grows Inc., Tolman, Bailey, Laryea, Carroll i Chernikoff. (2023). Ub\u00f3stwo menstruacyjne w Ameryce. Dignity Grows Inc. <a href=\"https:\/\/dignitygrows.org\/periodpovertyinamerica\/\" target=\"-blank\">https:\/\/dignitygrows.org\/periodpovertyinamerica\/<\/a><\/p>\n<\/div>\n\n\n\n<div class=\"wp-block-column is-layout-flow wp-block-column-is-layout-flow\" style=\"flex-basis:33.33%\">\n<figure class=\"wp-block-image size-large\"><img loading=\"lazy\" decoding=\"async\" width=\"1024\" height=\"683\" src=\"https:\/\/www.centerforkeypopulations.com\/wp-content\/uploads\/2025\/07\/dignitygrows-logo-1200x800-1-1024x683.webp\" alt=\"dignitygrows logo\" class=\"wp-image-1363\" srcset=\"https:\/\/www.centerforkeypopulations.com\/wp-content\/uploads\/2025\/07\/dignitygrows-logo-1200x800-1-1024x683.webp 1024w, https:\/\/www.centerforkeypopulations.com\/wp-content\/uploads\/2025\/07\/dignitygrows-logo-1200x800-1-300x200.webp 300w, https:\/\/www.centerforkeypopulations.com\/wp-content\/uploads\/2025\/07\/dignitygrows-logo-1200x800-1-768x512.webp 768w, https:\/\/www.centerforkeypopulations.com\/wp-content\/uploads\/2025\/07\/dignitygrows-logo-1200x800-1-18x12.webp 18w, https:\/\/www.centerforkeypopulations.com\/wp-content\/uploads\/2025\/07\/dignitygrows-logo-1200x800-1.webp 1200w\" sizes=\"auto, (max-width: 1024px) 100vw, 1024px\" \/><\/figure>\n<\/div>\n<\/div>\n<\/div><\/div>\n\n\n\n<p><\/p>","protected":false},"excerpt":{"rendered":"<p>\u201eUb\u00f3stwo menstruacyjne to powszechny problem, kt\u00f3rego do\u015bwiadcza ponad jedna trzecia Amerykanek w pewnym momencie swojego \u017cycia\u201d1. Dignity Grows to og\u00f3lnokrajowa organizacja dzia\u0142aj\u0105ca na rzecz rozwi\u0105zania tego problemu poprzez dostarczanie kobietom produkt\u00f3w do higieny osobistej i menstruacyjnej. Ka\u017cda wielorazowa torba Dignity Grows zawiera miesi\u0119czny zapas produkt\u00f3w menstruacyjnych, szamponu, myd\u0142a, pasty do z\u0119b\u00f3w, dezodorantu\u2026 <br \/> <a class=\"button small blue\" href=\"https:\/\/www.centerforkeypopulations.com\/pl\/empowering-equity-a-dignity-grows-chapter\/\">Dowiedz si\u0119 wi\u0119cej<\/a><\/p>","protected":false},"author":15,"featured_media":1333,"parent":0,"menu_order":0,"comment_status":"closed","ping_status":"closed","template":"","meta":{"footnotes":""},"class_list":["post-1329","page","type-page","status-publish","has-post-thumbnail","hentry"],"_links":{"self":[{"href":"https:\/\/www.centerforkeypopulations.com\/pl\/wp-json\/wp\/v2\/pages\/1329","targetHints":{"allow":["GET"]}}],"collection":[{"href":"https:\/\/www.centerforkeypopulations.com\/pl\/wp-json\/wp\/v2\/pages"}],"about":[{"href":"https:\/\/www.centerforkeypopulations.com\/pl\/wp-json\/wp\/v2\/types\/page"}],"author":[{"embeddable":true,"href":"https:\/\/www.centerforkeypopulations.com\/pl\/wp-json\/wp\/v2\/users\/15"}],"replies":[{"embeddable":true,"href":"https:\/\/www.centerforkeypopulations.com\/pl\/wp-json\/wp\/v2\/comments?post=1329"}],"version-history":[{"count":12,"href":"https:\/\/www.centerforkeypopulations.com\/pl\/wp-json\/wp\/v2\/pages\/1329\/revisions"}],"predecessor-version":[{"id":1402,"href":"https:\/\/www.centerforkeypopulations.com\/pl\/wp-json\/wp\/v2\/pages\/1329\/revisions\/1402"}],"wp:featuredmedia":[{"embeddable":true,"href":"https:\/\/www.centerforkeypopulations.com\/pl\/wp-json\/wp\/v2\/media\/1333"}],"wp:attachment":[{"href":"https:\/\/www.centerforkeypopulations.com\/pl\/wp-json\/wp\/v2\/media?parent=1329"}],"curies":[{"name":"wp","href":"https:\/\/api.w.org\/{rel}","templated":true}]}}