{"id":1321,"date":"2025-06-17T14:34:04","date_gmt":"2025-06-17T18:34:04","guid":{"rendered":"https:\/\/www.centerforkeypopulations.com\/?page_id=1321"},"modified":"2025-06-17T14:34:04","modified_gmt":"2025-06-17T18:34:04","slug":"women-in-transition-wit","status":"publish","type":"page","link":"https:\/\/www.centerforkeypopulations.com\/pl\/women-in-transition-wit\/","title":{"rendered":"Kobiety w okresie transformacji (WIT)"},"content":{"rendered":"<p>Program CHC Women in Transition (WIT) ma na celu udzielanie pomocy kobietom opuszczaj\u0105cym zak\u0142ad karny York Correctional Institute w Niantic w okresie przej\u015bciowym.&nbsp;<\/p>\n\n\n\n<p>Nasi wysoce wyszkoleni Transition Case Managerowie pomagaj\u0105 klientom WIT nawi\u0105za\u0107 kontakt z opiek\u0105 zdrowotn\u0105 i innymi niezb\u0119dnymi us\u0142ugami. Mo\u017cemy pom\u00f3c klientom nawi\u0105za\u0107 kontakt z podstawow\u0105 opiek\u0105 zdrowotn\u0105, opiek\u0105 behawioraln\u0105, opiek\u0105 stomatologiczn\u0105, wsparciem w zakresie u\u017cywania substancji, wsparciem w zakresie transportu, wsparciem w zakresie \u0142\u0105czenia rodzin i nie tylko!\u00a0<\/p>\n\n\n\n<p>Je\u015bli znasz kobiet\u0119, kt\u00f3ra w ci\u0105gu najbli\u017cszych 90 dni ma opu\u015bci\u0107 Zak\u0142ad Karny w York i kt\u00f3ra mog\u0142aby skorzysta\u0107 z naszych us\u0142ug, skontaktuj si\u0119 z nami, korzystaj\u0105c z danych kontaktowych podanych poni\u017cej.&nbsp;<\/p>\n\n\n\n<p>Je\u015bli chcesz dowiedzie\u0107 si\u0119 wi\u0119cej o programie, skontaktuj si\u0119 z nami pod adresem\u00a0<a href=\"mailto:wit@chc1.com\">dowcip@chc1.com<\/a>\u00a0lub (475) 253-8908.\u00a0<\/p>\n\n\n\n<p><\/p>","protected":false},"excerpt":{"rendered":"<p>Program CHC \u201eKobiety w Transition\u201d (WIT) ma na celu pomoc kobietom opuszczaj\u0105cym Zak\u0142ad Karny York w okresie przej\u015bciowym w Niantic. Nasi wysoko wykwalifikowani koordynatorzy ds. transformacji pomagaj\u0105 klientom programu WIT w nawi\u0105zaniu kontaktu z opiek\u0105 zdrowotn\u0105 i innymi niezb\u0119dnymi us\u0142ugami. Mo\u017cemy pom\u00f3c klientom w nawi\u0105zaniu kontaktu z podstawow\u0105 opiek\u0105 zdrowotn\u0105, opiek\u0105 behawioraln\u0105, opiek\u0105 stomatologiczn\u0105, wsparciem w zakresie uzale\u017cnie\u0144, wsparciem w transporcie, \u0142\u0105czeniem rodzin\u2026 <br \/> <a class=\"button small blue\" href=\"https:\/\/www.centerforkeypopulations.com\/pl\/women-in-transition-wit\/\">Dowiedz si\u0119 wi\u0119cej<\/a><\/p>","protected":false},"author":14,"featured_media":0,"parent":0,"menu_order":0,"comment_status":"closed","ping_status":"closed","template":"","meta":{"footnotes":""},"class_list":["post-1321","page","type-page","status-publish","hentry"],"_links":{"self":[{"href":"https:\/\/www.centerforkeypopulations.com\/pl\/wp-json\/wp\/v2\/pages\/1321","targetHints":{"allow":["GET"]}}],"collection":[{"href":"https:\/\/www.centerforkeypopulations.com\/pl\/wp-json\/wp\/v2\/pages"}],"about":[{"href":"https:\/\/www.centerforkeypopulations.com\/pl\/wp-json\/wp\/v2\/types\/page"}],"author":[{"embeddable":true,"href":"https:\/\/www.centerforkeypopulations.com\/pl\/wp-json\/wp\/v2\/users\/14"}],"replies":[{"embeddable":true,"href":"https:\/\/www.centerforkeypopulations.com\/pl\/wp-json\/wp\/v2\/comments?post=1321"}],"version-history":[{"count":2,"href":"https:\/\/www.centerforkeypopulations.com\/pl\/wp-json\/wp\/v2\/pages\/1321\/revisions"}],"predecessor-version":[{"id":1323,"href":"https:\/\/www.centerforkeypopulations.com\/pl\/wp-json\/wp\/v2\/pages\/1321\/revisions\/1323"}],"wp:attachment":[{"href":"https:\/\/www.centerforkeypopulations.com\/pl\/wp-json\/wp\/v2\/media?parent=1321"}],"curies":[{"name":"wp","href":"https:\/\/api.w.org\/{rel}","templated":true}]}}