{"id":1282,"date":"2025-05-20T22:19:58","date_gmt":"2025-05-21T02:19:58","guid":{"rendered":"https:\/\/www.centerforkeypopulations.com\/?page_id=1282"},"modified":"2025-08-10T23:02:15","modified_gmt":"2025-08-11T03:02:15","slug":"maternal-mobile-health","status":"publish","type":"page","link":"https:\/\/www.centerforkeypopulations.com\/pl\/maternal-mobile-health\/","title":{"rendered":"Mobilna opieka zdrowotna dla matek"},"content":{"rendered":"<p>Opis programu: Maternal MHU to plac\u00f3wka ambulatoryjna zapewniaj\u0105ca opiek\u0119 w ci\u0105\u017cy i po porodzie w spo\u0142eczno\u015bciach hrabstwa Windham. MHU wsp\u00f3\u0142pracuje z organizacjami spo\u0142ecznymi, aby zapewni\u0107 opiek\u0119 i kontakt medyczny osobom od\u0142\u0105czonym od tradycyjnych plac\u00f3wek opieki ambulatoryjnej. Naszym celem jest zapewnienie pacjentom dost\u0119pu do trwa\u0142ej i ci\u0105g\u0142ej opieki.&nbsp;<\/p>\n\n\n\n<p>Us\u0142ugi obejmuj\u0105:<\/p>\n\n\n\n<p>\u2022 Oceny stanu zdrowia<br>\u2022 Opieka prenatalna i poporodowa<br>\u2022 Poradnictwo \u017cywieniowe<br>\u2022 Edukacja pacjenta<br>\u2022 Pomoc w zapisaniu si\u0119 do ubezpieczenia<br>\u2022 \u0141\u0105czenie pacjent\u00f3w z ci\u0105g\u0142\u0105 opiek\u0105 po\u0142o\u017cniczo-ginekologiczn\u0105<\/p>\n\n\n\n<p class=\"has-text-align-center\"><br>Kontakt: (860) 810-6089 lub\u00a0<a href=\"mailto:MaternityMHU@chc1.com\">Ci\u0105\u017caMHU@chc1.com<\/a><\/p>\n\n\n\n<iframe loading=\"lazy\" src=\"https:\/\/calendar.google.com\/calendar\/embed?height=600&#038;wkst=1&#038;ctz=America%2FNew_York&#038;showPrint=0&#038;src=cm9nZXJzYUBjaGMxLmNvbQ&#038;color=%23039be5\" style=\"border:solid 1px #777\" width=\"800\" height=\"600\" frameborder=\"0\" scrolling=\"no\"><\/iframe>\n\n\n\n<p><\/p>","protected":false},"excerpt":{"rendered":"<p>Opis programu: Maternal MHU to plac\u00f3wka ambulatoryjna zapewniaj\u0105ca opiek\u0119 w ci\u0105\u017cy i po porodzie w spo\u0142eczno\u015bciach hrabstwa Windham. MHU wsp\u00f3\u0142pracuje z organizacjami spo\u0142ecznymi, aby zapewni\u0107 opiek\u0119 i kontakt medyczny osobom od\u0142\u0105czonym od tradycyjnych plac\u00f3wek opieki ambulatoryjnej. Naszym celem jest zapewnienie pacjentom dost\u0119pu do trwa\u0142ej i ci\u0105g\u0142ej opieki. Us\u0142ugi obejmuj\u0105:\u2026 <br \/> <a class=\"button small blue\" href=\"https:\/\/www.centerforkeypopulations.com\/pl\/maternal-mobile-health\/\">Dowiedz si\u0119 wi\u0119cej<\/a><\/p>","protected":false},"author":15,"featured_media":0,"parent":0,"menu_order":0,"comment_status":"closed","ping_status":"closed","template":"","meta":{"footnotes":""},"class_list":["post-1282","page","type-page","status-publish","hentry"],"_links":{"self":[{"href":"https:\/\/www.centerforkeypopulations.com\/pl\/wp-json\/wp\/v2\/pages\/1282","targetHints":{"allow":["GET"]}}],"collection":[{"href":"https:\/\/www.centerforkeypopulations.com\/pl\/wp-json\/wp\/v2\/pages"}],"about":[{"href":"https:\/\/www.centerforkeypopulations.com\/pl\/wp-json\/wp\/v2\/types\/page"}],"author":[{"embeddable":true,"href":"https:\/\/www.centerforkeypopulations.com\/pl\/wp-json\/wp\/v2\/users\/15"}],"replies":[{"embeddable":true,"href":"https:\/\/www.centerforkeypopulations.com\/pl\/wp-json\/wp\/v2\/comments?post=1282"}],"version-history":[{"count":7,"href":"https:\/\/www.centerforkeypopulations.com\/pl\/wp-json\/wp\/v2\/pages\/1282\/revisions"}],"predecessor-version":[{"id":1394,"href":"https:\/\/www.centerforkeypopulations.com\/pl\/wp-json\/wp\/v2\/pages\/1282\/revisions\/1394"}],"wp:attachment":[{"href":"https:\/\/www.centerforkeypopulations.com\/pl\/wp-json\/wp\/v2\/media?parent=1282"}],"curies":[{"name":"wp","href":"https:\/\/api.w.org\/{rel}","templated":true}]}}