{"id":105,"date":"2018-02-06T20:17:33","date_gmt":"2018-02-06T20:17:33","guid":{"rendered":"https:\/\/www.centerforkeypopulations.com\/?page_id=105"},"modified":"2025-08-19T11:14:01","modified_gmt":"2025-08-19T15:14:01","slug":"our-team","status":"publish","type":"page","link":"https:\/\/www.centerforkeypopulations.com\/pl\/contact-us\/our-team\/","title":{"rendered":"Katalog pracownik\u00f3w"},"content":{"rendered":"<p class=\"has-text-align-center\"><strong>Kierownictwo KKP<\/strong><\/p>\n<p class=\"has-text-align-center\">Kasey Harding, MPH, dyrektor<\/p>\n<p class=\"has-text-align-center\">Marwan Haddad, MD, MPH, AAHIVS, dyrektor medyczny<\/p>\n<p class=\"has-text-align-center\"><strong>Dostawcy CKP<\/strong><\/p>\n<p class=\"has-text-align-center\">Marlene Edelstein, APRN<\/p>\n<p class=\"has-text-align-center\">Lucy Ehrenfeld, APRN<\/p>\n<p class=\"has-text-align-center\">Cecelia Hackerson, piel\u0119gniarka dyplomowana<\/p>\n<p class=\"has-text-align-center\">Catherine Hinojosa, APRN<\/p>\n<p class=\"has-text-align-center\">Madeline Howe, piel\u0119gniarka dyplomowana<\/p>\n<p class=\"has-text-align-center\">Jeannie McIntosh, APRN<\/p>\n<p class=\"has-text-align-center\">Grace Mills, piel\u0119gniarka dyplomowana<\/p>\n<p class=\"has-text-align-center\"><strong>Personel Kliniczny CKP<\/strong><\/p>\n<p class=\"has-text-align-center\">Bernie Delgado, piel\u0119gniarka prze\u0142o\u017cona<\/p>\n<p class=\"has-text-align-center\">Valerie Walton, piel\u0119gniarka dyplomowana<\/p>\n<p class=\"has-text-align-center\">Denise Tafeni, starszy asystent medyczny<\/p>\n<p class=\"has-text-align-center\">Quiana Kirkwood, asystentka medyczna<\/p>\n<p class=\"has-text-align-center\">Shanalee Denton, asystentka medyczna<\/p>\n<p style=\"text-align: center;\"><strong>Us\u0142ugi spo\u0142eczno\u015bciowe<\/strong><\/p>\n<p style=\"text-align: center;\">Maria Lorenzo, Kierownik ds. us\u0142ug spo\u0142ecznych, 475-343-3150 x109 <a href=\"mailto:lorenzm@chc1.com\">lorenzm@chc1.com<\/a><\/p>\n<p style=\"text-align: center;\">Aubree Buccino, koordynator programu CBS, 475-301-3693 <a href=\"mailto:buccina@chc1.com\">buccina@chc1.com<\/a><\/p>\n<p style=\"text-align: center;\">Anna Rogers, Dyrektor Projektu <a href=\"mailto:rogersa@chc1.com\">rogersa@chc1.com<\/a><\/p>\n<p style=\"text-align: center;\">Lenon Farkash, specjalista ds. programu <a href=\"mailto:farkasl@chc1.com\">farkasl@chc1.com<\/a><\/p>\n<p style=\"text-align: center;\"><strong>Program zdrowotny rolnik\u00f3w z doliny rzeki CT (CTRVFH)<\/strong><\/p>\n<p style=\"text-align: center;\">Elizabeth Vazquez-Fresse, kierownik programu, 475-375-7667 <a href=\"mailto:vazqueel@mwhs1.com\">vazqueel@mwhs1.com<\/a><\/p>\n<p style=\"text-align: center;\">Carmen Davila, koordynator ds. zdrowia, 860-347-6971 x6101 <a href=\"mailto:davilac@chc1.com\">davilac@chc1.com<\/a><strong>\u00a0<\/strong><\/p>\n<p style=\"text-align: center;\"><strong>Zdrowe Spo\u0142eczno\u015bci, program AmeriCorps<\/strong><\/p>\n<p style=\"text-align: center;\">Raneda Porter, Dyrektor Programu AmeriCorps, 475-355-1229 <a href=\"mailto:porterr@chc1.com\">porterr@chc1.com<\/a><\/p>\n<p style=\"text-align: center;\">Paelo Agyeman, cz\u0142onek AmeriCorps: edukator r\u00f3wie\u015bniczy w dziedzinie medycyny precyzyjnej <a href=\"mailto:agyemak@chc1.com\">agyemak@chc1.com<\/a><\/p>\n<p style=\"text-align: center;\">Kirsten Chery, cz\u0142onkini AmeriCorps: koordynatorka ds. us\u0142ug rodzinnych New Horizons <a href=\"mailto:cheryk@chc1.com\">cheryk@chc1.com<\/a><\/p>\n<p style=\"text-align: center;\">Tonee Corlette, cz\u0142onkini AmeriCorps: koordynatorka opieki <a href=\"mailto:corlett@chc1.com\">corlett@chc1.com<\/a><\/p>\n<p style=\"text-align: center;\">Sade&#039; Ebanks, cz\u0142onek AmeriCorps: Specjalista ds. informacji o zdrowiu spo\u0142eczno\u015bci <a href=\"mailto:ebankss@chc1.com\">ebankss@chc1.com<\/a><\/p>\n<p style=\"text-align: center;\">Peter Harding, cz\u0142onek AmeriCorps: nawigator ds. zdrowia CKP <a href=\"mailto:hardinp@chc1.com\">hardinp@chc1.com<\/a><\/p>\n<p style=\"text-align: center;\">Mickala Hill, cz\u0142onkini AmeriCorps: asystentka ds. dobrego samopoczucia rodziny <a href=\"mailto:hillmi@chc1.com\">hillmi@chc1.com<\/a><strong>\u00a0<\/strong><\/p>\n<p style=\"text-align: center;\"><strong>Mobilna Jednostka Zdrowia<\/strong><\/p>\n<p style=\"text-align: center;\">Karen Gatison, koordynatorka programu MHU <a href=\"mailto:gatisok@chc1.com\">gatisok@chc1.com<\/a><\/p>\n<p style=\"text-align: center;\">Alex Tafeni, kierowca mobilnej jednostki ochrony zdrowia <a href=\"mailto:tafenia@chc1.com\">tafenia@chc1.com<\/a><strong>\u00a0<\/strong><\/p>\n<p style=\"text-align: center;\"><strong>Nowe Horyzonty<\/strong><\/p>\n<p style=\"text-align: center;\">Tajae Sergeon, kierownik programu <a href=\"mailto:Sergeont@chc1.com\">Sergeont@chc1.com<\/a><\/p>\n<p style=\"text-align: center;\">LaShanda Dove, rzecznik praw doros\u0142ych <a href=\"mailto:dovel@chc1.com\">dovel@chc1.com<\/a><\/p>\n<p style=\"text-align: center;\">Brooke Maxfield, Rzecznik Praw Doros\u0142ych <a href=\"mailto:maxfieb@chc1.com\">maxfieb@chc1.com<\/a><\/p>\n<p style=\"text-align: center;\">Kennedy Porter, rzecznik spo\u0142eczno\u015bci i edukator <a href=\"mailto:porterk@chc1.com\">porterk@chc1.com<\/a><\/p>\n<p style=\"text-align: center;\">Olivia Runte, Rzecznik Praw Doros\u0142ych <a href=\"mailto:runteo@chc1.com\">runteo@chc1.com<\/a><\/p>\n<p style=\"text-align: center;\">Brittney Safo, rzecznik praw doros\u0142ych <a href=\"mailto:safob@chc1.com\">safob@chc1.com<\/a><\/p>\n<p style=\"text-align: center;\">Isabella Scrivani, rzecznik praw dziecka <a href=\"mailto:scrivai@chc1.com\">scrivai@chc1.com<\/a><\/p>\n<p style=\"text-align: center;\">Valarie Smith, rzeczniczka ds. szybkiego znajdowania mieszka\u0144, <a href=\"mailto:smithv@chc1.com\">smithv@chc1.com<\/a><\/p>\n<p style=\"text-align: center;\">Taylor Tinney, Rzecznik Praw Doros\u0142ych <a href=\"mailto:tinneyt@chc1.com\">tinneyt@chc1.com<\/a><\/p>\n<p style=\"text-align: center;\">Tierson Wood, Rzecznik Praw Doros\u0142ych <a href=\"mailto:woodti@chc1.com\">woodti@chc1.com<\/a><\/p>\n<p style=\"text-align: center;\">Tara Zimmerman, Rzecznik Praw Doros\u0142ych <a href=\"mailto:zimmert@chc1.com\">zimmert@chc1.com<\/a><strong>\u00a0<\/strong><\/p>\n<p style=\"text-align: center;\"><strong>OAZA<\/strong><\/p>\n<p style=\"text-align: center;\">Stephanie Moses, pracownik socjalny <a href=\"mailto:mosess@chc1.com\">mosess@chc1.com<\/a><strong>\u00a0<\/strong><\/p>\n<p style=\"text-align: center;\"><strong>\u015aCIE\u017bKA<\/strong><\/p>\n<p style=\"text-align: center;\">Sherrie Frechette, Kierownik ds. Przypadk\u00f3w, 860-347-6971 wew. 3903 <a href=\"mailto:frechs@chc1.com\">frechs@chc1.com<\/a><strong>\u00a0<\/strong><\/p>\n<p style=\"text-align: center;\"><strong>Koordynatorzy PrEP<\/strong><\/p>\n<p style=\"text-align: center;\">Julie Colon, doradca ds. profilaktyki zdrowotnej, <a href=\"mailto:colonju@chc1.com\">colonju@chc1.com<\/a><\/p>\n<p style=\"text-align: center;\">Paola Monge, nawigatorka ds. profilaktyki zdrowotnej, <a href=\"mailto:mongep@chc1.com\">mongep@chc1.com<\/a><strong>\u00a0<\/strong><\/p>\n<p style=\"text-align: center;\"><strong>Mened\u017cerowie spraw Ryana White&#039;a<\/strong><\/p>\n<p style=\"text-align: center;\">Glorivee Cosme-Rodriguez, kierownik ds. przypadk\u00f3w medycznych, 203-985-9322 <a href=\"mailto:rodrigglo@chc1.com\">rodrigglo@chc1.com<\/a><\/p>\n<p style=\"text-align: center;\">Sandra Perez Ruiz, Kierownik ds. Przypadk\u00f3w Medycznych, 203-927-0463 <a href=\"mailto:perezrs@chc1.com\">perezrs@chc1.com<\/a><\/p>\n<p style=\"text-align: center;\">Lizbeth Vazquez, Kierownik ds. Przypadk\u00f3w Medycznych, 203-499-9816 <a href=\"mailto:vazqueli@chc1.com\">vazqueli@chc1.com<\/a><strong>\u00a0<\/strong><\/p>\n<p style=\"text-align: center;\"><strong>Program zdrowotny dotycz\u0105cy u\u017cywania substancji<\/strong><\/p>\n<p style=\"text-align: center;\">Dan Bryant, dyrektor ds. leczenia uzale\u017cnie\u0144<\/p>\n<p style=\"text-align: center;\">Vanessa Parker, klinicysta zdrowia behawioralnego<\/p>\n<p style=\"text-align: center;\">Wendy Hoyle, klinicystka zdrowia behawioralnego \u2013 studentka<\/p>\n<p style=\"text-align: center;\">Briana Reaves, Kierownik programu, 475-343-3150 wew. 133 <a href=\"mailto:reavesb@chc1.com\">reavesb@chc1.com<\/a><\/p>\n<p style=\"text-align: center;\">Marissa Ortiz, koordynator ds. opieki pooperacyjnej, 860-347-6971 wew. 5104 <a href=\"https:\/\/www.centerforkeypopulations.com\/pl\/contact-us\/our-team\/ortizmar@chc1.com\/\">ortizmar@chc1.com<\/a><strong>\u00a0<\/strong><\/p>\n<p style=\"text-align: center;\"><strong>Gdziekolwiek jeste\u015b (WYA)\u00a0 \u00a0\u00a0<\/strong><\/p>\n<p style=\"text-align: center;\">Joshua Beltr\u00e9, koordynator programu WYA <a href=\"mailto:beltrej@chc1.com\">beltrej@chc1.com<\/a><\/p>\n<p style=\"text-align: center;\">Marisol Velez, rzeczniczka zdrowia <a href=\"mailto:velezma@chc1.com\">velezma@chc1.com<\/a><\/p>\n<p style=\"text-align: center;\"><strong>Kobiety w okresie transformacji (WIT) <\/strong><\/p>\n<p style=\"text-align: center;\">Cassie Johnson, koordynator programu, 475-318-2781 <a href=\"mailto:johnsoca@chc1.com\">johnsoca@chc1.com<\/a><\/p>\n<p style=\"text-align: center;\">Carissa Poole, mened\u017cer ds. spraw przej\u015bciowych, 203-499-9690 <a href=\"mailto:poolec@chc1.com\">poolec@chc1.com<\/a><\/p>\n<p style=\"text-align: center;\">Lizette Reboira, Kierownik ds. Przej\u015bciowych, 860-494-3001 <a href=\"mailto:reboirl@chc1.com\">reboirl@chc1.com<\/a><\/p>","protected":false},"excerpt":{"rendered":"<p>Kierownictwo CKP Kasey Harding, MPH, dyrektor Marwan Haddad, MD, MPH, AAHIVS, dyrektor medyczny Dostawcy CKP Marlene Edelstein, APRN Lucy Ehrenfeld, APRN Cecelia Hackerson, APRN Catherine Hinojosa, APRN Madeline Howe, APRN Jeannie McIntosh, APRN Grace Mills, APRN Personel kliniczny CKP Bernie Delgado, piel\u0119gniarka nadzoruj\u0105ca Valerie Walton, piel\u0119gniarka dyplomowana Denise Tafeni, starsza asystentka medyczna Quiana Kirkwood, medyczna\u2026 <br \/> <a class=\"button small blue\" href=\"https:\/\/www.centerforkeypopulations.com\/pl\/pride\/\">Dowiedz si\u0119 wi\u0119cej<\/a><\/p>","protected":false},"author":15,"featured_media":0,"parent":108,"menu_order":0,"comment_status":"closed","ping_status":"closed","template":"full-width-page.php","meta":{"footnotes":""},"class_list":["post-105","page","type-page","status-publish","hentry"],"_links":{"self":[{"href":"https:\/\/www.centerforkeypopulations.com\/pl\/wp-json\/wp\/v2\/pages\/105","targetHints":{"allow":["GET"]}}],"collection":[{"href":"https:\/\/www.centerforkeypopulations.com\/pl\/wp-json\/wp\/v2\/pages"}],"about":[{"href":"https:\/\/www.centerforkeypopulations.com\/pl\/wp-json\/wp\/v2\/types\/page"}],"author":[{"embeddable":true,"href":"https:\/\/www.centerforkeypopulations.com\/pl\/wp-json\/wp\/v2\/users\/15"}],"replies":[{"embeddable":true,"href":"https:\/\/www.centerforkeypopulations.com\/pl\/wp-json\/wp\/v2\/comments?post=105"}],"version-history":[{"count":42,"href":"https:\/\/www.centerforkeypopulations.com\/pl\/wp-json\/wp\/v2\/pages\/105\/revisions"}],"predecessor-version":[{"id":1400,"href":"https:\/\/www.centerforkeypopulations.com\/pl\/wp-json\/wp\/v2\/pages\/105\/revisions\/1400"}],"up":[{"embeddable":true,"href":"https:\/\/www.centerforkeypopulations.com\/pl\/wp-json\/wp\/v2\/pages\/108"}],"wp:attachment":[{"href":"https:\/\/www.centerforkeypopulations.com\/pl\/wp-json\/wp\/v2\/media?parent=105"}],"curies":[{"name":"wp","href":"https:\/\/api.w.org\/{rel}","templated":true}]}}