{"id":63,"date":"2018-01-25T18:38:16","date_gmt":"2018-01-25T18:38:16","guid":{"rendered":"https:\/\/www.centerforkeypopulations.com\/?page_id=63"},"modified":"2026-02-16T11:57:10","modified_gmt":"2026-02-16T16:57:10","slug":"the-center","status":"publish","type":"page","link":"https:\/\/www.centerforkeypopulations.com\/es_pr\/the-center\/","title":{"rendered":"Sobre el Centro"},"content":{"rendered":"<div class=\"wp-block-image\">\n<figure class=\"aligncenter size-full\"><img loading=\"lazy\" decoding=\"async\" width=\"540\" height=\"146\" src=\"https:\/\/www.centerforkeypopulations.com\/wp-content\/uploads\/2024\/08\/CHC.jpg\" alt=\"\" class=\"wp-image-1068\" style=\"object-fit:cover\" srcset=\"https:\/\/www.centerforkeypopulations.com\/wp-content\/uploads\/2024\/08\/CHC.jpg 540w, https:\/\/www.centerforkeypopulations.com\/wp-content\/uploads\/2024\/08\/CHC-300x81.jpg 300w, https:\/\/www.centerforkeypopulations.com\/wp-content\/uploads\/2024\/08\/CHC-18x5.jpg 18w\" sizes=\"auto, (max-width: 540px) 100vw, 540px\" \/><\/figure><\/div>\n\n\n<div style=\"height:15px\" aria-hidden=\"true\" class=\"wp-block-spacer\"><\/div>\n\n\n\n<p>El Centro para Poblaciones Clave (CKP) es un programa de&nbsp;<a href=\"http:\/\/chc1.com\/\" target=\"_blank\" rel=\"noreferrer noopener\">centro de salud comunitario, inc.<\/a>&nbsp;(CHC), el centro de salud calificado a nivel federal m\u00e1s grande de Connecticut, donde \u201cla atenci\u00f3n m\u00e9dica es un derecho, no un privilegio\u201d.<\/p>\n\n\n\n<p>A trav\u00e9s del acceso a atenci\u00f3n m\u00e9dica primaria y especializada de alta calidad, CKP busca eliminar las barreras a la atenci\u00f3n integral, respetuosa y basada en evidencia para las poblaciones clave en nuestras comunidades. Colaboramos con CHC en todo el espectro de la atenci\u00f3n m\u00e9dica, incluida la salud m\u00f3vil, la mejora de la calidad, la capacitaci\u00f3n y la educaci\u00f3n, y la investigaci\u00f3n, para ayudar a transformar las vidas de los pacientes a los que atendemos.<\/p>\n\n\n\n<p>Si necesita m\u00e1s informaci\u00f3n sobre nuestros servicios, ll\u00e1menos directamente al (860) 347-6971, x3900.<\/p>\n\n\n<div class=\"wp-block-image\">\n<figure class=\"aligncenter size-full is-resized\"><img loading=\"lazy\" decoding=\"async\" width=\"536\" height=\"495\" src=\"https:\/\/www.centerforkeypopulations.com\/wp-content\/uploads\/2023\/01\/Center-for-Key-Populations.jpg\" alt=\"\" class=\"wp-image-655\" style=\"width:366px;height:338px\" srcset=\"https:\/\/www.centerforkeypopulations.com\/wp-content\/uploads\/2023\/01\/Center-for-Key-Populations.jpg 536w, https:\/\/www.centerforkeypopulations.com\/wp-content\/uploads\/2023\/01\/Center-for-Key-Populations-300x277.jpg 300w\" sizes=\"auto, (max-width: 536px) 100vw, 536px\" \/><\/figure><\/div>\n\n\n<h3 class=\"wp-block-heading has-text-align-center\"><br><strong>Equipo de liderazgo<\/strong><\/h3>\n\n\n<div class=\"wp-block-image\">\n<figure class=\"aligncenter size-full is-resized\"><img loading=\"lazy\" decoding=\"async\" width=\"800\" height=\"800\" src=\"https:\/\/www.centerforkeypopulations.com\/wp-content\/uploads\/2020\/07\/cropped-CHC-Harding-K0012-scaled-1.jpg\" alt=\"\" class=\"wp-image-498\" style=\"width:204px;height:204px\" srcset=\"https:\/\/www.centerforkeypopulations.com\/wp-content\/uploads\/2020\/07\/cropped-CHC-Harding-K0012-scaled-1.jpg 800w, https:\/\/www.centerforkeypopulations.com\/wp-content\/uploads\/2020\/07\/cropped-CHC-Harding-K0012-scaled-1-300x300.jpg 300w, https:\/\/www.centerforkeypopulations.com\/wp-content\/uploads\/2020\/07\/cropped-CHC-Harding-K0012-scaled-1-150x150.jpg 150w, https:\/\/www.centerforkeypopulations.com\/wp-content\/uploads\/2020\/07\/cropped-CHC-Harding-K0012-scaled-1-768x768.jpg 768w\" sizes=\"auto, (max-width: 800px) 100vw, 800px\" \/><\/figure><\/div>\n\n\n<p class=\"has-text-align-center\"><strong>Kasey Harding, MPH<br>Director<\/strong><\/p>\n\n\n\n<p class=\"has-text-align-left\"><br>Kasey comenz\u00f3 su carrera en CHC como directora del programa VIH Ryan White. Desde entonces, ha asumido la responsabilidad administrativa y program\u00e1tica de programas como Healthcare for the Homeless (WYA), Hepatitis C y Migrant Farm Programs. Fue responsable del desarrollo y la implementaci\u00f3n de los programas de prevenci\u00f3n del VIH y PrEP de CHC, brindando servicios de atenci\u00f3n m\u00e9dica para poblaciones vulnerables. M\u00e1s recientemente, Kasey asumi\u00f3 el cargo de Directora de los Servicios de Violencia Dom\u00e9stica de New Horizon de CHC, incluida la supervisi\u00f3n del Refugio New Horizons. Kasey es una entrenadora de mejora de la calidad capacitada en Dartmouth que trabaja con programas a nivel nacional e internacional para capacitar equipos para mejorar la atenci\u00f3n de las poblaciones clave que experimentan disparidades de salud a lo largo de la atenci\u00f3n continua.<\/p>\n\n\n<div class=\"wp-block-image\">\n<figure class=\"aligncenter size-full is-resized\"><img loading=\"lazy\" decoding=\"async\" width=\"800\" height=\"800\" src=\"https:\/\/www.centerforkeypopulations.com\/wp-content\/uploads\/2018\/01\/cropped-180112-1866.jpg\" alt=\"\" class=\"wp-image-59\" style=\"width:211px;height:211px\" srcset=\"https:\/\/www.centerforkeypopulations.com\/wp-content\/uploads\/2018\/01\/cropped-180112-1866.jpg 800w, https:\/\/www.centerforkeypopulations.com\/wp-content\/uploads\/2018\/01\/cropped-180112-1866-150x150.jpg 150w, https:\/\/www.centerforkeypopulations.com\/wp-content\/uploads\/2018\/01\/cropped-180112-1866-300x300.jpg 300w, https:\/\/www.centerforkeypopulations.com\/wp-content\/uploads\/2018\/01\/cropped-180112-1866-768x768.jpg 768w\" sizes=\"auto, (max-width: 800px) 100vw, 800px\" \/><\/figure><\/div>\n\n\n<p class=\"has-text-align-center\"><strong>Marwan Haddad, MD, MPH<br>Director m\u00e9dico<\/strong><\/p>\n\n\n\n<p>El Dr. Haddad es el Director M\u00e9dico del Centro para Poblaciones Clave. Obtuvo su Licenciatura en Artes en Harvard College y su t\u00edtulo de m\u00e9dico en la Universidad McGill. Complet\u00f3 su residencia en medicina familiar en la Universidad de Toronto y obtuvo su Maestr\u00eda en Salud P\u00fablica en la Universidad Johns Hopkins. Est\u00e1 certificado en Medicina Familiar. Est\u00e1 certificado por la Academia Americana de Medicina del VIH como especialista en VIH. Desde enero de 2012, el Dr. Haddad ha dirigido el programa Weitzman ECHO para Poblaciones Clave y el MOUD, que ampl\u00edan la integraci\u00f3n de estos programas no solo dentro del CHC, sino a nivel nacional.<\/p>\n\n\n\n<div style=\"height:20px\" aria-hidden=\"true\" class=\"wp-block-spacer\"><\/div>","protected":false},"excerpt":{"rendered":"<p>El Centro para Poblaciones Clave (CKP) es un programa de Community Health Center, Inc. (CHC), el centro de salud con certificaci\u00f3n federal m\u00e1s grande de Connecticut, donde la atenci\u00f3n m\u00e9dica es un derecho, no un privilegio. Mediante el acceso a atenci\u00f3n m\u00e9dica primaria y especializada de alta calidad, CKP busca eliminar las barreras para una atenci\u00f3n integral, respetuosa y basada en la evidencia para las poblaciones clave de nuestras comunidades. Colaboramos con\u2026 <br \/> <a class=\"button small blue\" href=\"https:\/\/www.centerforkeypopulations.com\/es_pr\/the-center\/\">Leer m\u00e1s<\/a><\/p>","protected":false},"author":15,"featured_media":0,"parent":0,"menu_order":0,"comment_status":"closed","ping_status":"closed","template":"","meta":{"footnotes":""},"class_list":["post-63","page","type-page","status-publish","hentry"],"_links":{"self":[{"href":"https:\/\/www.centerforkeypopulations.com\/es_pr\/wp-json\/wp\/v2\/pages\/63","targetHints":{"allow":["GET"]}}],"collection":[{"href":"https:\/\/www.centerforkeypopulations.com\/es_pr\/wp-json\/wp\/v2\/pages"}],"about":[{"href":"https:\/\/www.centerforkeypopulations.com\/es_pr\/wp-json\/wp\/v2\/types\/page"}],"author":[{"embeddable":true,"href":"https:\/\/www.centerforkeypopulations.com\/es_pr\/wp-json\/wp\/v2\/users\/15"}],"replies":[{"embeddable":true,"href":"https:\/\/www.centerforkeypopulations.com\/es_pr\/wp-json\/wp\/v2\/comments?post=63"}],"version-history":[{"count":20,"href":"https:\/\/www.centerforkeypopulations.com\/es_pr\/wp-json\/wp\/v2\/pages\/63\/revisions"}],"predecessor-version":[{"id":1427,"href":"https:\/\/www.centerforkeypopulations.com\/es_pr\/wp-json\/wp\/v2\/pages\/63\/revisions\/1427"}],"wp:attachment":[{"href":"https:\/\/www.centerforkeypopulations.com\/es_pr\/wp-json\/wp\/v2\/media?parent=63"}],"curies":[{"name":"wp","href":"https:\/\/api.w.org\/{rel}","templated":true}]}}