{"id":5,"date":"2018-01-24T21:56:46","date_gmt":"2018-01-24T21:56:46","guid":{"rendered":"https:\/\/www.centerforkeypopulations.com\/one-page-express\/"},"modified":"2026-02-16T11:56:21","modified_gmt":"2026-02-16T16:56:21","slug":"one-page-express","status":"publish","type":"page","link":"https:\/\/www.centerforkeypopulations.com\/es_pr\/","title":{"rendered":"Hogar"},"content":{"rendered":"<div id=\"about-1\" class=\"about-big-images-section\" style=\"background-color: #ffffff; background-image: none;\" data-id=\"about-big-images-section\" data-label=\"About\" data-category=\"about\" data-ovid=\"ovid-about-1-87\">\n<div>\n<div class=\"about-big-images-textrow\">\n<div class=\"about-big-images-textcol dynamic-color\" data-type=\"column\">\n<h3 class=\"\"><span style=\"color: #00ccff;\"><strong>POR QU\u00c9 ESTAMOS AQU\u00cd<\/strong><\/span><\/h3>\n<h3 class=\"\"><span style=\"color: #333333;\">para garantizar que\u00a0<span style=\"color: #00ccff;\"><strong>poblaciones clave<\/strong> <\/span>en las comunidades a las que servimos tienen un enfoque central y cohesivo dentro de Community Health Center, Inc.<\/span><\/h3>\n<\/div>\n<\/div>\n<\/div>\n<div class=\"about-big-images-bottomrow\">\n<div class=\"about-big-images-leftimgcol\"><img decoding=\"async\" class=\"about-big-images-leftimg\" src=\"https:\/\/www.centerforkeypopulations.com\/wp-content\/uploads\/2018\/01\/140609_2872.jpg\" \/><\/div>\n<div class=\"about-big-images-centerimgcol\"><img decoding=\"async\" class=\"about-big-images-centerimg\" src=\"https:\/\/www.centerforkeypopulations.com\/wp-content\/uploads\/2018\/01\/100411-983-1.jpg\" \/><\/div>\n<div class=\"about-big-images-rightimgcol\"><img decoding=\"async\" class=\"about-big-images-rightimg\" src=\"https:\/\/www.centerforkeypopulations.com\/wp-content\/uploads\/2018\/01\/100411-2116.jpg\" \/><\/div>\n<\/div>\n<\/div>\n<div id=\"numbers\" class=\"numbers-section\" data-id=\"numbers-section\" data-label=\"Numbers\" data-category=\"numbers\" data-bg=\"transparent\" data-parallax-depth=\"20\">\n<div class=\"dynamic-color gridContainer\">\n<div class=\"numbers-itemcol\">\n<h2 class=\"numbers-numbertext\"><span style=\"color: #ffffff;\">11,8 millones<\/span><\/h2>\n<h3 class=\"numbers-titletext\"><span style=\"color: #ffffff;\">MAL USO DE OPIOIDES<\/span><\/h3>\n<\/div>\n<div class=\"numbers-itemcol\">\n<h2 class=\"numbers-numbertext\"><span style=\"color: #ffffff;\">3,2 millones<\/span><\/h2>\n<h3 class=\"numbers-titletext\"><span style=\"color: #ffffff;\">TIENE HEPATITIS C<\/span><\/h3>\n<\/div>\n<div class=\"numbers-itemcol-last\">\n<h2 class=\"numbers-numbertext\"><span style=\"color: #ffffff;\">1.2 millones<\/span><\/h2>\n<h3 class=\"numbers-titletext\"><span style=\"color: #ffffff;\">VIVIR CON VIH<\/span><\/h3>\n<\/div>\n<\/div>\n<\/div>\n<div id=\"programs\" class=\"portfolio-cards-section content-relative\" style=\"background-color: #ffffff; background-image: none; background-size: cover; background-position: center top;\" data-id=\"portfolio-cards-section\" data-label=\"Programs\" data-category=\"portfolio\" data-ovid=\"ovid-programs-117\">\n<div class=\"gridContainer\">\n<div class=\"portfolio-cards-textcol dynamic-color\" data-type=\"column\">\n<h2 class=\"\"><span style=\"color: #00ccff;\"><strong>Nuestros Programas<\/strong><\/span><\/h2>\n<h4 class=\"\"><span style=\"color: #800080;\"><strong>Atenci\u00f3n primaria, atenci\u00f3n especializada y defensa, \u00a1todo bajo un mismo techo!<\/strong><\/span><\/h4>\n<\/div>\n<div class=\"portfolio-cards-projectsro dark-text\" data-type=\"row\">\n<div class=\"portfolio-cards-projectcol cp6cols-tablet cp3cols\">\n<div class=\"portfolio-cards-projectcard\">\n<div id=\"ContentSwap104\" class=\"contentswap-effect ContentSwap104\">\n<div class=\"ContentSwap104_content initial-image\"><img decoding=\"async\" class=\"portfolio-cards-projectimg\" src=\"https:\/\/www.centerforkeypopulations.com\/wp-content\/uploads\/2023\/03\/ckp-aids-day.jpg\" data-size=\"1200x800\" \/><\/div>\n<div class=\"overlay\" style=\"display: block; opacity: 1;\"><\/div>\n<div class=\"swap-inner\" style=\"opacity: 1; display: block;\">\n<div class=\"ContentSwap104-center\"><\/div>\n<\/div>\n<\/div>\n<div class=\"portfolio-cards-projectinfo\">\n<div class=\"portfolio-cards-projnamecol\" data-type=\"column\">\n<h4 class=\"portfolio-cards-projtitle\"><a class=\"\" href=\"https:\/\/www.centerforkeypopulations.com\/es_pr\/community-based-services-program\/\" target=\"_self\" rel=\"noopener noreferrer\">Programa de Servicios Basados en la Comunidad<\/a><\/h4>\n<\/div>\n<\/div>\n<\/div>\n<\/div>\n<div class=\"portfolio-cards-projectcol cp6cols-tablet cp3cols\">\n<div class=\"portfolio-cards-projectcard\">\n<div id=\"ContentSwap104\" class=\"contentswap-effect ContentSwap104\">\n<div class=\"ContentSwap104_content initial-image\"><img decoding=\"async\" class=\"portfolio-cards-projectimg\" src=\"https:\/\/www.centerforkeypopulations.com\/wp-content\/uploads\/2025\/07\/dignitygrows-icon-logo-1200x800-1.webp\" data-size=\"1200x800\" \/><\/div>\n<div class=\"overlay\" style=\"display: block; opacity: 1;\"><\/div>\n<div class=\"swap-inner\" style=\"opacity: 1; display: block;\">\n<div class=\"ContentSwap104-center\"><\/div>\n<\/div>\n<\/div>\n<div class=\"portfolio-cards-projectinfo\">\n<div class=\"portfolio-cards-projnamecol\" data-type=\"column\">\n<h4 class=\"portfolio-cards-projtitle\"><a class=\"\" href=\"https:\/\/www.centerforkeypopulations.com\/es_pr\/dignitygrows\/\" target=\"_self\" rel=\"noopener noreferrer\">La dignidad crece<\/a><\/h4>\n<\/div>\n<\/div>\n<\/div>\n<\/div>\n<div class=\"portfolio-cards-projectcol cp6cols-tablet cp3cols\">\n<div class=\"portfolio-cards-projectcard\">\n<div id=\"ContentSwap104\" class=\"contentswap-effect ContentSwap104\">\n<div class=\"ContentSwap104_content initial-image\"><img decoding=\"async\" class=\"portfolio-cards-projectimg\" src=\"https:\/\/www.centerforkeypopulations.com\/wp-content\/uploads\/2018\/01\/140609_1929.jpg\" data-size=\"1200x800\" \/><\/div>\n<div class=\"overlay\" style=\"display: block; opacity: 1;\"><\/div>\n<div class=\"swap-inner\" style=\"opacity: 1; display: block;\">\n<div class=\"ContentSwap104-center\"><\/div>\n<\/div>\n<\/div>\n<div class=\"portfolio-cards-projectinfo\">\n<div class=\"portfolio-cards-projnamecol\" data-type=\"column\">\n<h4 class=\"portfolio-cards-projtitle\"><a class=\"\" href=\"https:\/\/www.centerforkeypopulations.com\/es_pr\/hiv-prep-pre-exposure-prophylaxis-or-pep-post-exposure-prophylactic\/\" target=\"_self\" rel=\"noopener noreferrer\">PrEP (profilaxis previa a la exposici\u00f3n) y PEP (profilaxis posterior a la exposici\u00f3n) para el VIH<\/a><\/h4>\n<\/div>\n<\/div>\n<\/div>\n<\/div>\n<div class=\"portfolio-cards-projectcol cp6cols-tablet cp3cols\">\n<div class=\"portfolio-cards-projectcard\">\n<div id=\"ContentSwap104\" class=\"contentswap-effect ContentSwap104\">\n<div class=\"ContentSwap104_content initial-image\"><img decoding=\"async\" class=\"portfolio-cards-projectimg\" src=\"https:\/\/www.centerforkeypopulations.com\/wp-content\/uploads\/2018\/01\/cropped-140609_720.jpg\" data-size=\"1200x800\" \/><\/div>\n<div class=\"overlay\" style=\"display: block; opacity: 1;\"><\/div>\n<div class=\"swap-inner\" style=\"opacity: 1; display: block;\">\n<div class=\"ContentSwap104-center\"><\/div>\n<\/div>\n<\/div>\n<div class=\"portfolio-cards-projectinfo\">\n<div class=\"portfolio-cards-projnamecol\" data-type=\"column\">\n<h4 class=\"portfolio-cards-projtitle\"><a class=\"\" href=\"https:\/\/www.centerforkeypopulations.com\/es_pr\/hiv-primary-care-testing\/\" target=\"_self\" rel=\"noopener noreferrer\">Atenci\u00f3n primaria de VIH y servicios de VIH\/SIDA Ryan White<\/a><\/h4>\n<\/div>\n<\/div>\n<\/div>\n<\/div>\n<div class=\"portfolio-cards-projectcol cp6cols-tablet cp3cols\">\n<div class=\"portfolio-cards-projectcard\">\n<div id=\"ContentSwap104\" class=\"contentswap-effect ContentSwap104\">\n<div class=\"ContentSwap104_content initial-image\"><a href=\"https:\/\/www.centerforkeypopulations.com\/es_pr\/maternal-mobile-health\/\"><img decoding=\"async\" class=\"portfolio-cards-projectimg\" src=\"\/wp-content\/uploads\/2025\/06\/maternity-MHU-sign.jpg\" data-size=\"1200x800\" \/><\/a><\/div>\n<div class=\"overlay\" style=\"display: block; opacity: 1;\"><\/div>\n<div class=\"swap-inner\" style=\"opacity: 1; display: block;\">\n<div class=\"ContentSwap104-center\"><\/div>\n<\/div>\n<\/div>\n<div class=\"portfolio-cards-projectinfo\">\n<div class=\"portfolio-cards-projnamecol\" data-type=\"column\">\n<h4 class=\"portfolio-cards-projtitle\"><a class=\"\" href=\"https:\/\/www.centerforkeypopulations.com\/es_pr\/maternal-mobile-health\/\" target=\"_self\" rel=\"noopener noreferrer\">Salud M\u00f3vil Materna<\/a><\/h4>\n<\/div>\n<\/div>\n<\/div>\n<\/div>\n<div class=\"portfolio-cards-projectcol cp6cols-tablet cp3cols\">\n<div class=\"portfolio-cards-projectcard\">\n<div id=\"ContentSwap104\" class=\"contentswap-effect ContentSwap104\">\n<div class=\"ContentSwap104_content initial-image\"><img decoding=\"async\" class=\"portfolio-cards-projectimg\" src=\"https:\/\/www.centerforkeypopulations.com\/wp-content\/uploads\/2024\/02\/MHU-Calendar-Homepage-item_2000x1335.png\" data-size=\"1200x800\" \/><\/div>\n<div class=\"overlay\" style=\"display: block; opacity: 1;\"><\/div>\n<div class=\"swap-inner\" style=\"opacity: 1; display: block;\">\n<div class=\"ContentSwap104-center\"><\/div>\n<\/div>\n<\/div>\n<div class=\"portfolio-cards-projectinfo\">\n<div class=\"portfolio-cards-projnamecol\" data-type=\"column\">\n<h4 class=\"portfolio-cards-projtitle\"><a class=\"\" href=\"https:\/\/www.centerforkeypopulations.com\/es_pr\/healthcare-for-the-homeless-2\/#mhucalendar\" target=\"_self\" rel=\"noopener noreferrer\">Programa y calendario de la Unidad M\u00f3vil de Salud<\/a><\/h4>\n<\/div>\n<\/div>\n<\/div>\n<\/div>\n<div class=\"portfolio-cards-projectcol cp6cols-tablet cp3cols\">\n<div class=\"portfolio-cards-projectcard\">\n<div id=\"ContentSwap104\" class=\"contentswap-effect ContentSwap104\">\n<div class=\"ContentSwap104_content initial-image\"><img decoding=\"async\" class=\"portfolio-cards-projectimg\" src=\"https:\/\/www.centerforkeypopulations.com\/wp-content\/uploads\/2023\/03\/New-Horizons_CKP.png\" data-size=\"1200x800\" \/><\/div>\n<div class=\"overlay\" style=\"display: block; opacity: 1;\"><\/div>\n<div class=\"swap-inner\" style=\"opacity: 1; display: block;\">\n<div class=\"ContentSwap104-center\"><\/div>\n<\/div>\n<\/div>\n<div class=\"portfolio-cards-projectinfo\">\n<div class=\"portfolio-cards-projnamecol\" data-type=\"column\">\n<h4 class=\"portfolio-cards-projtitle\"><a class=\"\" href=\"https:\/\/www.centerforkeypopulations.com\/es_pr\/new-horizons\/\" target=\"_self\" rel=\"noopener noreferrer\">Nuevos horizontes<\/a><\/h4>\n<\/div>\n<\/div>\n<\/div>\n<\/div>\n<div class=\"portfolio-cards-projectcol cp6cols-tablet cp3cols\">\n<div class=\"portfolio-cards-projectcard\">\n<div id=\"ContentSwap104\" class=\"contentswap-effect ContentSwap104\">\n<div class=\"ContentSwap104_content initial-image\"><img decoding=\"async\" class=\"portfolio-cards-projectimg\" src=\"https:\/\/www.centerforkeypopulations.com\/wp-content\/uploads\/2018\/03\/100411-1650.jpg\" data-size=\"1200x800\" \/><\/div>\n<div class=\"overlay\" style=\"display: block; opacity: 1;\"><\/div>\n<div class=\"swap-inner\" style=\"opacity: 1; display: block;\">\n<div class=\"ContentSwap104-center\"><\/div>\n<\/div>\n<\/div>\n<div class=\"portfolio-cards-projectinfo\">\n<div class=\"portfolio-cards-projnamecol\" data-type=\"column\">\n<h4 class=\"portfolio-cards-projtitle\"><a class=\"\" href=\"https:\/\/www.centerforkeypopulations.com\/es_pr\/oasis-drop-in-center\/\" target=\"_self\" rel=\"noopener noreferrer\">Oasis<\/a><\/h4>\n<\/div>\n<\/div>\n<\/div>\n<\/div>\n<div class=\"portfolio-cards-projectcol cp6cols-tablet cp3cols\">\n<div class=\"portfolio-cards-projectcard\">\n<div id=\"ContentSwap104\" class=\"contentswap-effect ContentSwap104\">\n<div class=\"ContentSwap104_content initial-image\"><img decoding=\"async\" class=\"portfolio-cards-projectimg\" src=\"https:\/\/www.centerforkeypopulations.com\/wp-content\/uploads\/2023\/03\/iStock-1359965342.jpg\" data-size=\"1200x800\" \/><\/div>\n<div class=\"overlay\" style=\"display: block; opacity: 1;\"><\/div>\n<div class=\"swap-inner\" style=\"opacity: 1; display: block;\">\n<div class=\"ContentSwap104-center\"><\/div>\n<\/div>\n<\/div>\n<div class=\"portfolio-cards-projectinfo\">\n<div class=\"portfolio-cards-projnamecol\" data-type=\"column\">\n<h4 class=\"portfolio-cards-projtitle\"><a class=\"\" href=\"https:\/\/www.centerforkeypopulations.com\/es_pr\/path-program\/\" target=\"_self\" rel=\"noopener noreferrer\">CAMINO<\/a><\/h4>\n<\/div>\n<\/div>\n<\/div>\n<\/div>\n<div class=\"portfolio-cards-projectcol cp6cols-tablet cp3cols color6\">\n<div class=\"portfolio-cards-projectcard\">\n<div id=\"ContentSwap104\" class=\"contentswap-effect ContentSwap104\">\n<div class=\"ContentSwap104_content initial-image\"><img decoding=\"async\" class=\"portfolio-cards-projectimg\" src=\"https:\/\/www.centerforkeypopulations.com\/wp-content\/uploads\/2018\/03\/cropped-100411-1171.jpg\" data-size=\"1200x800\" \/><\/div>\n<div class=\"overlay\" style=\"display: block; opacity: 1;\"><\/div>\n<div class=\"swap-inner\" style=\"opacity: 1; display: block;\">\n<div class=\"ContentSwap104-center\"><\/div>\n<\/div>\n<\/div>\n<div class=\"portfolio-cards-projectinfo\">\n<div class=\"portfolio-cards-projnamecol\" data-type=\"column\">\n<h4 class=\"portfolio-cards-projtitle\"><a class=\"\" href=\"https:\/\/www.centerforkeypopulations.com\/es_pr\/sexually-transmitted-infections\/\" target=\"_self\" rel=\"noopener noreferrer\">Pruebas y tratamiento de ITS<\/a><\/h4>\n<\/div>\n<\/div>\n<\/div>\n<\/div>\n<div class=\"portfolio-cards-projectcol cp6cols-tablet cp3cols\">\n<div class=\"portfolio-cards-projectcard\">\n<div id=\"ContentSwap104\" class=\"contentswap-effect ContentSwap104\">\n<div class=\"ContentSwap104_content initial-image\"><img decoding=\"async\" class=\"portfolio-cards-projectimg\" src=\"https:\/\/www.centerforkeypopulations.com\/wp-content\/uploads\/2018\/01\/cropped-100411-1252.jpg\" data-size=\"1200x800\" \/><\/div>\n<div class=\"overlay\" style=\"display: block; opacity: 1;\"><\/div>\n<div class=\"swap-inner\" style=\"opacity: 1; display: block;\">\n<div class=\"ContentSwap104-center\"><\/div>\n<\/div>\n<\/div>\n<div class=\"portfolio-cards-projectinfo\">\n<div class=\"portfolio-cards-projnamecol\" data-type=\"column\">\n<h4 class=\"portfolio-cards-projtitle\"><a class=\"\" href=\"https:\/\/www.centerforkeypopulations.com\/es_pr\/healthcare-for-the-homeless-2\/#page-content\" rel=\"noopener noreferrer\">Donde quiera que est\u00e9s<\/a><\/h4>\n<\/div>\n<\/div>\n<\/div>\n<\/div>\n<div class=\"portfolio-cards-projectcol cp6cols-tablet cp3cols\">\n<div class=\"portfolio-cards-projectcard\">\n<div id=\"ContentSwap104\" class=\"contentswap-effect ContentSwap104\">\n<div class=\"ContentSwap104_content initial-image\"><img decoding=\"async\" class=\"portfolio-cards-projectimg\" src=\"\/wp-content\/uploads\/2025\/06\/Women-in-Transition-WIT.jpg\" data-size=\"1200x800\" \/><\/div>\n<div class=\"overlay\" style=\"display: block; opacity: 1;\"><\/div>\n<div class=\"swap-inner\" style=\"opacity: 1; display: block;\">\n<div class=\"ContentSwap104-center\"><\/div>\n<\/div>\n<\/div>\n<div class=\"portfolio-cards-projectinfo\">\n<div class=\"portfolio-cards-projnamecol\" data-type=\"column\">\n<h4 class=\"portfolio-cards-projtitle\"><a class=\"\" href=\"https:\/\/www.centerforkeypopulations.com\/es_pr\/women-in-transition-wit\/\" target=\"_self\" rel=\"noopener noreferrer\">Mujeres en Transici\u00f3n (WIT)<\/a><\/h4>\n<\/div>\n<\/div>\n<\/div>\n<\/div>\n<\/div>\n<\/div>\n<\/div>\n<div id=\"cta-1\" class=\"cta-blue-section\" style=\"background-image: none; background-color: #2186c4;\" data-id=\"cta-blue-section\" data-label=\"Call to action\" data-category=\"cta\" data-ovid=\"ovid-cta-1-91\">\n<div class=\"gridContainer\">\n<div class=\"flexbox-list flexbox-list-align-center row\">\n<div class=\"cta-blue-textcol dynamic-color\">\n<h2 class=\"cta-blue-text\"><b class=\"element2\"> Ponerse en contacto.\u00a0<\/b>\u00a0Estamos aqu\u00ed por t\u00ed.<\/h2>\n<\/div>\n<div class=\"cta-blue-btncol\"><a class=\"button big yellow dark-text\" href=\"https:\/\/www.centerforkeypopulations.com\/es_pr\/contact-us\/our-team\/\" rel=\"noopener noreferrer\">P\u00f3ngase en contacto con el equipo<\/a><\/div>\n<\/div>\n<\/div>\n<\/div>\n<div id=\"content-4\" class=\"content-right-image-section\" style=\"background-color: #f6f6f6; background-image: none;\" data-id=\"content-image-right\" data-label=\"Content\" data-category=\"content\" data-ovid=\"ovid-content-4-100\">\n<div class=\"gridContainer\">\n<div class=\"content-right-image-gridcol\">\n<div class=\"content-right-image-textcol dynamic-color\" data-type=\"column\">\n<h2 class=\"\"><span style=\"color: #0000ff;\">Acerca del Centro de Salud Comunitario<\/span><\/h2>\n<a class=\"\" href=\"http:\/\/chc1.com\">centro de salud comunitario, inc.<\/a>\u00a0(CHC) es el centro de salud calificado a nivel federal m\u00e1s grande de Connecticut, donde \u201cla atenci\u00f3n m\u00e9dica es un derecho, no un privilegio\u201d. CHC se fund\u00f3 en 1972 y brinda atenci\u00f3n m\u00e9dica, dental y de salud conductual a pacientes en todo el estado de Connecticut.\n<p class=\"\"><a class=\"button blue\" href=\"https:\/\/www.chc1.com\" target=\"_blank\" rel=\"noopener noreferrer\"> Aprende m\u00e1s <\/a><\/p>\n\n<div class=\"\" style=\"position: relative; left: 0px; top: 0px;\" data-editable=\"true\" data-name=\"ope-widgets-area\" data-content-shortcode=\"ope_display_widgets_area id=&quot;ope_pro_users_custom_widgets_area_0&quot; \"><div data-name=\"ope-widgets-area\"><div id=\"block-4\" class=\"widget widget_block\"><div id=\"float-link\"><a href=\"https:\/\/www.centerforkeypopulations.com\/es_pr\/healthcare-for-the-homeless-2\/#mhucalendar\"><div id=\"float-arrow\"><div ><i class=\"fa fa-caret-down\"><\/i><\/div><\/div><div id=\"float-text\">CL\u00cdNICA CKP<br >HORARIOS<\/div><\/a><\/div><\/div><\/div><\/div>\n<\/div>\n<div class=\"content-right-image-imgcol\" data-type=\"column\"><img decoding=\"async\" class=\"\" src=\"https:\/\/www.centerforkeypopulations.com\/wp-content\/uploads\/2018\/01\/140609_435.jpg\" \/><\/div>\n<\/div>\n<\/div>\n<\/div>","protected":false},"excerpt":{"rendered":"<p>\u00bfPOR QU\u00c9 ESTAMOS AQU\u00cd? Para garantizar que las poblaciones clave en las comunidades a las que servimos tengan un enfoque central y cohesivo dentro de Community Health Center, Inc. 11.8 millones CONSUMEN INDEBIDAMENTE DE OPIOIDES 3.2 millones TIENEN HEPATITIS C 1.2 millones VIVEN CON VIH. Nuestros programas: Atenci\u00f3n primaria, atenci\u00f3n especializada y defensa, \u00a1todo en un mismo lugar! Programa de Servicios Comunitarios: Dignidad Crece VIH\u2026 <br \/> <a class=\"button small blue\" href=\"https:\/\/www.centerforkeypopulations.com\/es_pr\/pride\/\">Leer m\u00e1s<\/a><\/p>","protected":false},"author":15,"featured_media":0,"parent":0,"menu_order":0,"comment_status":"closed","ping_status":"closed","template":"","meta":{"footnotes":""},"class_list":["post-5","page","type-page","status-publish","hentry"],"_links":{"self":[{"href":"https:\/\/www.centerforkeypopulations.com\/es_pr\/wp-json\/wp\/v2\/pages\/5","targetHints":{"allow":["GET"]}}],"collection":[{"href":"https:\/\/www.centerforkeypopulations.com\/es_pr\/wp-json\/wp\/v2\/pages"}],"about":[{"href":"https:\/\/www.centerforkeypopulations.com\/es_pr\/wp-json\/wp\/v2\/types\/page"}],"author":[{"embeddable":true,"href":"https:\/\/www.centerforkeypopulations.com\/es_pr\/wp-json\/wp\/v2\/users\/15"}],"replies":[{"embeddable":true,"href":"https:\/\/www.centerforkeypopulations.com\/es_pr\/wp-json\/wp\/v2\/comments?post=5"}],"version-history":[{"count":158,"href":"https:\/\/www.centerforkeypopulations.com\/es_pr\/wp-json\/wp\/v2\/pages\/5\/revisions"}],"predecessor-version":[{"id":1426,"href":"https:\/\/www.centerforkeypopulations.com\/es_pr\/wp-json\/wp\/v2\/pages\/5\/revisions\/1426"}],"wp:attachment":[{"href":"https:\/\/www.centerforkeypopulations.com\/es_pr\/wp-json\/wp\/v2\/media?parent=5"}],"curies":[{"name":"wp","href":"https:\/\/api.w.org\/{rel}","templated":true}]}}