{"id":232,"date":"2018-06-27T15:42:28","date_gmt":"2018-06-27T15:42:28","guid":{"rendered":"https:\/\/www.centerforkeypopulations.com\/?page_id=232"},"modified":"2022-02-08T15:28:38","modified_gmt":"2022-02-08T15:28:38","slug":"hepatitis-c-management-testing","status":"publish","type":"page","link":"https:\/\/www.centerforkeypopulations.com\/es_pr\/hepatitis-c-management-testing\/","title":{"rendered":"Detecci\u00f3n y tratamiento de la hepatitis C"},"content":{"rendered":"<h4 style=\"text-align: center;\">Ofrecemos pruebas de detecci\u00f3n de hepatitis C a cualquier persona en riesgo, incluidas las personas nacidas entre 1945 y 1965 (Generaci\u00f3n Baby Boomer). Si tiene hepatitis C, podemos tratarlo en CHC.<\/h4>\n<h3 style=\"text-align: center;\"><span style=\"color: #00ccff;\"><em><strong>\u00a1Las pruebas gratuitas est\u00e1n disponibles!<\/strong><\/em><\/span><\/h3>\n<h3 style=\"text-align: center;\"><span style=\"color: #00ccff;\"><em><strong>\u00a1Una cura est\u00e1 a una llamada de distancia!<\/strong><\/em><\/span><\/h3>\n<hr \/>\n<h4 style=\"text-align: center;\"><span style=\"color: #ff6600;\">Manejo de la hepatitis C:<\/span>\u00a0Contacto <i>Lizbeth V\u00e1zquez <\/i>en <span style=\"color: #0000ff;\">860.347.6971 extensi\u00f3n 3900<\/span> (correo electr\u00f3nico: <a href=\"mailto:vazquell@chc1.com\"><span style=\"color: #0000ff;\">Vazquell@chc1.com<\/span><\/a>)<\/h4>\n<hr \/>\n<h4 style=\"text-align: center;\"><span style=\"color: #701bd1;\"><strong>Pruebas r\u00e1pidas de VIH\/hepatitis C:<\/strong><\/span>\u00a0contacto <em><strong>doug janssen<\/strong><\/em> en <span style=\"color: #0000ff;\">860.378.7503<\/span> (correo electr\u00f3nico: <a href=\"mailto:Janssed@chc1.com\"><span style=\"color: #0000ff;\">Janssed@chc1.com<\/span><\/a>)<\/h4>\n<hr \/>","protected":false},"excerpt":{"rendered":"<p>Ofrecemos pruebas de detecci\u00f3n de hepatitis C a cualquier persona en riesgo, incluyendo a las personas nacidas entre 1945 y 1965 (generaci\u00f3n de los baby boomers). Si tiene hepatitis C, podemos tratarlo en CHC. \u00a1Pruebas gratuitas disponibles! \u00a1La cura est\u00e1 a solo una llamada! Manejo de la hepatitis C: Contacte a Lizbeth V\u00e1zquez al 860.347.6971 ext. 3900 (correo electr\u00f3nico: Vazquell@chc1.com). Prueba r\u00e1pida de VIH\/hepatitis C\u2026 <br \/> <a class=\"button small blue\" href=\"https:\/\/www.centerforkeypopulations.com\/es_pr\/hepatitis-c-management-testing\/\">Leer m\u00e1s<\/a><\/p>","protected":false},"author":15,"featured_media":22,"parent":0,"menu_order":0,"comment_status":"closed","ping_status":"closed","template":"","meta":{"footnotes":""},"class_list":["post-232","page","type-page","status-publish","has-post-thumbnail","hentry"],"_links":{"self":[{"href":"https:\/\/www.centerforkeypopulations.com\/es_pr\/wp-json\/wp\/v2\/pages\/232","targetHints":{"allow":["GET"]}}],"collection":[{"href":"https:\/\/www.centerforkeypopulations.com\/es_pr\/wp-json\/wp\/v2\/pages"}],"about":[{"href":"https:\/\/www.centerforkeypopulations.com\/es_pr\/wp-json\/wp\/v2\/types\/page"}],"author":[{"embeddable":true,"href":"https:\/\/www.centerforkeypopulations.com\/es_pr\/wp-json\/wp\/v2\/users\/15"}],"replies":[{"embeddable":true,"href":"https:\/\/www.centerforkeypopulations.com\/es_pr\/wp-json\/wp\/v2\/comments?post=232"}],"version-history":[{"count":11,"href":"https:\/\/www.centerforkeypopulations.com\/es_pr\/wp-json\/wp\/v2\/pages\/232\/revisions"}],"predecessor-version":[{"id":582,"href":"https:\/\/www.centerforkeypopulations.com\/es_pr\/wp-json\/wp\/v2\/pages\/232\/revisions\/582"}],"wp:featuredmedia":[{"embeddable":true,"href":"https:\/\/www.centerforkeypopulations.com\/es_pr\/wp-json\/wp\/v2\/media\/22"}],"wp:attachment":[{"href":"https:\/\/www.centerforkeypopulations.com\/es_pr\/wp-json\/wp\/v2\/media?parent=232"}],"curies":[{"name":"wp","href":"https:\/\/api.w.org\/{rel}","templated":true}]}}