{"id":1282,"date":"2025-05-20T22:19:58","date_gmt":"2025-05-21T02:19:58","guid":{"rendered":"https:\/\/www.centerforkeypopulations.com\/?page_id=1282"},"modified":"2025-08-10T23:02:15","modified_gmt":"2025-08-11T03:02:15","slug":"maternal-mobile-health","status":"publish","type":"page","link":"https:\/\/www.centerforkeypopulations.com\/es_pr\/maternal-mobile-health\/","title":{"rendered":"Salud M\u00f3vil Materna"},"content":{"rendered":"<p>Descripci\u00f3n del programa: La Unidad de Cuidados Intensivos Maternos (UMH) es una cl\u00ednica ambulatoria que ofrece atenci\u00f3n durante el embarazo y el posparto en las comunidades del condado de Windham. La UMH colabora con organizaciones comunitarias para brindar atenci\u00f3n y ofrecer conexiones m\u00e9dicas a quienes no tienen acceso a los servicios ambulatorios tradicionales. Nuestro objetivo es conectar a las pacientes con una atenci\u00f3n sostenible y continua.&nbsp;<\/p>\n\n\n\n<p>Los servicios incluyen:<\/p>\n\n\n\n<p>\u2022 Evaluaciones de salud<br>\u2022 Atenci\u00f3n prenatal y posparto<br>\u2022 Asesoramiento nutricional<br>\u2022 Educaci\u00f3n del paciente<br>\u2022 Asistencia con la inscripci\u00f3n al seguro<br>\u2022 Conectar a los pacientes con atenci\u00f3n obst\u00e9trica\/ginecol\u00f3gica continua<\/p>\n\n\n\n<p class=\"has-text-align-center\"><br>Contacto: (860) 810-6089 o\u00a0<a href=\"mailto:MaternityMHU@chc1.com\">MaternidadMHU@chc1.com<\/a><\/p>\n\n\n\n<iframe loading=\"lazy\" src=\"https:\/\/calendar.google.com\/calendar\/embed?height=600&#038;wkst=1&#038;ctz=America%2FNew_York&#038;showPrint=0&#038;src=cm9nZXJzYUBjaGMxLmNvbQ&#038;color=%23039be5\" style=\"border:solid 1px #777\" width=\"800\" height=\"600\" frameborder=\"0\" scrolling=\"no\"><\/iframe>\n\n\n\n<p><\/p>","protected":false},"excerpt":{"rendered":"<p>Descripci\u00f3n del programa: La Unidad de Cuidados Intensivos Maternos (UMH) es una cl\u00ednica ambulatoria que ofrece atenci\u00f3n durante el embarazo y el posparto en las comunidades del condado de Windham. La UMH colabora con organizaciones comunitarias para brindar atenci\u00f3n y ofrecer acceso a servicios m\u00e9dicos a quienes no tienen acceso a los centros de atenci\u00f3n ambulatoria tradicionales. Nuestro objetivo es conectar a las pacientes con una atenci\u00f3n sostenible y continua. Los servicios incluyen:\u2026 <br \/> <a class=\"button small blue\" href=\"https:\/\/www.centerforkeypopulations.com\/es_pr\/maternal-mobile-health\/\">Leer m\u00e1s<\/a><\/p>","protected":false},"author":15,"featured_media":0,"parent":0,"menu_order":0,"comment_status":"closed","ping_status":"closed","template":"","meta":{"footnotes":""},"class_list":["post-1282","page","type-page","status-publish","hentry"],"_links":{"self":[{"href":"https:\/\/www.centerforkeypopulations.com\/es_pr\/wp-json\/wp\/v2\/pages\/1282","targetHints":{"allow":["GET"]}}],"collection":[{"href":"https:\/\/www.centerforkeypopulations.com\/es_pr\/wp-json\/wp\/v2\/pages"}],"about":[{"href":"https:\/\/www.centerforkeypopulations.com\/es_pr\/wp-json\/wp\/v2\/types\/page"}],"author":[{"embeddable":true,"href":"https:\/\/www.centerforkeypopulations.com\/es_pr\/wp-json\/wp\/v2\/users\/15"}],"replies":[{"embeddable":true,"href":"https:\/\/www.centerforkeypopulations.com\/es_pr\/wp-json\/wp\/v2\/comments?post=1282"}],"version-history":[{"count":7,"href":"https:\/\/www.centerforkeypopulations.com\/es_pr\/wp-json\/wp\/v2\/pages\/1282\/revisions"}],"predecessor-version":[{"id":1394,"href":"https:\/\/www.centerforkeypopulations.com\/es_pr\/wp-json\/wp\/v2\/pages\/1282\/revisions\/1394"}],"wp:attachment":[{"href":"https:\/\/www.centerforkeypopulations.com\/es_pr\/wp-json\/wp\/v2\/media?parent=1282"}],"curies":[{"name":"wp","href":"https:\/\/api.w.org\/{rel}","templated":true}]}}