{"id":975,"date":"2024-02-13T17:56:07","date_gmt":"2024-02-13T17:56:07","guid":{"rendered":"https:\/\/www.centerforkeypopulations.com\/?page_id=975"},"modified":"2026-01-30T13:14:00","modified_gmt":"2026-01-30T18:14:00","slug":"healthcare-for-the-homeless-2","status":"publish","type":"page","link":"https:\/\/www.centerforkeypopulations.com\/es_mx\/healthcare-for-the-homeless-2\/","title":{"rendered":"Atenci\u00f3n m\u00e9dica para personas sin hogar"},"content":{"rendered":"<h2 class=\"wp-block-heading\"><\/h2>\n\n\n\n<p>\ud83d\udcc6 <strong>Calendario<\/strong><br><iframe loading=\"lazy\" src=\"https:\/\/calendar.google.com\/calendar\/embed?src=c_7c8e94ce962c907d2f60054e9463ec888dd67e5986f071b299689916d5b3a44f%40group.calendar.google.com&amp;ctz=America%2FNew_York\" style=\"border: 0\" width=\"800\" height=\"600\" frameborder=\"0\" scrolling=\"no\"><\/iframe> <\/p>\n\n\n\n<div class=\"wp-block-columns is-layout-flex wp-container-core-columns-is-layout-9d6595d7 wp-block-columns-is-layout-flex\">\n<div class=\"wp-block-column is-layout-flow wp-block-column-is-layout-flow\"><\/div>\n\n\n\n<div class=\"wp-block-column is-layout-flow wp-block-column-is-layout-flow\"><\/div>\n<\/div>\n\n\n\n<div class=\"wp-block-spacer\" style=\"height: 30px;\" aria-hidden=\"true\">&nbsp;<\/div>\n\n\n\n<h3 class=\"wp-block-heading\"><strong>Programa de Unidades M\u00f3viles de Salud<\/strong><\/h3>\n\n\n\n<div class=\"wp-block-columns is-layout-flex wp-container-core-columns-is-layout-9d6595d7 wp-block-columns-is-layout-flex\">\n<div class=\"wp-block-column is-layout-flow wp-block-column-is-layout-flow\">\n<p><strong>Descripci\u00f3n general<\/strong><br>Nuestro Programa de Unidades M\u00f3viles de Salud (UMS) brinda atenci\u00f3n m\u00e9dica directamente a las personas necesitadas, operando en diversos entornos comunitarios. Nos enorgullece servir con dignidad y flexibilidad a quienes viven en situaci\u00f3n de calle y en zonas marginadas.<\/p>\n<\/div>\n\n\n\n<div class=\"wp-block-column is-layout-flow wp-block-column-is-layout-flow\"><div class=\"wp-block-image\">\n<figure class=\"alignright size-medium\"><img loading=\"lazy\" decoding=\"async\" width=\"300\" height=\"200\" src=\"https:\/\/www.centerforkeypopulations.com\/wp-content\/uploads\/2025\/06\/MHU-CHC-McKinney_20241120_53-300x200.jpg\" alt=\"\" class=\"wp-image-1318\" srcset=\"https:\/\/www.centerforkeypopulations.com\/wp-content\/uploads\/2025\/06\/MHU-CHC-McKinney_20241120_53-300x200.jpg 300w, https:\/\/www.centerforkeypopulations.com\/wp-content\/uploads\/2025\/06\/MHU-CHC-McKinney_20241120_53-768x512.jpg 768w, https:\/\/www.centerforkeypopulations.com\/wp-content\/uploads\/2025\/06\/MHU-CHC-McKinney_20241120_53-18x12.jpg 18w, https:\/\/www.centerforkeypopulations.com\/wp-content\/uploads\/2025\/06\/MHU-CHC-McKinney_20241120_53.jpg 1024w\" sizes=\"auto, (max-width: 300px) 100vw, 300px\" \/><\/figure>\n<\/div><\/div>\n<\/div>\n\n\n\n<p>\ud83d\uddbc\ufe0f <strong>Galer\u00eda<\/strong><br>Experimente el impacto del Programa de Salud M\u00f3vil:<br><a href=\"https:\/\/chc1.photoshelter.com\/galleries\/C000035bfwcGa4q0\/G0000dRZ8IlraU6g\/MHU-Story-McKinney\">Ver la galer\u00eda de fotos de MHU<\/a> y algunas citas de pacientes<\/p>\n\n\n\n<p>\ud83d\udce9 <strong>Cont\u00e1ctenos<\/strong><br>Para obtener m\u00e1s informaci\u00f3n o programar una cita, comun\u00edquese con:<br>Llamar <strong>(475) 306-1418<\/strong><\/p>\n\n\n\n<h3 class=\"wp-block-heading\"><strong>Programa Dondequiera que Est\u00e9s (WYA)<\/strong><\/h3>\n\n\n\n<p><strong>Descripci\u00f3n general<\/strong><br>El <em>Donde quiera que est\u00e9s (WYA)<\/em> El programa brinda atenci\u00f3n m\u00e9dica a personas sin hogar o en situaci\u00f3n de inestabilidad habitacional en comunidades marginadas de Connecticut. Trabajamos con los pacientes para ayudarles a alcanzar una salud \u00f3ptima dondequiera que se encuentren, aplicando una filosof\u00eda de atenci\u00f3n de reducci\u00f3n de da\u00f1os.<\/p>\n\n\n\n<p>Con licencia de la <strong>Departamento de Salud P\u00fablica de Connecticut (DPH)<\/strong>, WYA opera en <strong>10 sitios comunitarios<\/strong>, incluido:<\/p>\n\n\n\n<ul class=\"wp-block-list\">\n<li>Refugios<\/li>\n\n\n\n<li>bancos de alimentos<\/li>\n\n\n\n<li>Refugios para v\u00edctimas de violencia dom\u00e9stica<\/li>\n<\/ul>\n\n\n\n<p>\ud83d\udccd <strong>Programar una visita<\/strong><br>Llamar <strong>(860) 622-1517<\/strong> para concertar una cita con un proveedor, dondequiera que est\u00e9.<\/p>\n\n\n\n<p>\ud83d\udce9 <strong>Cont\u00e1ctenos<\/strong><br>Para obtener m\u00e1s informaci\u00f3n sobre el programa Dondequiera que est\u00e9s, comun\u00edquese con:<\/p>\n\n\n\n<ul class=\"wp-block-list\">\n<li><strong>Josu\u00e9 Beltr\u00e9<\/strong>Coordinador del programa \u2013 beltrej@chc1.com<\/li>\n\n\n\n<li><strong>Marisol V\u00e9lez<\/strong>Defensora de la Salud \u2013 velezma@chc1.com<\/li>\n<\/ul>\n\n\n\n<p><\/p>","protected":false},"excerpt":{"rendered":"<p>\ud83d\udcc6 Calendario Resumen del Programa de Unidades M\u00f3viles de Salud Nuestro Programa de Unidades M\u00f3viles de Salud (UMS) brinda atenci\u00f3n m\u00e9dica directamente a las personas necesitadas, operando en diversos entornos comunitarios. Nos enorgullece servir a las personas sin hogar y a quienes viven en zonas marginadas con dignidad y flexibilidad. \ud83d\uddbc\ufe0f Galer\u00eda Experimente el impacto del Programa de Unidades M\u00f3viles de Salud: Vea la galer\u00eda de fotos de las UMS\u2026 <br \/> <a class=\"button small blue\" href=\"https:\/\/www.centerforkeypopulations.com\/es_mx\/pride\/\">Leer m\u00e1s<\/a><\/p>","protected":false},"author":15,"featured_media":0,"parent":0,"menu_order":0,"comment_status":"closed","ping_status":"closed","template":"","meta":{"footnotes":""},"class_list":["post-975","page","type-page","status-publish","hentry"],"_links":{"self":[{"href":"https:\/\/www.centerforkeypopulations.com\/es_mx\/wp-json\/wp\/v2\/pages\/975","targetHints":{"allow":["GET"]}}],"collection":[{"href":"https:\/\/www.centerforkeypopulations.com\/es_mx\/wp-json\/wp\/v2\/pages"}],"about":[{"href":"https:\/\/www.centerforkeypopulations.com\/es_mx\/wp-json\/wp\/v2\/types\/page"}],"author":[{"embeddable":true,"href":"https:\/\/www.centerforkeypopulations.com\/es_mx\/wp-json\/wp\/v2\/users\/15"}],"replies":[{"embeddable":true,"href":"https:\/\/www.centerforkeypopulations.com\/es_mx\/wp-json\/wp\/v2\/comments?post=975"}],"version-history":[{"count":28,"href":"https:\/\/www.centerforkeypopulations.com\/es_mx\/wp-json\/wp\/v2\/pages\/975\/revisions"}],"predecessor-version":[{"id":1417,"href":"https:\/\/www.centerforkeypopulations.com\/es_mx\/wp-json\/wp\/v2\/pages\/975\/revisions\/1417"}],"wp:attachment":[{"href":"https:\/\/www.centerforkeypopulations.com\/es_mx\/wp-json\/wp\/v2\/media?parent=975"}],"curies":[{"name":"wp","href":"https:\/\/api.w.org\/{rel}","templated":true}]}}