{"id":731,"date":"2023-03-06T01:58:29","date_gmt":"2023-03-06T01:58:29","guid":{"rendered":"https:\/\/www.centerforkeypopulations.com\/?page_id=731"},"modified":"2024-08-13T18:22:22","modified_gmt":"2024-08-13T22:22:22","slug":"new-horizons","status":"publish","type":"page","link":"https:\/\/www.centerforkeypopulations.com\/es_mx\/new-horizons\/","title":{"rendered":"Nuevos horizontes"},"content":{"rendered":"<div class=\"wp-block-image\">\n<figure class=\"aligncenter size-full\"><img loading=\"lazy\" decoding=\"async\" width=\"972\" height=\"386\" src=\"https:\/\/www.centerforkeypopulations.com\/wp-content\/uploads\/2023\/03\/newhorizonsmerge.png\" alt=\"\" class=\"wp-image-733\" srcset=\"https:\/\/www.centerforkeypopulations.com\/wp-content\/uploads\/2023\/03\/newhorizonsmerge.png 972w, https:\/\/www.centerforkeypopulations.com\/wp-content\/uploads\/2023\/03\/newhorizonsmerge-300x119.png 300w, https:\/\/www.centerforkeypopulations.com\/wp-content\/uploads\/2023\/03\/newhorizonsmerge-768x305.png 768w\" sizes=\"auto, (max-width: 972px) 100vw, 972px\" \/><\/figure>\n<\/div>\n\n\n<h4 class=\"wp-block-heading\">Nuevos horizontes <strong>es una organizaci\u00f3n sin fines de lucro que funciona las 24 horas y brinda servicios a quienes se ven afectados por la violencia dom\u00e9stica o de pareja durante m\u00e1s de 40 a\u00f1os. Desde una l\u00ednea directa de 24 horas y refugio de emergencia, hasta defensa judicial y grupos y programas para la comunidad, nos dedicamos a ayudar a encontrar soluciones para quienes sufren violencia dom\u00e9stica. <a href=\"https:\/\/www.newhorizonsdv.com\/domestic-violence\/\" data-type=\"URL\" data-id=\"https:\/\/www.newhorizonsdv.com\/domestic-violence\/\">Obtenga m\u00e1s informaci\u00f3n sobre la violencia dom\u00e9stica (DV) o la violencia de pareja \u00edntima (IPV)<\/a>. <\/strong><\/h4>\n\n\n\n<h4 class=\"wp-block-heading\"><strong>Para obtener m\u00e1s informaci\u00f3n sobre el programa New Horizons, comun\u00edquese con el Gerente del programa <a href=\"mailto:Sergeont@chc1.com?subject=Re: New Horizons\">tajae <\/a><a href=\"mailtomailto:Sergeont@chc1.com\">sargento<\/a><\/strong><\/h4>\n\n\n\n<p class=\"has-text-align-center\" style=\"font-size:24px;font-style:normal;font-weight:800\">L\u00ednea directa de servicios de New Horizons disponible las 24 horas, los 7 d\u00edas de la semana: 860-344-9599<\/p>\n\n\n\n<p class=\"has-text-align-center\">Tajae Sergeon, director de programa (<a href=\"mailto:Sergeont@chc1.com\">Sergeont@chc1.com<\/a>)<\/p>\n\n\n\n<p class=\"has-text-align-center\">Tara Zimmerman, defensora de adultos (<a href=\"mailto:zimmert@chc1.com\">zimmert@chc1.com<\/a>)<\/p>\n\n\n\n<p class=\"has-text-align-center\">Valarie Smith, defensora de la realojamiento r\u00e1pido, (<a href=\"mailto:smithv@chc1.com\">smithv@chc1.com<\/a>)<\/p>\n\n\n\n<p class=\"has-text-align-center\">Ana Aderca Defensora de V\u00edctimas (<a href=\"mailto:adercaa@chc1.com\">adercaa@chc1.com<\/a>)<\/p>\n\n\n\n<p class=\"has-text-align-center\">Belmarys Barreto, Defensora de Adultos (<a href=\"mailto:barretb@chc1.com\">barretb@chc1.com<\/a>)<\/p>\n\n\n\n<p class=\"has-text-align-center\">Joanna Cruz, Defensora de Adultos (<a href=\"mailto:cruzjoa@chc1.com\">cruzjoa@chc1.com<\/a>)<\/p>\n\n\n\n<p class=\"has-text-align-center\">Lashanda Dove, Defensora de Adultos (<a href=\"mailto:dovel@chc1.com\">dovel@chc1.com<\/a>)<\/p>\n\n\n\n<p class=\"has-text-align-center\">Donika Freeman, defensora de la familia (<a href=\"mailto:freemad@chc1.com\">freemad@chc1.com<\/a>)<\/p>\n\n\n\n<p class=\"has-text-align-center\">Brandi Kennedy, defensora de adultos (<a href=\"mailto:kennedb@chc1.com\">kennedb@chc1.com<\/a>)<\/p>\n\n\n\n<p class=\"has-text-align-center\">Brooke Maxfield, defensora y educadora de extensi\u00f3n comunitaria (<a href=\"mailto:maxfieb@chc1.com\" target=\"_blank\" rel=\"noreferrer noopener\">maxfieb@chc1.com<\/a>)<\/p>\n\n\n\n<p class=\"has-text-align-center has-text-color\" style=\"color:#663399;font-size:22px;font-style:normal;font-weight:700\">Recursos adicionales<\/p>\n\n\n\n<p class=\"has-text-align-center\"><strong>2-1-1<\/strong>  o <a href=\"http:\/\/www.211ct.org\" data-type=\"link\" data-id=\"www.211ct.org\">www.211ct.org<\/a><\/p>\n\n\n\n<p class=\"has-text-align-center\"><strong>La l\u00ednea directa nacional de violencia dom\u00e9stica: 800-799-7233<\/strong><\/p>\n\n\n\n<p class=\"has-text-align-center\"><strong>Centro de Mujeres y Familias<\/strong> ayuda con servicios de crisis por agresi\u00f3n sexual en Meriden, Middletown y New Haven. <strong>203-235-4444<\/strong><\/p>\n\n\n\n<p class=\"has-text-align-center\"><strong>1-888-568-8332 (ingl\u00e9s)<\/strong><\/p>\n\n\n\n<p class=\"has-text-align-center\"><strong>1-888-568-8332 (en espa\u00f1ol)<\/strong><\/p>","protected":false},"excerpt":{"rendered":"<p>New Horizons es una organizaci\u00f3n sin fines de lucro que trabaja las 24 horas y brinda servicios a quienes se ven afectados por la violencia dom\u00e9stica o de pareja durante m\u00e1s de 40 a\u00f1os. Desde una l\u00ednea directa de 24 horas y refugio de emergencia, hasta defensa judicial y grupos y programas para la comunidad, nos dedicamos a ayudar a encontrar soluciones para quienes experimentan... <br \/> <a class=\"button small blue\" href=\"https:\/\/www.centerforkeypopulations.com\/es_mx\/new-horizons\/\">Leer m\u00e1s<\/a><\/p>","protected":false},"author":15,"featured_media":0,"parent":0,"menu_order":0,"comment_status":"closed","ping_status":"closed","template":"","meta":{"footnotes":""},"class_list":["post-731","page","type-page","status-publish","hentry"],"_links":{"self":[{"href":"https:\/\/www.centerforkeypopulations.com\/es_mx\/wp-json\/wp\/v2\/pages\/731","targetHints":{"allow":["GET"]}}],"collection":[{"href":"https:\/\/www.centerforkeypopulations.com\/es_mx\/wp-json\/wp\/v2\/pages"}],"about":[{"href":"https:\/\/www.centerforkeypopulations.com\/es_mx\/wp-json\/wp\/v2\/types\/page"}],"author":[{"embeddable":true,"href":"https:\/\/www.centerforkeypopulations.com\/es_mx\/wp-json\/wp\/v2\/users\/15"}],"replies":[{"embeddable":true,"href":"https:\/\/www.centerforkeypopulations.com\/es_mx\/wp-json\/wp\/v2\/comments?post=731"}],"version-history":[{"count":7,"href":"https:\/\/www.centerforkeypopulations.com\/es_mx\/wp-json\/wp\/v2\/pages\/731\/revisions"}],"predecessor-version":[{"id":1072,"href":"https:\/\/www.centerforkeypopulations.com\/es_mx\/wp-json\/wp\/v2\/pages\/731\/revisions\/1072"}],"wp:attachment":[{"href":"https:\/\/www.centerforkeypopulations.com\/es_mx\/wp-json\/wp\/v2\/media?parent=731"}],"curies":[{"name":"wp","href":"https:\/\/api.w.org\/{rel}","templated":true}]}}