{"id":700,"date":"2023-02-28T21:46:38","date_gmt":"2023-02-28T21:46:38","guid":{"rendered":"https:\/\/www.centerforkeypopulations.com\/?page_id=700"},"modified":"2025-01-18T12:02:22","modified_gmt":"2025-01-18T17:02:22","slug":"community-based-services-program","status":"publish","type":"page","link":"https:\/\/www.centerforkeypopulations.com\/es_mx\/community-based-services-program\/","title":{"rendered":"Programa de Servicios Basados en la Comunidad"},"content":{"rendered":"<p class=\"has-black-color has-text-color has-link-color wp-elements-d80e8be67790055def7edc222dba1959\">El programa de Servicios Basados en la Comunidad combina nuestro alcance, educaci\u00f3n, compromiso y otros programas dise\u00f1ados para servir a las poblaciones vulnerables en un solo departamento con un enfoque cohesivo y objetivos esperados del programa. <\/p>\n\n\n\n<p class=\"has-black-color has-text-color has-link-color wp-elements-1f246c7c514555d84a063a07ea5fbcbe\">El personal de todos nuestros programas CKP trabaja en el edificio de CBS que est\u00e1 ubicado en 631 Main Street en Middletown, CT. <\/p>\n\n\n\n<p class=\"has-black-color has-text-color has-link-color wp-elements-7a011757b0cf74391952791ee37ff6c4\">Los programas de CBS incluyen:<\/p>\n\n\n\n<p class=\"has-black-color has-text-color has-link-color wp-elements-fa0e083781864dbdd306caba1fbdd78a\">\u2014<strong>Servicios de apoyo de Ryan White<\/strong>, incluida la gesti\u00f3n de casos m\u00e9dicos, apoyo de farmacia y transporte.<\/p>\n\n\n\n<p>\u2014<strong>Servicios Ryan White Parte A y B<\/strong>, incluidos grupos de apoyo de salud mental, grupos de apoyo de pares, comidas colectivas y transporte a las citas.<\/p>\n\n\n\n<p class=\"has-black-color has-text-color has-link-color wp-elements-3ae48d8646306bc7414b2a87d57c92e6\">\u2014<strong>Programa PATH <\/strong>servicios para personas con enfermedades mentales graves y personas cr\u00f3nicamente sin hogar.<\/p>\n\n\n\n<p class=\"has-black-color has-text-color has-link-color wp-elements-16d39020ba244efba01c0105cab390c3\">\u2014<strong>Alcance de CKP PrEP<\/strong>, incluidos eventos comunitarios, establecimiento de asociaciones con organizaciones que atienden a la poblaci\u00f3n objetivo, creaci\u00f3n de v\u00edas para la difusi\u00f3n de informaci\u00f3n sobre servicios y m\u00e1s.<\/p>\n\n\n\n<p class=\"has-black-color has-text-color has-link-color wp-elements-91f0875dadc447ed61eda938cfee28d8\">Para obtener m\u00e1s informaci\u00f3n sobre los servicios basados en la comunidad, comun\u00edquese con:<\/p>\n\n\n\n<p><strong>Mar\u00eda Lorenzo, Gerente de Programas de CBS, (860) 347-6971 x3918 (correo electr\u00f3nico:&nbsp;<a href=\"mailto:lorenzm@chc1.com\" target=\"_blank\" rel=\"noreferrer noopener\">lorenzm@chc1.com<\/a>)<\/strong><\/p>\n\n\n\n<p><strong>Anna Rogers, directora de proyecto (correo electr\u00f3nico:&nbsp;<a href=\"mailto:rogersa@chc1.com\" target=\"_blank\" rel=\"noreferrer noopener\">rogersa@chc1.com<\/a>)<\/strong><\/p>\n\n\n\n<p><strong>Aubree Buccino, Coordinadora del Programa CBS, 475-301-3693 (correo electr\u00f3nico:&nbsp;<a href=\"mailto:buccina@chc1.com\">buccina@chc1.com<\/a>)<\/strong><\/p>\n\n\n\n<p><strong>Wildaline Figaro, especialista de programaci\u00f3n de CBS (correo electr\u00f3nico:&nbsp;<a href=\"mailto:figarow@chc1.com\">figarow@chc1.com<\/a>)<\/strong><\/p>\n\n\n\n<p><strong>Lennon Farkash, especialista del programa (correo electr\u00f3nico:\u00a0<a href=\"mailto:adaml@chc1.com\" target=\"_blank\" rel=\"noreferrer noopener\">adaml@chc1.com<\/a>)<\/strong><\/p>\n\n\n\n<p><strong>Doug Janssen, asociado de CBS, (860) 347-6971 x390 (correo electr\u00f3nico:&nbsp;<a href=\"mailto:janssed@chc1.com\" target=\"_blank\" rel=\"noreferrer noopener\">janssed@chc1.com<\/a>)<\/strong><\/p>\n\n\n\n<p><strong>Marisol Velez, Defensora de la Salud de CKP, (860) 347-6971 x3082 (correo electr\u00f3nico:&nbsp;<a href=\"mailto:velezma@chc1.com\" target=\"_blank\" rel=\"noreferrer noopener\">velezma@chc1.com<\/a>)<\/strong><\/p>\n\n\n\n<p><strong>Alex Tafeni, conductor de la unidad de salud m\u00f3vil (correo electr\u00f3nico: <a href=\"mailto:tafenia@chc1.com\">tafenia@chc1.com<\/a>)<\/strong><\/p>\n\n\n\n<p><\/p>","protected":false},"excerpt":{"rendered":"<p>El programa de servicios comunitarios combina nuestros programas de extensi\u00f3n, educaci\u00f3n, participaci\u00f3n y otros dise\u00f1ados para atender a poblaciones vulnerables en un departamento con un enfoque cohesivo y los objetivos esperados del programa. El personal de todos nuestros programas CKP trabaja dentro del edificio CBS que est\u00e1 ubicado en 631 Main Street en Middletown, CT. Los programas de CBS incluyen: \u2014Ryan White\u2026 <br \/> <a class=\"button small blue\" href=\"https:\/\/www.centerforkeypopulations.com\/es_mx\/community-based-services-program\/\">Leer m\u00e1s<\/a><\/p>","protected":false},"author":15,"featured_media":0,"parent":0,"menu_order":0,"comment_status":"closed","ping_status":"closed","template":"","meta":{"footnotes":""},"class_list":["post-700","page","type-page","status-publish","hentry"],"_links":{"self":[{"href":"https:\/\/www.centerforkeypopulations.com\/es_mx\/wp-json\/wp\/v2\/pages\/700","targetHints":{"allow":["GET"]}}],"collection":[{"href":"https:\/\/www.centerforkeypopulations.com\/es_mx\/wp-json\/wp\/v2\/pages"}],"about":[{"href":"https:\/\/www.centerforkeypopulations.com\/es_mx\/wp-json\/wp\/v2\/types\/page"}],"author":[{"embeddable":true,"href":"https:\/\/www.centerforkeypopulations.com\/es_mx\/wp-json\/wp\/v2\/users\/15"}],"replies":[{"embeddable":true,"href":"https:\/\/www.centerforkeypopulations.com\/es_mx\/wp-json\/wp\/v2\/comments?post=700"}],"version-history":[{"count":14,"href":"https:\/\/www.centerforkeypopulations.com\/es_mx\/wp-json\/wp\/v2\/pages\/700\/revisions"}],"predecessor-version":[{"id":1201,"href":"https:\/\/www.centerforkeypopulations.com\/es_mx\/wp-json\/wp\/v2\/pages\/700\/revisions\/1201"}],"wp:attachment":[{"href":"https:\/\/www.centerforkeypopulations.com\/es_mx\/wp-json\/wp\/v2\/media?parent=700"}],"curies":[{"name":"wp","href":"https:\/\/api.w.org\/{rel}","templated":true}]}}