{"id":418,"date":"2020-02-27T18:17:39","date_gmt":"2020-02-27T18:17:39","guid":{"rendered":"https:\/\/www.centerforkeypopulations.com\/?page_id=418"},"modified":"2025-02-06T10:39:20","modified_gmt":"2025-02-06T15:39:20","slug":"all-of-us","status":"publish","type":"page","link":"https:\/\/www.centerforkeypopulations.com\/es_mx\/all-of-us\/","title":{"rendered":"Todos nosotros"},"content":{"rendered":"<p>CHC est\u00e1 trabajando con <em>Todos nosotros<\/em>, un nuevo programa de investigaci\u00f3n de los Institutos Nacionales de Salud (NIH). El objetivo es avanzar en la medicina de precisi\u00f3n. La medicina de precisi\u00f3n es el cuidado de la salud que se basa en usted como individuo. Tiene en cuenta factores como el lugar donde vive, lo que hace y el historial de salud de su familia. El objetivo de la medicina de precisi\u00f3n es poder decirle a la gente las mejores maneras de mantenerse saludable. Si alguien se enferma, la medicina de precisi\u00f3n puede ayudar a los equipos de atenci\u00f3n m\u00e9dica a encontrar el tratamiento que mejor funcione.<\/p>\n\n\n\n<div style=\"height:20px\" aria-hidden=\"true\" class=\"wp-block-spacer\"><\/div>\n\n\n\n<p>Revisar la <em>Todos nosotros <\/em>p\u00e1gina <a href=\"https:\/\/www.joinallofus.org\/chc\" target=\"_blank\" rel=\"noreferrer noopener\" aria-label=\" (se abre en una nueva pesta\u00f1a)\">aqu\u00ed <\/a>para obtener m\u00e1s informaci\u00f3n y ponerse en contacto con el equipo de CHC en <a href=\"mailto:allofus@chc1.com\">allofus@chc1.com<\/a>&nbsp;o (860) 852-0890.<\/p>","protected":false},"excerpt":{"rendered":"<p>CHC est\u00e1 trabajando con All of Us, un nuevo programa de investigaci\u00f3n de los Institutos Nacionales de Salud (NIH). El objetivo es avanzar en la medicina de precisi\u00f3n. La medicina de precisi\u00f3n es atenci\u00f3n m\u00e9dica que se basa en usted como individuo. Tiene en cuenta factores como d\u00f3nde vive, qu\u00e9 hace y su historial de salud familiar... <br \/> <a class=\"button small blue\" href=\"https:\/\/www.centerforkeypopulations.com\/es_mx\/all-of-us\/\">Leer m\u00e1s<\/a><\/p>","protected":false},"author":15,"featured_media":0,"parent":0,"menu_order":0,"comment_status":"closed","ping_status":"closed","template":"","meta":{"footnotes":""},"class_list":["post-418","page","type-page","status-publish","hentry"],"_links":{"self":[{"href":"https:\/\/www.centerforkeypopulations.com\/es_mx\/wp-json\/wp\/v2\/pages\/418","targetHints":{"allow":["GET"]}}],"collection":[{"href":"https:\/\/www.centerforkeypopulations.com\/es_mx\/wp-json\/wp\/v2\/pages"}],"about":[{"href":"https:\/\/www.centerforkeypopulations.com\/es_mx\/wp-json\/wp\/v2\/types\/page"}],"author":[{"embeddable":true,"href":"https:\/\/www.centerforkeypopulations.com\/es_mx\/wp-json\/wp\/v2\/users\/15"}],"replies":[{"embeddable":true,"href":"https:\/\/www.centerforkeypopulations.com\/es_mx\/wp-json\/wp\/v2\/comments?post=418"}],"version-history":[{"count":14,"href":"https:\/\/www.centerforkeypopulations.com\/es_mx\/wp-json\/wp\/v2\/pages\/418\/revisions"}],"predecessor-version":[{"id":1246,"href":"https:\/\/www.centerforkeypopulations.com\/es_mx\/wp-json\/wp\/v2\/pages\/418\/revisions\/1246"}],"wp:attachment":[{"href":"https:\/\/www.centerforkeypopulations.com\/es_mx\/wp-json\/wp\/v2\/media?parent=418"}],"curies":[{"name":"wp","href":"https:\/\/api.w.org\/{rel}","templated":true}]}}