{"id":251,"date":"2018-06-27T15:52:42","date_gmt":"2018-06-27T15:52:42","guid":{"rendered":"https:\/\/www.centerforkeypopulations.com\/?page_id=251"},"modified":"2023-03-06T02:19:09","modified_gmt":"2023-03-06T02:19:09","slug":"sexually-transmitted-infections","status":"publish","type":"page","link":"https:\/\/www.centerforkeypopulations.com\/es_mx\/sexually-transmitted-infections\/","title":{"rendered":"Detecci\u00f3n y tratamiento de ITS"},"content":{"rendered":"<h4 class=\"wp-block-heading\">Las pruebas de laboratorio y el tratamiento de infecciones de transmisi\u00f3n sexual est\u00e1n disponibles en todos los centros de salud comunitarios que brindan servicios m\u00e9dicos.<\/h4>\n\n\n\n<h4 class=\"wp-block-heading\">Tambi\u00e9n est\u00e1 disponible la prueba r\u00e1pida de VIH y VHC (Hepatitis C) que brinda resultados en 20 minutos. Para obtener m\u00e1s informaci\u00f3n sobre c\u00f3mo recibir una evaluaci\u00f3n de riesgo sexual, asesoramiento y pruebas r\u00e1pidas gratuitas y confidenciales de VIH\/VHC e informaci\u00f3n sobre la prevenci\u00f3n del VIH, incluida la PrEP, comun\u00edquese con un coordinador de PrEP al 475.343.3150.<\/h4>\n\n\n<div class=\"wp-block-image\">\n<figure class=\"aligncenter size-full\"><img loading=\"lazy\" decoding=\"async\" width=\"303\" height=\"302\" src=\"https:\/\/www.centerforkeypopulations.com\/wp-content\/uploads\/2023\/03\/stigraphic.jpg\" alt=\"\" class=\"wp-image-740\" srcset=\"https:\/\/www.centerforkeypopulations.com\/wp-content\/uploads\/2023\/03\/stigraphic.jpg 303w, https:\/\/www.centerforkeypopulations.com\/wp-content\/uploads\/2023\/03\/stigraphic-300x300.jpg 300w, https:\/\/www.centerforkeypopulations.com\/wp-content\/uploads\/2023\/03\/stigraphic-150x150.jpg 150w\" sizes=\"auto, (max-width: 303px) 100vw, 303px\" \/><\/figure>\n<\/div>\n\n\n<h3 class=\"has-text-align-center wp-block-heading\"><span style=\"color: #00ccff;\"><em>\u00a1Cont\u00e1ctenos si tiene alguna pregunta o inquietud!<\/em><\/span><\/h3>","protected":false},"excerpt":{"rendered":"<p>Las pruebas de laboratorio y el tratamiento de infecciones de transmisi\u00f3n sexual est\u00e1n disponibles en todas las ubicaciones de los Centros de Salud Comunitarios que brindan servicios m\u00e9dicos. Tambi\u00e9n est\u00e1n disponibles pruebas r\u00e1pidas de VIH y VHC (Hepatitis C) que proporcionan resultados en 20 minutos. Para obtener m\u00e1s informaci\u00f3n sobre c\u00f3mo recibir una evaluaci\u00f3n de riesgo sexual, pruebas y asesoramiento r\u00e1pidos gratuitos y confidenciales de VIH\/VHC, e informaci\u00f3n... <br \/> <a class=\"button small blue\" href=\"https:\/\/www.centerforkeypopulations.com\/es_mx\/sexually-transmitted-infections\/\">Leer m\u00e1s<\/a><\/p>","protected":false},"author":15,"featured_media":141,"parent":0,"menu_order":0,"comment_status":"closed","ping_status":"closed","template":"","meta":{"footnotes":""},"class_list":["post-251","page","type-page","status-publish","has-post-thumbnail","hentry"],"_links":{"self":[{"href":"https:\/\/www.centerforkeypopulations.com\/es_mx\/wp-json\/wp\/v2\/pages\/251","targetHints":{"allow":["GET"]}}],"collection":[{"href":"https:\/\/www.centerforkeypopulations.com\/es_mx\/wp-json\/wp\/v2\/pages"}],"about":[{"href":"https:\/\/www.centerforkeypopulations.com\/es_mx\/wp-json\/wp\/v2\/types\/page"}],"author":[{"embeddable":true,"href":"https:\/\/www.centerforkeypopulations.com\/es_mx\/wp-json\/wp\/v2\/users\/15"}],"replies":[{"embeddable":true,"href":"https:\/\/www.centerforkeypopulations.com\/es_mx\/wp-json\/wp\/v2\/comments?post=251"}],"version-history":[{"count":11,"href":"https:\/\/www.centerforkeypopulations.com\/es_mx\/wp-json\/wp\/v2\/pages\/251\/revisions"}],"predecessor-version":[{"id":752,"href":"https:\/\/www.centerforkeypopulations.com\/es_mx\/wp-json\/wp\/v2\/pages\/251\/revisions\/752"}],"wp:featuredmedia":[{"embeddable":true,"href":"https:\/\/www.centerforkeypopulations.com\/es_mx\/wp-json\/wp\/v2\/media\/141"}],"wp:attachment":[{"href":"https:\/\/www.centerforkeypopulations.com\/es_mx\/wp-json\/wp\/v2\/media?parent=251"}],"curies":[{"name":"wp","href":"https:\/\/api.w.org\/{rel}","templated":true}]}}