{"id":247,"date":"2018-06-27T15:50:52","date_gmt":"2018-06-27T15:50:52","guid":{"rendered":"https:\/\/www.centerforkeypopulations.com\/?page_id=247"},"modified":"2025-01-18T12:18:20","modified_gmt":"2025-01-18T17:18:20","slug":"hiv-prep-pre-exposure-prophylaxis-or-pep-post-exposure-prophylactic","status":"publish","type":"page","link":"https:\/\/www.centerforkeypopulations.com\/es_mx\/hiv-prep-pre-exposure-prophylaxis-or-pep-post-exposure-prophylactic\/","title":{"rendered":"PrEP (profilaxis previa a la exposici\u00f3n) y PEP (profilaxis posterior a la exposici\u00f3n) para el VIH"},"content":{"rendered":"<h2 class=\"wp-block-heading\"><strong>PrEP (profilaxis previa a la exposici\u00f3n)<\/strong><\/h2>\n\n\n\n<p><strong>PrEP (profilaxis previa a la exposici\u00f3n)<\/strong> es un tratamiento farmacol\u00f3gico que es sumamente eficaz para reducir el riesgo de infecci\u00f3n por VIH. Cuando se toma seg\u00fan lo prescrito, la PrEP es 99% eficaz para prevenir el VIH a trav\u00e9s de las relaciones sexuales. Truvada para la PrEP tambi\u00e9n es al menos 74% eficaz contra el VIH a trav\u00e9s del uso compartido de agujas y otros equipos de inyecci\u00f3n de drogas. La PrEP ahora se puede administrar como una inyecci\u00f3n cada dos meses.<\/p>\n\n\n\n<p>Se puede acceder a todos los medicamentos de PrEP disponibles en cada una de nuestras ubicaciones en todo el estado. Comun\u00edquese con un coordinador de PrEP que pueda ayudarlo en la coordinaci\u00f3n y administraci\u00f3n de la atenci\u00f3n de PrEP. <\/p>\n\n\n\n<h4 class=\"wp-block-heading has-text-align-center has-text-color\" style=\"color:#00ccff\"><strong><em>\u00a1Cont\u00e1ctanos y descubre si PrEP es adecuado para ti!<\/em><\/strong><\/h4>\n\n\n\n<div class=\"wp-block-group\"><div class=\"wp-block-group__inner-container is-layout-constrained wp-block-group-is-layout-constrained\">\n<p class=\"has-text-align-center\"><strong>Paola Monge, Navegante de Salud Preventiva de CKP, (<a href=\"mailto:mongep@chc1.com\">mongep@chc1.com<\/a>)<\/strong><\/p>\n\n\n\n<p class=\"has-text-align-center\"><\/p>\n\n\n\n<h4 class=\"wp-block-heading has-text-align-center has-text-color has-link-color wp-elements-9978b9498863e026413776d7c076e040\" style=\"color:#00ccff\"><em><strong>\u00bfEst\u00e1 interesado en respaldar nuestros servicios de PrEP\/PEP? \u00a1Dona hoy!<\/strong><\/em><\/h4>\n\n\n\n<center><a class=\"button blue\" href=\"https:\/\/mwhs1.co\/gift\" target=\"_blank\" rel=\"noopener\">Donar<\/a><\/center>\n<\/div><\/div>\n\n\n\n<p><strong>Los medicamentos de PrEP disponibles incluyen:<\/strong><\/p>\n\n\n\n<p><a href=\"https:\/\/www.truvada.com\/\"><strong>Truvada\u00ae<\/strong><\/a><br>emtricitabina 200 mg\/tenofovir disoproxil fumarato 300 mg<\/p>\n\n\n\n<p>Un medicamento oral una vez al d\u00eda para personas VIH negativas en riesgo de contraer el VIH a trav\u00e9s del sexo o el uso de drogas inyectables. Gen\u00e9rico <a href=\"https:\/\/www.truvada.com\/\">Truvada\u00ae<\/a><strong> <\/strong>tambi\u00e9n est\u00e1 disponible. <a rel=\"noreferrer noopener\" href=\"https:\/\/www.truvada.com\/\" target=\"_blank\"><strong>Aprende m\u00e1s.<\/strong><\/a><\/p>\n\n\n\n<p><a href=\"https:\/\/www.descovy.com\/\"><strong>Descovy\u00ae<\/strong><\/a><br>emtricitabina 200 mg\/ tenofovir alafenamida 25 mg<\/p>\n\n\n\n<p>Medicamento oral que se toma una vez al d\u00eda para hombres VIH negativos con riesgo de infecci\u00f3n por VIH a trav\u00e9s de las relaciones sexuales. <a href=\"https:\/\/www.descovy.com\/\"><strong>Descovy\u00ae<\/strong><\/a><strong> no es para personas asignadas como mujeres al nacer que est\u00e1n en riesgo de contraer el VIH a trav\u00e9s del sexo vaginal receptivo.<\/strong> <a href=\"https:\/\/www.descovy.com\/\" target=\"_blank\" rel=\"noreferrer noopener\"><strong>Aprende m\u00e1s.<\/strong><\/a><\/p>\n\n\n\n<p><strong>Apetencia<\/strong><br>Cabotegravir 200 mg\/mL<\/p>\n\n\n\n<p>Una PrEP inyectable recibida cada 2 meses para personas VIH negativas en riesgo de infecci\u00f3n por VIH a trav\u00e9s del sexo. Requiere una inyecci\u00f3n inicial el primer y segundo mes, luego rutinariamente cada dos meses. <strong>Apretude no se recomienda para la prevenci\u00f3n del VIH en personas que se inyectan drogas.<\/strong> <a rel=\"noreferrer noopener\" href=\"https:\/\/apretudehcp.com\/\" target=\"_blank\"><strong>Aprende m\u00e1s.<\/strong><\/a><\/p>\n\n\n\n<h4 class=\"wp-block-heading has-text-align-center\"><br>Obtenga m\u00e1s informaci\u00f3n sobre la PrEP en el siguiente video de los Centros para el Control y la Prevenci\u00f3n de Enfermedades.<\/h4>\n\n\n\n<p class=\"has-text-align-center\"><iframe loading=\"lazy\" width=\"560\" height=\"315\" src=\"https:\/\/www.youtube.com\/embed\/1_eo17YahCo\" title=\"reproductor de videos de youtube\" frameborder=\"0\" allow=\"accelerometer; autoplay; clipboard-write; encrypted-media; gyroscope; picture-in-picture; web-share\"><\/iframe><\/p>\n\n\n\n<h3 class=\"wp-block-heading\"><strong>La profilaxis posterior a la exposici\u00f3n<\/strong><\/h3>\n\n\n\n<p><strong>PEP (Profilaxis Post-Exposici\u00f3n) <\/strong>es un r\u00e9gimen de medicamentos a corto plazo para prevenir la infecci\u00f3n por el VIH en una persona VIH negativa despu\u00e9s de una posible exposici\u00f3n al VIH. El tratamiento PEP es para situaciones de emergencia y debe iniciarse dentro de las 72 horas para que sea efectivo. <strong>Para acceso de emergencia a PEP, \u00a1cont\u00e1ctenos de inmediato!<\/strong><\/p>\n\n\n\n<h4 class=\"wp-block-heading has-text-align-center\"><br>Obtenga m\u00e1s informaci\u00f3n sobre la PEP en el siguiente video de los Centros para el Control y la Prevenci\u00f3n de Enfermedades.<\/h4>\n\n\n\n<p class=\"has-text-align-center\"><iframe loading=\"lazy\" width=\"560\" height=\"315\" src=\"https:\/\/www.youtube.com\/embed\/hsgQNimo7o0\" title=\"reproductor de videos de youtube\" frameborder=\"0\" allow=\"accelerometer; autoplay; clipboard-write; encrypted-media; gyroscope; picture-in-picture; web-share\"><\/iframe><\/p>\n\n\n\n<div style=\"height:15px\" aria-hidden=\"true\" class=\"wp-block-spacer\"><\/div>\n\n\n\n<p><strong>Profilaxis posterior a la exposici\u00f3n a doxiciclina (PEP)<\/strong><br>Tomar 200 mg de doxiciclina dentro de las 72 horas posteriores a la relaci\u00f3n sexual puede reducir el riesgo de contraer ITS bacterianas en aproximadamente 88% para la s\u00edfilis y la clamidia y en aproximadamente 55-60% para la gonorrea. Comun\u00edquese con su proveedor o con un coordinador de PrEP para obtener informaci\u00f3n adicional. Es m\u00e1s eficaz si se toma dentro de las 24 horas posteriores a la relaci\u00f3n sexual. La PEP con doxiciclina no protege contra el VIH, la MCO y otras infecciones virales. <a href=\"https:\/\/www.cdc.gov\/sti\/php\/from-the-director\/doxy-pep-sti-prevention-strategy.html\" data-type=\"link\" data-id=\"https:\/\/www.cdc.gov\/sti\/php\/from-the-director\/doxy-pep-sti-prevention-strategy.html\">Obtenga m\u00e1s informaci\u00f3n aqu\u00ed<\/a>.<\/p>\n\n\n\n<p><strong>Tratamiento como prevenci\u00f3n (TasP): <span style=\"font-size: medium; font-weight: 400; white-space-collapse: collapse;\"><\/span>Las personas que viven con el VIH que logran y mantienen una carga viral indetectable a trav\u00e9s de la terapia antirretroviral diaria no pueden transmitir sexualmente el VIH a otras personas.<\/strong><\/p>\n\n\n<div class=\"wp-block-image\">\n<figure class=\"aligncenter size-full is-resized\"><img loading=\"lazy\" decoding=\"async\" width=\"802\" height=\"470\" src=\"https:\/\/www.centerforkeypopulations.com\/wp-content\/uploads\/2023\/03\/uequalsu.jpg\" alt=\"\" class=\"wp-image-745\" style=\"width:483px;height:283px\" srcset=\"https:\/\/www.centerforkeypopulations.com\/wp-content\/uploads\/2023\/03\/uequalsu.jpg 802w, https:\/\/www.centerforkeypopulations.com\/wp-content\/uploads\/2023\/03\/uequalsu-300x176.jpg 300w, https:\/\/www.centerforkeypopulations.com\/wp-content\/uploads\/2023\/03\/uequalsu-768x450.jpg 768w\" sizes=\"auto, (max-width: 802px) 100vw, 802px\" \/><\/figure><\/div>\n\n\n<p class=\"has-text-align-center\"><\/p>","protected":false},"excerpt":{"rendered":"<p>PrEP (profilaxis previa a la exposici\u00f3n) La profilaxis previa a la exposici\u00f3n (PrEP) es un tratamiento farmacol\u00f3gico que resulta muy eficaz para reducir el riesgo de infecci\u00f3n por VIH. Cuando se toma seg\u00fan lo prescrito, la PrEP tiene una eficacia del 99% para prevenir el VIH a trav\u00e9s de las relaciones sexuales. El Truvada para la PrEP tambi\u00e9n tiene una eficacia del 74% contra el VIH a trav\u00e9s del uso compartido de agujas y otros equipos de inyecci\u00f3n de drogas. La PrEP puede\u2026 <br \/> <a class=\"button small blue\" href=\"https:\/\/www.centerforkeypopulations.com\/es_mx\/hiv-prep-pre-exposure-prophylaxis-or-pep-post-exposure-prophylactic\/\">Leer m\u00e1s<\/a><\/p>","protected":false},"author":15,"featured_media":49,"parent":0,"menu_order":0,"comment_status":"closed","ping_status":"closed","template":"","meta":{"footnotes":""},"class_list":["post-247","page","type-page","status-publish","has-post-thumbnail","hentry"],"_links":{"self":[{"href":"https:\/\/www.centerforkeypopulations.com\/es_mx\/wp-json\/wp\/v2\/pages\/247","targetHints":{"allow":["GET"]}}],"collection":[{"href":"https:\/\/www.centerforkeypopulations.com\/es_mx\/wp-json\/wp\/v2\/pages"}],"about":[{"href":"https:\/\/www.centerforkeypopulations.com\/es_mx\/wp-json\/wp\/v2\/types\/page"}],"author":[{"embeddable":true,"href":"https:\/\/www.centerforkeypopulations.com\/es_mx\/wp-json\/wp\/v2\/users\/15"}],"replies":[{"embeddable":true,"href":"https:\/\/www.centerforkeypopulations.com\/es_mx\/wp-json\/wp\/v2\/comments?post=247"}],"version-history":[{"count":28,"href":"https:\/\/www.centerforkeypopulations.com\/es_mx\/wp-json\/wp\/v2\/pages\/247\/revisions"}],"predecessor-version":[{"id":1208,"href":"https:\/\/www.centerforkeypopulations.com\/es_mx\/wp-json\/wp\/v2\/pages\/247\/revisions\/1208"}],"wp:featuredmedia":[{"embeddable":true,"href":"https:\/\/www.centerforkeypopulations.com\/es_mx\/wp-json\/wp\/v2\/media\/49"}],"wp:attachment":[{"href":"https:\/\/www.centerforkeypopulations.com\/es_mx\/wp-json\/wp\/v2\/media?parent=247"}],"curies":[{"name":"wp","href":"https:\/\/api.w.org\/{rel}","templated":true}]}}