{"id":105,"date":"2018-02-06T20:17:33","date_gmt":"2018-02-06T20:17:33","guid":{"rendered":"https:\/\/www.centerforkeypopulations.com\/?page_id=105"},"modified":"2025-08-19T11:14:01","modified_gmt":"2025-08-19T15:14:01","slug":"our-team","status":"publish","type":"page","link":"https:\/\/www.centerforkeypopulations.com\/es_mx\/contact-us\/our-team\/","title":{"rendered":"Directorio de Personal"},"content":{"rendered":"<p class=\"has-text-align-center\"><strong>Liderazgo de CKP<\/strong><\/p>\n<p class=\"has-text-align-center\">Kasey Harding, MPH, directora<\/p>\n<p class=\"has-text-align-center\">Marwan Haddad, MD, MPH, AAHHIVS, director m\u00e9dico<\/p>\n<p class=\"has-text-align-center\"><strong>Proveedores de CKP<\/strong><\/p>\n<p class=\"has-text-align-center\">Marlene Edelstein, APRN<\/p>\n<p class=\"has-text-align-center\">Lucy Ehrenfeld, APRN<\/p>\n<p class=\"has-text-align-center\">Cecelia Hackerson, enfermera practicante<\/p>\n<p class=\"has-text-align-center\">Catherine Hinojosa, APRN<\/p>\n<p class=\"has-text-align-center\">Madeline Howe, enfermera practicante<\/p>\n<p class=\"has-text-align-center\">Jeannie McIntosh, APRN<\/p>\n<p class=\"has-text-align-center\">Grace Mills, enfermera practicante<\/p>\n<p class=\"has-text-align-center\"><strong>Personal cl\u00ednico de CKP<\/strong><\/p>\n<p class=\"has-text-align-center\">Bernie Delgado, supervisor de enfermer\u00eda<\/p>\n<p class=\"has-text-align-center\">Valerie Walton, enfermera titulada<\/p>\n<p class=\"has-text-align-center\">Denise Tafeni, asistente m\u00e9dica s\u00e9nior<\/p>\n<p class=\"has-text-align-center\">Quiana Kirkwood, asistente m\u00e9dica<\/p>\n<p class=\"has-text-align-center\">Shanalee Denton, asistente m\u00e9dica<\/p>\n<p style=\"text-align: center;\"><strong>Servicios basados en la comunidad<\/strong><\/p>\n<p style=\"text-align: center;\">Mar\u00eda Lorenzo, Gerente de Servicios Comunitarios, 475-343-3150 x109 <a href=\"mailto:lorenzm@chc1.com\">lorenzm@chc1.com<\/a><\/p>\n<p style=\"text-align: center;\">Aubree Buccino, Coordinadora de Programaci\u00f3n de CBS, 475-301-3693 <a href=\"mailto:buccina@chc1.com\">buccina@chc1.com<\/a><\/p>\n<p style=\"text-align: center;\">Anna Rogers, directora del proyecto <a href=\"mailto:rogersa@chc1.com\">rogersa@chc1.com<\/a><\/p>\n<p style=\"text-align: center;\">Lenon Farkash, especialista del programa <a href=\"mailto:farkasl@chc1.com\">farkasl@chc1.com<\/a><\/p>\n<p style=\"text-align: center;\"><strong>Programa de Salud para Agricultores de CT River Valley (CTRVFH)<\/strong><\/p>\n<p style=\"text-align: center;\">Elizabeth V\u00e1zquez-Fresse, Gerente de Programa, 475-375-7667 <a href=\"mailto:vazqueel@mwhs1.com\">vazqueel@mwhs1.com<\/a><\/p>\n<p style=\"text-align: center;\">Carmen D\u00e1vila, Coordinadora de Salud, 860-347-6971 x6101 <a href=\"mailto:davilac@chc1.com\">davilac@chc1.com<\/a><strong>\u00a0<\/strong><\/p>\n<p style=\"text-align: center;\"><strong>Comunidades Saludables, un programa de AmeriCorps<\/strong><\/p>\n<p style=\"text-align: center;\">Raneda Porter, directora del programa AmeriCorps, 475-355-1229 <a href=\"mailto:porterr@chc1.com\">porterr@chc1.com<\/a><\/p>\n<p style=\"text-align: center;\">Paelo Agyeman, miembro de AmeriCorps: Educador de pares en medicina de precisi\u00f3n <a href=\"mailto:agyemak@chc1.com\">agyemak@chc1.com<\/a><\/p>\n<p style=\"text-align: center;\">Kirsten Chery, miembro de AmeriCorps: Coordinadora de Servicios Familiares de New Horizons <a href=\"mailto:cheryk@chc1.com\">cheryk@chc1.com<\/a><\/p>\n<p style=\"text-align: center;\">Tonee Corlette, miembro de AmeriCorps: Coordinadora de atenci\u00f3n <a href=\"mailto:corlett@chc1.com\">corlett@chc1.com<\/a><\/p>\n<p style=\"text-align: center;\">Sade&#039; Ebanks, miembro de AmeriCorps: Especialista en informaci\u00f3n de salud comunitaria <a href=\"mailto:ebankss@chc1.com\">banco electr\u00f3nico@chc1.com<\/a><\/p>\n<p style=\"text-align: center;\">Peter Harding, miembro de AmeriCorps: Navegador de salud de CKP <a href=\"mailto:hardinp@chc1.com\">hardinp@chc1.com<\/a><\/p>\n<p style=\"text-align: center;\">Mickala Hill, miembro de AmeriCorps: Asistente de bienestar familiar <a href=\"mailto:hillmi@chc1.com\">hillmi@chc1.com<\/a><strong>\u00a0<\/strong><\/p>\n<p style=\"text-align: center;\"><strong>Unidad M\u00f3vil de Salud<\/strong><\/p>\n<p style=\"text-align: center;\">Karen Gatison, coordinadora del programa MHU <a href=\"mailto:gatisok@chc1.com\">gatisok@chc1.com<\/a><\/p>\n<p style=\"text-align: center;\">Alex Tafeni, conductor de la unidad m\u00f3vil de salud <a href=\"mailto:tafenia@chc1.com\">tafenia@chc1.com<\/a><strong>\u00a0<\/strong><\/p>\n<p style=\"text-align: center;\"><strong>Nuevos horizontes<\/strong><\/p>\n<p style=\"text-align: center;\">Tajae Sergeon, director de programa <a href=\"mailto:Sergeont@chc1.com\">sargento@chc1.com<\/a><\/p>\n<p style=\"text-align: center;\">LaShanda Dove, defensora de los adultos <a href=\"mailto:dovel@chc1.com\">dovel@chc1.com<\/a><\/p>\n<p style=\"text-align: center;\">Brooke Maxfield, defensora de los adultos <a href=\"mailto:maxfieb@chc1.com\">maxfieb@chc1.com<\/a><\/p>\n<p style=\"text-align: center;\">Kennedy Porter, defensora de la extensi\u00f3n comunitaria y educadora <a href=\"mailto:porterk@chc1.com\">porterk@chc1.com<\/a><\/p>\n<p style=\"text-align: center;\">Olivia Runte, Defensora de los Adultos <a href=\"mailto:runteo@chc1.com\">runteo@chc1.com<\/a><\/p>\n<p style=\"text-align: center;\">Brittney Safo, defensora de los adultos <a href=\"mailto:safob@chc1.com\">safob@chc1.com<\/a><\/p>\n<p style=\"text-align: center;\">Isabella Scrivani, Defensora de la Infancia <a href=\"mailto:scrivai@chc1.com\">scrivai@chc1.com<\/a><\/p>\n<p style=\"text-align: center;\">Valarie Smith, defensora de la reubicaci\u00f3n r\u00e1pida, <a href=\"mailto:smithv@chc1.com\">smithv@chc1.com<\/a><\/p>\n<p style=\"text-align: center;\">Taylor Tinney, defensora de los adultos <a href=\"mailto:tinneyt@chc1.com\">tinneyt@chc1.com<\/a><\/p>\n<p style=\"text-align: center;\">Tierson Wood, Defensor de los Adultos <a href=\"mailto:woodti@chc1.com\">woodti@chc1.com<\/a><\/p>\n<p style=\"text-align: center;\">Tara Zimmerman, defensora de los adultos <a href=\"mailto:zimmert@chc1.com\">zimmert@chc1.com<\/a><strong>\u00a0<\/strong><\/p>\n<p style=\"text-align: center;\"><strong>OASIS<\/strong><\/p>\n<p style=\"text-align: center;\">Stephanie Moses, trabajadora de extensi\u00f3n social <a href=\"mailto:mosess@chc1.com\">mosess@chc1.com<\/a><strong>\u00a0<\/strong><\/p>\n<p style=\"text-align: center;\"><strong>CAMINO<\/strong><\/p>\n<p style=\"text-align: center;\">Sherrie Frechette, Gerente de Casos, 860-347-6971 x3903 <a href=\"mailto:frechs@chc1.com\">frechs@chc1.com<\/a><strong>\u00a0<\/strong><\/p>\n<p style=\"text-align: center;\"><strong>Coordinadores de PrEP<\/strong><\/p>\n<p style=\"text-align: center;\">Julie Colon, Navegante de Salud Preventiva, <a href=\"mailto:colonju@chc1.com\">colonju@chc1.com<\/a><\/p>\n<p style=\"text-align: center;\">Paola Monge, Navegante de Salud Preventiva, <a href=\"mailto:mongep@chc1.com\">mongep@chc1.com<\/a><strong>\u00a0<\/strong><\/p>\n<p style=\"text-align: center;\"><strong>Administradores de casos de Ryan White<\/strong><\/p>\n<p style=\"text-align: center;\">Glorivee Cosme-Rodr\u00edguez, administradora de casos m\u00e9dicos, 203-985-9322 <a href=\"mailto:rodrigglo@chc1.com\">rodrigglo@chc1.com<\/a><\/p>\n<p style=\"text-align: center;\">Sandra P\u00e9rez Ruiz, Gerente de Casos M\u00e9dicos, 203-927-0463 <a href=\"mailto:perezrs@chc1.com\">perezrs@chc1.com<\/a><\/p>\n<p style=\"text-align: center;\">Lizbeth V\u00e1zquez, Gerente de Casos M\u00e9dicos, 203-499-9816 <a href=\"mailto:vazqueli@chc1.com\">vazqueli@chc1.com<\/a><strong>\u00a0<\/strong><\/p>\n<p style=\"text-align: center;\"><strong>Programa de Salud por Uso de Sustancias<\/strong><\/p>\n<p style=\"text-align: center;\">Dan Bryant, Director de Tratamiento de Uso de Sustancias<\/p>\n<p style=\"text-align: center;\">Vanessa Parker, m\u00e9dica de salud conductual<\/p>\n<p style=\"text-align: center;\">Wendy Hoyle, m\u00e9dica cl\u00ednica de salud conductual \u2013 Estudiante<\/p>\n<p style=\"text-align: center;\">Briana Reaves, Gerente de Programa, 475-343-3150 x133 <a href=\"mailto:reavesb@chc1.com\">reavesb@chc1.com<\/a><\/p>\n<p style=\"text-align: center;\">Marissa Ortiz, Coordinadora de Atenci\u00f3n de Recuperaci\u00f3n, 860-347-6971 x5104 <a href=\"https:\/\/www.centerforkeypopulations.com\/es_mx\/contact-us\/our-team\/ortizmar@chc1.com\/\">ortizmar@chc1.com<\/a><strong>\u00a0<\/strong><\/p>\n<p style=\"text-align: center;\"><strong>Donde quiera que est\u00e9s (WYA)\u00a0 \u00a0\u00a0<\/strong><\/p>\n<p style=\"text-align: center;\">Joshua Beltr\u00e9, Coordinador del Programa WYA <a href=\"mailto:beltrej@chc1.com\">beltrej@chc1.com<\/a><\/p>\n<p style=\"text-align: center;\">Marisol V\u00e9lez, Defensora de la Salud <a href=\"mailto:velezma@chc1.com\">velezma@chc1.com<\/a><\/p>\n<p style=\"text-align: center;\"><strong>Mujeres en Transici\u00f3n (WIT) <\/strong><\/p>\n<p style=\"text-align: center;\">Cassie Johnson, Coordinadora del Programa, 475-318-2781 <a href=\"mailto:johnsoca@chc1.com\">johnsoca@chc1.com<\/a><\/p>\n<p style=\"text-align: center;\">Carissa Poole, Gerente de Casos de Transici\u00f3n, 203-499-9690 <a href=\"mailto:poolec@chc1.com\">poolec@chc1.com<\/a><\/p>\n<p style=\"text-align: center;\">Lizette Reboira, Gerente de Casos de Transici\u00f3n, 860-494-3001 <a href=\"mailto:reboirl@chc1.com\">reboirl@chc1.com<\/a><\/p>","protected":false},"excerpt":{"rendered":"<p>Liderazgo de CKP Kasey Harding, MPH, Directora Marwan Haddad, MD, MPH, AAHIVS, Director M\u00e9dico Proveedores de CKP Marlene Edelstein, APRN Lucy Ehrenfeld, APRN Cecelia Hackerson, APRN Catherine Hinojosa, APRN Madeline Howe, APRN Jeannie McIntosh, APRN Grace Mills, APRN Personal cl\u00ednico de CKP Bernie Delgado, Supervisora de enfermer\u00eda Valerie Walton, Enfermera registrada Denise Tafeni, Asistente m\u00e9dica s\u00e9nior Quiana Kirkwood, M\u00e9dica\u2026 <br \/> <a class=\"button small blue\" href=\"https:\/\/www.centerforkeypopulations.com\/es_mx\/pride\/\">Leer m\u00e1s<\/a><\/p>","protected":false},"author":15,"featured_media":0,"parent":108,"menu_order":0,"comment_status":"closed","ping_status":"closed","template":"full-width-page.php","meta":{"footnotes":""},"class_list":["post-105","page","type-page","status-publish","hentry"],"_links":{"self":[{"href":"https:\/\/www.centerforkeypopulations.com\/es_mx\/wp-json\/wp\/v2\/pages\/105","targetHints":{"allow":["GET"]}}],"collection":[{"href":"https:\/\/www.centerforkeypopulations.com\/es_mx\/wp-json\/wp\/v2\/pages"}],"about":[{"href":"https:\/\/www.centerforkeypopulations.com\/es_mx\/wp-json\/wp\/v2\/types\/page"}],"author":[{"embeddable":true,"href":"https:\/\/www.centerforkeypopulations.com\/es_mx\/wp-json\/wp\/v2\/users\/15"}],"replies":[{"embeddable":true,"href":"https:\/\/www.centerforkeypopulations.com\/es_mx\/wp-json\/wp\/v2\/comments?post=105"}],"version-history":[{"count":42,"href":"https:\/\/www.centerforkeypopulations.com\/es_mx\/wp-json\/wp\/v2\/pages\/105\/revisions"}],"predecessor-version":[{"id":1400,"href":"https:\/\/www.centerforkeypopulations.com\/es_mx\/wp-json\/wp\/v2\/pages\/105\/revisions\/1400"}],"up":[{"embeddable":true,"href":"https:\/\/www.centerforkeypopulations.com\/es_mx\/wp-json\/wp\/v2\/pages\/108"}],"wp:attachment":[{"href":"https:\/\/www.centerforkeypopulations.com\/es_mx\/wp-json\/wp\/v2\/media?parent=105"}],"curies":[{"name":"wp","href":"https:\/\/api.w.org\/{rel}","templated":true}]}}