{"id":708,"date":"2023-02-28T22:02:03","date_gmt":"2023-02-28T22:02:03","guid":{"rendered":"https:\/\/www.centerforkeypopulations.com\/?page_id=708"},"modified":"2023-03-06T03:06:36","modified_gmt":"2023-03-06T03:06:36","slug":"path-program","status":"publish","type":"page","link":"https:\/\/www.centerforkeypopulations.com\/es_es\/path-program\/","title":{"rendered":"Programa PATH"},"content":{"rendered":"<div class=\"wp-block-group\"><div class=\"wp-block-group__inner-container is-layout-constrained wp-block-group-is-layout-constrained\">\n<p><strong>El programa PATH se dirige a personas cr\u00f3nicamente sin hogar que sufren de enfermedades mentales. Los servicios proporcionados a trav\u00e9s del programa PATH incluyen:<\/strong><\/p>\n\n\n\n<ul class=\"wp-block-list\">\n<li><strong>Salud integral<\/strong><\/li>\n\n\n\n<li><strong>tratamiento de salud mental<\/strong><\/li>\n\n\n\n<li><strong>Gesti\u00f3n de casos<\/strong><\/li>\n\n\n\n<li><strong>Tratamiento por consumo de sustancias<\/strong><\/li>\n\n\n\n<li><strong>Referencias para refugio y vivienda asequible<\/strong><\/li>\n\n\n\n<li><strong>Entrenamiento de rehabilitaci\u00f3n en habilidades sociales y empleo<\/strong><\/li>\n\n\n\n<li><strong>Servicios Legales<\/strong><\/li>\n<\/ul>\n<\/div><\/div>\n\n\n\n<hr class=\"wp-block-separator has-alpha-channel-opacity\"\/>\n\n\n\n<h4 class=\"has-text-color wp-block-heading\" style=\"color:#ff6600\">Para obtener m\u00e1s informaci\u00f3n sobre el programa PATH, comun\u00edquese con Sherrie Frechette, administradora de casos de CBS, (860) 347-6971 x3903, (<a href=\"mailto:frechs@chc1.com\" target=\"_blank\" rel=\"noreferrer noopener\">frechs@chc1.com<\/a>)<\/h4>","protected":false},"excerpt":{"rendered":"<p>El programa PATH se dirige a personas cr\u00f3nicamente sin hogar que padecen enfermedades mentales. Los servicios proporcionados a trav\u00e9s del programa PATH incluyen: Para obtener m\u00e1s informaci\u00f3n sobre el programa PATH, comun\u00edquese con Sherrie Frechette, administradora de casos de CBS, (860) 347-6971 x3903, (frechs@chc1.com)<\/p>","protected":false},"author":15,"featured_media":0,"parent":0,"menu_order":0,"comment_status":"closed","ping_status":"closed","template":"","meta":{"footnotes":""},"class_list":["post-708","page","type-page","status-publish","hentry"],"_links":{"self":[{"href":"https:\/\/www.centerforkeypopulations.com\/es_es\/wp-json\/wp\/v2\/pages\/708","targetHints":{"allow":["GET"]}}],"collection":[{"href":"https:\/\/www.centerforkeypopulations.com\/es_es\/wp-json\/wp\/v2\/pages"}],"about":[{"href":"https:\/\/www.centerforkeypopulations.com\/es_es\/wp-json\/wp\/v2\/types\/page"}],"author":[{"embeddable":true,"href":"https:\/\/www.centerforkeypopulations.com\/es_es\/wp-json\/wp\/v2\/users\/15"}],"replies":[{"embeddable":true,"href":"https:\/\/www.centerforkeypopulations.com\/es_es\/wp-json\/wp\/v2\/comments?post=708"}],"version-history":[{"count":1,"href":"https:\/\/www.centerforkeypopulations.com\/es_es\/wp-json\/wp\/v2\/pages\/708\/revisions"}],"predecessor-version":[{"id":709,"href":"https:\/\/www.centerforkeypopulations.com\/es_es\/wp-json\/wp\/v2\/pages\/708\/revisions\/709"}],"wp:attachment":[{"href":"https:\/\/www.centerforkeypopulations.com\/es_es\/wp-json\/wp\/v2\/media?parent=708"}],"curies":[{"name":"wp","href":"https:\/\/api.w.org\/{rel}","templated":true}]}}