{"id":68,"date":"2018-01-25T18:48:48","date_gmt":"2018-01-25T18:48:48","guid":{"rendered":"https:\/\/www.centerforkeypopulations.com\/?page_id=68"},"modified":"2025-02-06T14:23:10","modified_gmt":"2025-02-06T19:23:10","slug":"our-populations","status":"publish","type":"page","link":"https:\/\/www.centerforkeypopulations.com\/es_es\/our-populations\/","title":{"rendered":"Nuestras Poblaciones"},"content":{"rendered":"<h4>Cuando se cre\u00f3 el Centro para Poblaciones Clave en 2015, tomamos la decisi\u00f3n de centrarnos en los grupos clave que la Organizaci\u00f3n Mundial de la Salud reconoce como portadores de la mayor carga y riesgo de infecci\u00f3n por VIH. Estos grupos son:<\/h4>\n<ul>\n<li>\n<h4>Hombres que tienen sexo con hombres<\/h4>\n<\/li>\n<li>\n<h4>Las personas que se inyectan drogas<\/h4>\n<\/li>\n<li>\n<h4>gente en prision<\/h4>\n<\/li>\n<li>\n<h4>trabajadoras sexuales<\/h4>\n<\/li>\n<\/ul>\n<h4>Desde entonces, hemos ampliado nuestros esfuerzos para incluir poblaciones que experimentan disparidades de salud secundarias al estigma y la discriminaci\u00f3n. Estas poblaciones enfrentan muchas barreras para la atenci\u00f3n m\u00e9dica y se ven afectadas de manera desproporcionada por el VIH, la hepatitis C (VHC), las infecciones de transmisi\u00f3n sexual (ITS), el uso de sustancias y muchas otras comorbilidades. Para abordar estas necesidades \u00fanicas e interrelacionadas, el Centro re\u00fane, bajo un mismo techo, la atenci\u00f3n m\u00e9dica y la defensa de las siguientes comunidades:<\/h4>\n<ul>\n<li>\n<h4>Las poblaciones LGB<\/h4>\n<\/li>\n<li>\n<h4>Las personas que usan drogas<\/h4>\n<\/li>\n<li>\n<h4>Personas sin hogar y personas que experimentan inestabilidad de vivienda<\/h4>\n<\/li>\n<li>\n<h4>Encarcelado recientemente<\/h4>\n<\/li>\n<li>\n<h4>Personas que practican sexo transaccional<\/h4>\n<\/li>\n<\/ul>","protected":false},"excerpt":{"rendered":"<p>Cuando se estableci\u00f3 el Centro para Poblaciones Clave en 2015, decidimos centrarnos en los grupos clave que la Organizaci\u00f3n Mundial de la Salud reconoce como los que presentan la mayor carga y riesgo de infecci\u00f3n por VIH. Estos grupos incluyen: hombres que tienen relaciones sexuales con hombres, personas que se inyectan drogas, personas en prisi\u00f3n, trabajadores sexuales. Hemos\u2026 <br \/> <a class=\"button small blue\" href=\"https:\/\/www.centerforkeypopulations.com\/es_es\/our-populations\/\">Leer m\u00e1s<\/a><\/p>","protected":false},"author":15,"featured_media":0,"parent":0,"menu_order":0,"comment_status":"closed","ping_status":"closed","template":"","meta":{"footnotes":""},"class_list":["post-68","page","type-page","status-publish","hentry"],"_links":{"self":[{"href":"https:\/\/www.centerforkeypopulations.com\/es_es\/wp-json\/wp\/v2\/pages\/68","targetHints":{"allow":["GET"]}}],"collection":[{"href":"https:\/\/www.centerforkeypopulations.com\/es_es\/wp-json\/wp\/v2\/pages"}],"about":[{"href":"https:\/\/www.centerforkeypopulations.com\/es_es\/wp-json\/wp\/v2\/types\/page"}],"author":[{"embeddable":true,"href":"https:\/\/www.centerforkeypopulations.com\/es_es\/wp-json\/wp\/v2\/users\/15"}],"replies":[{"embeddable":true,"href":"https:\/\/www.centerforkeypopulations.com\/es_es\/wp-json\/wp\/v2\/comments?post=68"}],"version-history":[{"count":6,"href":"https:\/\/www.centerforkeypopulations.com\/es_es\/wp-json\/wp\/v2\/pages\/68\/revisions"}],"predecessor-version":[{"id":1247,"href":"https:\/\/www.centerforkeypopulations.com\/es_es\/wp-json\/wp\/v2\/pages\/68\/revisions\/1247"}],"wp:attachment":[{"href":"https:\/\/www.centerforkeypopulations.com\/es_es\/wp-json\/wp\/v2\/media?parent=68"}],"curies":[{"name":"wp","href":"https:\/\/api.w.org\/{rel}","templated":true}]}}