{"id":229,"date":"2018-06-27T15:38:35","date_gmt":"2018-06-27T15:38:35","guid":{"rendered":"https:\/\/www.centerforkeypopulations.com\/?page_id=229"},"modified":"2025-01-18T12:06:12","modified_gmt":"2025-01-18T17:06:12","slug":"hiv-primary-care-testing","status":"publish","type":"page","link":"https:\/\/www.centerforkeypopulations.com\/es_es\/hiv-primary-care-testing\/","title":{"rendered":"Atenci\u00f3n primaria de VIH y servicios de VIH\/SIDA Ryan White"},"content":{"rendered":"<h4 style=\"text-align: center;\"><span style=\"color: #000000;\">Brindamos atenci\u00f3n del VIH en todos nuestros sitios de atenci\u00f3n primaria en todo el estado. Si le acaban de diagnosticar el VIH o si necesita control y tratamiento continuos del VIH,<\/span> nuestros proveedores de CKP est\u00e1n aqu\u00ed para ayudar. Adem\u00e1s de la administraci\u00f3n de la atenci\u00f3n del VIH, se brindan servicios de atenci\u00f3n primaria, de salud del comportamiento y dentales.<\/h4>\n<h4 style=\"text-align: center;\"><u>Proveedores de CKP<\/u><\/h4>\n<h4 style=\"text-align: center;\">Dr. Marwan Haddad, MD, MPH, AAHIVS, director m\u00e9dico<\/h4>\n<h4 style=\"text-align: center;\">Jeannie McIntosh, APRN<\/h4>\n<h4 style=\"text-align: center;\">Lucy Ehrenfeld, APRN<\/h4>\n<h4 style=\"text-align: center;\">Marlene Edelstein, APRN<\/h4>\n<h4 style=\"text-align: center;\"><u>Personal cl\u00ednico de CKP<\/u><\/h4>\n<h4 style=\"text-align: center;\">Bernie Delgado, supervisor de enfermer\u00eda<\/h4>\n<h4 style=\"text-align: center;\">Chloe Andree, enfermera<\/h4>\n<h4 style=\"text-align: center;\">David Papcin<\/h4>\n<h4 style=\"text-align: center;\">Valerie Walton, enfermera titulada<\/h4>\n<h4 style=\"text-align: center;\">Denise Tafeni, senior MA II<\/h4>\n<h3 style=\"text-align: center;\"><span style=\"color: #00ccff;\"><em>Comun\u00edquese con cualquier pregunta o inquietud.<\/em><\/span><\/h3>\n<hr \/>\n<h4 style=\"text-align: center;\">Atenci\u00f3n del VIH: comun\u00edquese con Aubree Buccino, coordinadora del programa CBS, 475-301-3693 (<a href=\"mailto:buccina@chc1.com\">buccina@chc1.com<\/a>)<\/h4>\n<hr \/>\n\n\n<h3 class=\"wp-block-heading has-text-align-center\"><strong>Programa de servicios de VIH\/SIDA Ryan White<\/strong><\/h3>\n\n\n<div class=\"wp-block-image\">\n<figure class=\"aligncenter size-full is-resized\"><img loading=\"lazy\" decoding=\"async\" width=\"864\" height=\"486\" src=\"https:\/\/www.centerforkeypopulations.com\/wp-content\/uploads\/2023\/02\/Ryan-White-Program.png\" alt=\"\" class=\"wp-image-704\" style=\"width:432px;height:243px\" srcset=\"https:\/\/www.centerforkeypopulations.com\/wp-content\/uploads\/2023\/02\/Ryan-White-Program.png 864w, https:\/\/www.centerforkeypopulations.com\/wp-content\/uploads\/2023\/02\/Ryan-White-Program-300x169.png 300w, https:\/\/www.centerforkeypopulations.com\/wp-content\/uploads\/2023\/02\/Ryan-White-Program-768x432.png 768w\" sizes=\"auto, (max-width: 864px) 100vw, 864px\" \/><\/figure>\n<\/div>\n\n\n<p><\/p>\n\n\n\n<div class=\"wp-block-group\"><div class=\"wp-block-group__inner-container is-layout-constrained wp-block-group-is-layout-constrained\">\n<h4 class=\"wp-block-heading\"><strong>El programa Ryan White HIV\/AIDS Services brinda tratamiento completo primario y especializado de VIH\/SIDA y servicios relacionados a personas que viven con VIH\/SIDA que no tienen seguro o tienen seguro insuficiente. Este programa incluye los siguientes servicios:<\/strong><\/h4>\n\n\n\n<p class=\"has-text-align-center\"><strong>tratamiento y apoyo para el VIH<\/strong><\/p>\n\n\n\n<p class=\"has-text-align-center\"><strong>Manejo de casos m\u00e9dicos<\/strong><\/p>\n\n\n\n<p class=\"has-text-align-center\"><strong>Coordinaci\u00f3n de cuidados<\/strong><\/p>\n\n\n\n<p class=\"has-text-align-center\"><strong>Consejer\u00eda de adherencia<\/strong><\/p>\n\n\n\n<p class=\"has-text-align-center\"><strong>Servicios de prevenci\u00f3n<\/strong><\/p>\n\n\n\n<p class=\"has-text-align-center\"><strong>Alcance comunitario y educaci\u00f3n<\/strong><\/p>\n<\/div><\/div>\n\n\n\n<h4 class=\"wp-block-heading\">Brindamos atenci\u00f3n para el VIH en todos nuestros sitios de atenci\u00f3n primaria en todo el estado. Si le han diagnosticado recientemente el VIH o si necesita control y tratamiento continuos del VIH, nuestros proveedores de CKP est\u00e1n aqu\u00ed para ayudarle. Adem\u00e1s de la gesti\u00f3n de la atenci\u00f3n del VIH, se brindan servicios de atenci\u00f3n primaria, salud conductual y dentales.<\/h4>\n\n\n\n<h4 class=\"wp-block-heading has-text-align-center\">Administradores de casos de Ryan White<\/h4>\n\n\n\n<div class=\"wp-block-group\"><div class=\"wp-block-group__inner-container is-layout-constrained wp-block-group-is-layout-constrained\">\n<div class=\"wp-block-group\"><div class=\"wp-block-group__inner-container is-layout-constrained wp-block-group-is-layout-constrained\">\n<p class=\"has-text-align-center\"><strong>Aubree Buccino, coordinadora del programa CBS, 475-301-3693 (<a href=\"mailto:buccina@chc1.com\">buccina@chc1.com<\/a>)<\/strong><\/p>\n\n\n\n<h4 class=\"wp-block-heading has-text-align-center\"><strong>Cairo Romageura, administrador de casos, 860.347.6971 x3368 (<a href=\"mailto:romaguc@chc1.com\" target=\"_blank\" rel=\"noreferrer noopener\">romaguc@chc1.com<\/a>)<\/strong><\/h4>\n\n\n\n<h4 class=\"wp-block-heading has-text-align-center\"><strong>Teaurean Nolan, administrador de casos de New London 203.985.9315 (<a href=\"mailto:nolant@chc1.com\" target=\"_blank\" rel=\"noreferrer noopener\">nolant@chc1.com<\/a>)<\/strong><\/h4>\n<\/div><\/div>\n<\/div><\/div>\n\n\n\n<h3 class=\"wp-block-heading\"><em>Comun\u00edquese con cualquier pregunta o inquietud.<\/em><\/h3>\n\n\n\n<hr class=\"wp-block-separator has-alpha-channel-opacity\"\/>\n\n\n\n<h4 class=\"wp-block-heading\">Atenci\u00f3n del VIH: comun\u00edquese con Aubree Buccino, coordinadora del programa CBS, 475-301-3693 (<a href=\"mailto:buccina@chc1.com\">buccina@chc1.com<\/a>)<\/h4>\n\n\n\n<hr class=\"wp-block-separator has-alpha-channel-opacity\"\/>\n\n\n\n<p><\/p>\n\n\n\n<p class=\"has-text-align-center has-text-color\" style=\"color:#00ccff\"><\/p>\n\n\n\n<p><\/p>","protected":false},"excerpt":{"rendered":"<p>Brindamos atenci\u00f3n para el VIH en todos nuestros sitios de atenci\u00f3n primaria en todo el estado. Si le han diagnosticado recientemente el VIH o si necesita control y tratamiento continuos del VIH, nuestros proveedores de CKP est\u00e1n aqu\u00ed para ayudarle. Adem\u00e1s de la gesti\u00f3n de la atenci\u00f3n del VIH, se brindan servicios de atenci\u00f3n primaria, salud conductual y dentales. Proveedores de CKP Dr. Marwan\u2026 <br \/> <a class=\"button small blue\" href=\"https:\/\/www.centerforkeypopulations.com\/es_es\/hiv-primary-care-testing\/\">Leer m\u00e1s<\/a><\/p>","protected":false},"author":15,"featured_media":47,"parent":0,"menu_order":0,"comment_status":"closed","ping_status":"closed","template":"","meta":{"footnotes":""},"class_list":["post-229","page","type-page","status-publish","has-post-thumbnail","hentry"],"_links":{"self":[{"href":"https:\/\/www.centerforkeypopulations.com\/es_es\/wp-json\/wp\/v2\/pages\/229","targetHints":{"allow":["GET"]}}],"collection":[{"href":"https:\/\/www.centerforkeypopulations.com\/es_es\/wp-json\/wp\/v2\/pages"}],"about":[{"href":"https:\/\/www.centerforkeypopulations.com\/es_es\/wp-json\/wp\/v2\/types\/page"}],"author":[{"embeddable":true,"href":"https:\/\/www.centerforkeypopulations.com\/es_es\/wp-json\/wp\/v2\/users\/15"}],"replies":[{"embeddable":true,"href":"https:\/\/www.centerforkeypopulations.com\/es_es\/wp-json\/wp\/v2\/comments?post=229"}],"version-history":[{"count":25,"href":"https:\/\/www.centerforkeypopulations.com\/es_es\/wp-json\/wp\/v2\/pages\/229\/revisions"}],"predecessor-version":[{"id":1203,"href":"https:\/\/www.centerforkeypopulations.com\/es_es\/wp-json\/wp\/v2\/pages\/229\/revisions\/1203"}],"wp:featuredmedia":[{"embeddable":true,"href":"https:\/\/www.centerforkeypopulations.com\/es_es\/wp-json\/wp\/v2\/media\/47"}],"wp:attachment":[{"href":"https:\/\/www.centerforkeypopulations.com\/es_es\/wp-json\/wp\/v2\/media?parent=229"}],"curies":[{"name":"wp","href":"https:\/\/api.w.org\/{rel}","templated":true}]}}