{"id":1329,"date":"2025-07-15T21:05:15","date_gmt":"2025-07-16T01:05:15","guid":{"rendered":"https:\/\/www.centerforkeypopulations.com\/?page_id=1329"},"modified":"2025-10-02T23:03:40","modified_gmt":"2025-10-03T03:03:40","slug":"empowering-equity-a-dignity-grows-chapter","status":"publish","type":"page","link":"https:\/\/www.centerforkeypopulations.com\/es_es\/empowering-equity-a-dignity-grows-chapter\/","title":{"rendered":"Fortaleciendo la equidad: un cap\u00edtulo de Dignity Grows"},"content":{"rendered":"<div class=\"wp-block-group\"><div class=\"wp-block-group__inner-container is-layout-constrained wp-block-group-is-layout-constrained\">\n<div class=\"wp-block-columns is-layout-flex wp-container-core-columns-is-layout-9d6595d7 wp-block-columns-is-layout-flex\">\n<div class=\"wp-block-column is-layout-flow wp-block-column-is-layout-flow\" style=\"flex-basis:66.66%\">\n<p>\u201cLa pobreza menstrual es un problema generalizado que experimentan m\u00e1s de un tercio de las mujeres estadounidenses en alg\u00fan momento de sus vidas\u201d.<sup><a href=\"#footnote\">1<\/a><\/sup><\/p>\n\n\n\n<p>Dignity Grows es una organizaci\u00f3n nacional que trabaja para abordar esta situaci\u00f3n proporcionando productos de higiene personal y menstrual. Cada bolsa reutilizable de Dignity Grows contiene un suministro mensual de productos menstruales, champ\u00fa, jab\u00f3n, pasta de dientes, desodorante, toallitas h\u00famedas y un cepillo de dientes. Como cap\u00edtulo, recaudamos fondos, empaquetamos y distribuimos bolsas a nuestros pacientes y a trav\u00e9s de socios de distribuci\u00f3n en nuestra comunidad.<\/p>\n\n\n\n<div class=\"wp-block-buttons is-layout-flex wp-block-buttons-is-layout-flex\">\n<div class=\"wp-block-button custom-donate-btn\"><a class=\"wp-block-button__link has-white-color has-text-color has-background has-link-color has-medium-font-size has-custom-font-size wp-element-button\" href=\"https:\/\/host.nxt.blackbaud.com\/donor-form?svcid=renxt&amp;formId=7b63aa04-12d5-45c3-a7bc-5b0b9002d38b&amp;envid=p-WR0AqOQHrEenhvA7HqI6qQ&amp;zone=usa\" style=\"background-color:#51a933\" target=\"_blank\" rel=\"noreferrer noopener\"><strong>Donar t<\/strong>o <strong>La dignidad crece<\/strong><\/a><\/div>\n<\/div>\n\n\n\n<p>Hay muchas maneras de participar:<\/p>\n\n\n\n<ol class=\"wp-block-list\">\n<li>Patrocina una bolsa<\/li>\n\n\n\n<li>Sea voluntario con nosotros<\/li>\n\n\n\n<li>Organiza una fiesta de embalaje<\/li>\n\n\n\n<li>\u00a1Y m\u00e1s!<\/li>\n<\/ol>\n\n\n\n<p><strong>Miembros del comit\u00e9:<\/strong><\/p>\n\n\n\n<p>Cassie Johnson, presidenta de recaudaci\u00f3n de fondos,&nbsp;<a href=\"mailto:johnsoca@chc1.com\">johnsoca@chc1.com<\/a><\/p>\n\n\n\n<p>Tonee Corlette, presidenta de distribuci\u00f3n,&nbsp;<a href=\"mailto:corlett@chc1.com\">corlett@chc1.com<\/a><\/p>\n\n\n\n<p>Anna Rogers<\/p>\n\n\n\n<p>Kasey Harding<\/p>\n\n\n\n<p>Kennedy Porter<\/p>\n\n\n\n<p>Lilla Powers<\/p>\n\n\n\n<p>Perla Morosky<\/p>\n\n\n\n<p>Si est\u00e1 interesado en participar, comun\u00edquese con Cassie Johnson en <a href=\"mailto:dignitygrows@chc1.com\">dignitygrows@chc1.com<\/a> o 475-318-2781<\/p>\n\n\n\n<p><a name=\"footnote\"><sup>1 <\/sup><\/a>Dignity Grows Inc., Tolman, Bailey, Laryea, Carroll y Chernikoff. (2023). Pobreza menstrual en Estados Unidos. Dignity Grows Inc. <a href=\"https:\/\/dignitygrows.org\/periodpovertyinamerica\/\" target=\"-blank\">https:\/\/dignitygrows.org\/periodpovertyinamerica\/<\/a><\/p>\n<\/div>\n\n\n\n<div class=\"wp-block-column is-layout-flow wp-block-column-is-layout-flow\" style=\"flex-basis:33.33%\">\n<figure class=\"wp-block-image size-large\"><img loading=\"lazy\" decoding=\"async\" width=\"1024\" height=\"683\" src=\"https:\/\/www.centerforkeypopulations.com\/wp-content\/uploads\/2025\/07\/dignitygrows-logo-1200x800-1-1024x683.webp\" alt=\"dignitygrows logo\" class=\"wp-image-1363\" srcset=\"https:\/\/www.centerforkeypopulations.com\/wp-content\/uploads\/2025\/07\/dignitygrows-logo-1200x800-1-1024x683.webp 1024w, https:\/\/www.centerforkeypopulations.com\/wp-content\/uploads\/2025\/07\/dignitygrows-logo-1200x800-1-300x200.webp 300w, https:\/\/www.centerforkeypopulations.com\/wp-content\/uploads\/2025\/07\/dignitygrows-logo-1200x800-1-768x512.webp 768w, https:\/\/www.centerforkeypopulations.com\/wp-content\/uploads\/2025\/07\/dignitygrows-logo-1200x800-1-18x12.webp 18w, https:\/\/www.centerforkeypopulations.com\/wp-content\/uploads\/2025\/07\/dignitygrows-logo-1200x800-1.webp 1200w\" sizes=\"auto, (max-width: 1024px) 100vw, 1024px\" \/><\/figure>\n<\/div>\n<\/div>\n<\/div><\/div>\n\n\n\n<p><\/p>","protected":false},"excerpt":{"rendered":"<p>La pobreza menstrual es un problema generalizado que afecta a m\u00e1s de un tercio de las mujeres estadounidenses en alg\u00fan momento de su vida.&lt;sup&gt;1&lt;\/sup&gt; Dignity Grows es una organizaci\u00f3n nacional que trabaja para combatir esta problem\u00e1tica proporcionando productos de higiene personal y menstrual. Cada bolsa reutilizable de Dignity Grows contiene un suministro mensual de productos menstruales, champ\u00fa, jab\u00f3n, pasta de dientes, desodorante\u2026 <br \/> <a class=\"button small blue\" href=\"https:\/\/www.centerforkeypopulations.com\/es_es\/empowering-equity-a-dignity-grows-chapter\/\">Leer m\u00e1s<\/a><\/p>","protected":false},"author":15,"featured_media":1333,"parent":0,"menu_order":0,"comment_status":"closed","ping_status":"closed","template":"","meta":{"footnotes":""},"class_list":["post-1329","page","type-page","status-publish","has-post-thumbnail","hentry"],"_links":{"self":[{"href":"https:\/\/www.centerforkeypopulations.com\/es_es\/wp-json\/wp\/v2\/pages\/1329","targetHints":{"allow":["GET"]}}],"collection":[{"href":"https:\/\/www.centerforkeypopulations.com\/es_es\/wp-json\/wp\/v2\/pages"}],"about":[{"href":"https:\/\/www.centerforkeypopulations.com\/es_es\/wp-json\/wp\/v2\/types\/page"}],"author":[{"embeddable":true,"href":"https:\/\/www.centerforkeypopulations.com\/es_es\/wp-json\/wp\/v2\/users\/15"}],"replies":[{"embeddable":true,"href":"https:\/\/www.centerforkeypopulations.com\/es_es\/wp-json\/wp\/v2\/comments?post=1329"}],"version-history":[{"count":12,"href":"https:\/\/www.centerforkeypopulations.com\/es_es\/wp-json\/wp\/v2\/pages\/1329\/revisions"}],"predecessor-version":[{"id":1402,"href":"https:\/\/www.centerforkeypopulations.com\/es_es\/wp-json\/wp\/v2\/pages\/1329\/revisions\/1402"}],"wp:featuredmedia":[{"embeddable":true,"href":"https:\/\/www.centerforkeypopulations.com\/es_es\/wp-json\/wp\/v2\/media\/1333"}],"wp:attachment":[{"href":"https:\/\/www.centerforkeypopulations.com\/es_es\/wp-json\/wp\/v2\/media?parent=1329"}],"curies":[{"name":"wp","href":"https:\/\/api.w.org\/{rel}","templated":true}]}}