{"id":1321,"date":"2025-06-17T14:34:04","date_gmt":"2025-06-17T18:34:04","guid":{"rendered":"https:\/\/www.centerforkeypopulations.com\/?page_id=1321"},"modified":"2025-06-17T14:34:04","modified_gmt":"2025-06-17T18:34:04","slug":"women-in-transition-wit","status":"publish","type":"page","link":"https:\/\/www.centerforkeypopulations.com\/es_es\/women-in-transition-wit\/","title":{"rendered":"Mujeres en Transici\u00f3n (WIT)"},"content":{"rendered":"<p>El programa Mujeres en Transici\u00f3n (WIT) de CHC est\u00e1 aqu\u00ed para ayudar a las mujeres que son liberadas del Instituto Correccional de York en la transici\u00f3n de Niantic.&nbsp;<\/p>\n\n\n\n<p>Nuestros gestores de casos de transici\u00f3n altamente capacitados ayudan a los clientes de WIT a acceder a atenci\u00f3n m\u00e9dica y otros servicios esenciales. Podemos ayudarles a acceder a atenci\u00f3n primaria, salud conductual, atenci\u00f3n dental, apoyo para el consumo de sustancias, apoyo para el transporte, apoyo para la reunificaci\u00f3n familiar y mucho m\u00e1s.\u00a0<\/p>\n\n\n\n<p>Si conoce a una mujer que ser\u00e1 liberada en los pr\u00f3ximos 90 d\u00edas del Instituto Correccional de York y que podr\u00eda beneficiarse de nuestros servicios, comun\u00edquese con nosotros mediante la siguiente informaci\u00f3n.&nbsp;<\/p>\n\n\n\n<p>Si est\u00e1 interesado en obtener m\u00e1s informaci\u00f3n sobre el programa, comun\u00edquese con nosotros en\u00a0<a href=\"mailto:wit@chc1.com\">ingenio@chc1.com<\/a>\u00a0o (475) 253-8908.\u00a0<\/p>\n\n\n\n<p><\/p>","protected":false},"excerpt":{"rendered":"<p>El programa Mujeres en Transici\u00f3n (WIT) de CHC est\u00e1 aqu\u00ed para ayudar a las mujeres que salen del Instituto Correccional York en Niantic en su transici\u00f3n. Nuestros gestores de casos de transici\u00f3n altamente capacitados ayudan a las usuarias de WIT a conectarse con atenci\u00f3n m\u00e9dica y otros servicios esenciales. Podemos ayudar a las usuarias a conectarse con atenci\u00f3n primaria, atenci\u00f3n conductual, atenci\u00f3n dental, apoyo para el consumo de sustancias, apoyo para el transporte, reunificaci\u00f3n familiar... <br \/> <a class=\"button small blue\" href=\"https:\/\/www.centerforkeypopulations.com\/es_es\/women-in-transition-wit\/\">Leer m\u00e1s<\/a><\/p>","protected":false},"author":14,"featured_media":0,"parent":0,"menu_order":0,"comment_status":"closed","ping_status":"closed","template":"","meta":{"footnotes":""},"class_list":["post-1321","page","type-page","status-publish","hentry"],"_links":{"self":[{"href":"https:\/\/www.centerforkeypopulations.com\/es_es\/wp-json\/wp\/v2\/pages\/1321","targetHints":{"allow":["GET"]}}],"collection":[{"href":"https:\/\/www.centerforkeypopulations.com\/es_es\/wp-json\/wp\/v2\/pages"}],"about":[{"href":"https:\/\/www.centerforkeypopulations.com\/es_es\/wp-json\/wp\/v2\/types\/page"}],"author":[{"embeddable":true,"href":"https:\/\/www.centerforkeypopulations.com\/es_es\/wp-json\/wp\/v2\/users\/14"}],"replies":[{"embeddable":true,"href":"https:\/\/www.centerforkeypopulations.com\/es_es\/wp-json\/wp\/v2\/comments?post=1321"}],"version-history":[{"count":2,"href":"https:\/\/www.centerforkeypopulations.com\/es_es\/wp-json\/wp\/v2\/pages\/1321\/revisions"}],"predecessor-version":[{"id":1323,"href":"https:\/\/www.centerforkeypopulations.com\/es_es\/wp-json\/wp\/v2\/pages\/1321\/revisions\/1323"}],"wp:attachment":[{"href":"https:\/\/www.centerforkeypopulations.com\/es_es\/wp-json\/wp\/v2\/media?parent=1321"}],"curies":[{"name":"wp","href":"https:\/\/api.w.org\/{rel}","templated":true}]}}